{"id":29531,"date":"2024-10-27T10:37:57","date_gmt":"2024-10-27T08:37:57","guid":{"rendered":"https:\/\/pomello.ee\/toode\/inlei-puhdistusvaahto-rose-100ml\/"},"modified":"2024-10-27T10:37:57","modified_gmt":"2024-10-27T07:37:57","slug":"inlei-puhdistusvaahto-rose-100ml","status":"publish","type":"product","link":"https:\/\/pomello.ee\/fi\/toode\/inlei-puhdistusvaahto-rose-100ml\/","title":{"rendered":"InLei Puhdistusvaahto Rose 100ml"},"content":{"rendered":"<p>Vaahto sopii erinomaisesti kuivalle ja \u00e4rtyneelle iholle. Siin\u00e4 on herkin ruusun tuoksu, joka muuttaa pesuprosessin todelliseksi SPA-hoidoksi!<\/p>\n<p>\u00d6ljyt\u00f6n &#8211; ihanteellinen k\u00e4ytett\u00e4v\u00e4ksi ripsienpidennysten kanssa.<\/p>\n<p>Suositellaan k\u00e4ytett\u00e4v\u00e4ksi p\u00e4ivitt\u00e4in ja InLei\u00ae &#8221;Lash Filler&#8221; -toimenpiteen j\u00e4lkeen tukemaan luonnollisia terveit\u00e4 ripsi\u00e4 ja kulmakarvoja. Suojaa t\u00e4yteainetta ja maalia huuhtoutumiselta; ripsienpidennyksill\u00e4 erityinen \u00f6ljyt\u00f6n koostumus pident\u00e4\u00e4 liiman kestoa.<\/p>\n","protected":false},"excerpt":{"rendered":"<p>InLei puhdistusvaahto Rose sis\u00e4lt\u00e4\u00e4 vaikuttavana aineena Rosa Damascoa (Damaskoksen ruusu), joka on tehokas ja universaali kasvojenhoitotuote: se s\u00e4vytt\u00e4\u00e4 ja puhdistaa ihoa, antaa joustavuutta ja ehk\u00e4isee tehokkaasti ik\u00e4\u00e4ntymist\u00e4. Vaahto puhdistaa ja hoitaa hell\u00e4varaisesti ripsien ja kulmakarvojen karvoja, on tarkoitettu kasvojen ja silm\u00e4nymp\u00e4rysihojen p\u00e4ivitt\u00e4iseen hoitoon ja sit\u00e4 k\u00e4ytet\u00e4\u00e4n my\u00f6s silm\u00e4nymp\u00e4rysihon puhdistamiseen ennen toimenpiteit\u00e4<\/p>\n","protected":false},"featured_media":29526,"comment_status":"open","ping_status":"closed","template":"","meta":{"_monsterinsights_skip_tracking":false,"_monsterinsights_sitenote_active":false,"_monsterinsights_sitenote_note":"","_monsterinsights_sitenote_category":0},"product_brand":[],"product_cat":[476,518,915,520,475],"product_tag":[],"class_list":{"0":"post-29531","1":"product","2":"type-product","3":"status-publish","4":"has-post-thumbnail","6":"product_cat-kulmakarvat","7":"product_cat-jalkihoito","8":"product_cat-esi-ja-jalkihoito","9":"product_cat-puhdistustuotteet","10":"product_cat-ripset","11":"pa_brand-inlei-fi","12":"pa_suurus-100-ml-fi","14":"first","15":"outofstock","16":"taxable","17":"shipping-taxable","18":"purchasable","19":"product-type-simple"},"_links":{"self":[{"href":"https:\/\/pomello.ee\/fi\/wp-json\/wp\/v2\/product\/29531","targetHints":{"allow":["GET"]}}],"collection":[{"href":"https:\/\/pomello.ee\/fi\/wp-json\/wp\/v2\/product"}],"about":[{"href":"https:\/\/pomello.ee\/fi\/wp-json\/wp\/v2\/types\/product"}],"replies":[{"embeddable":true,"href":"https:\/\/pomello.ee\/fi\/wp-json\/wp\/v2\/comments?post=29531"}],"wp:featuredmedia":[{"embeddable":true,"href":"https:\/\/pomello.ee\/fi\/wp-json\/wp\/v2\/media\/29526"}],"wp:attachment":[{"href":"https:\/\/pomello.ee\/fi\/wp-json\/wp\/v2\/media?parent=29531"}],"wp:term":[{"taxonomy":"product_brand","embeddable":true,"href":"https:\/\/pomello.ee\/fi\/wp-json\/wp\/v2\/product_brand?post=29531"},{"taxonomy":"product_cat","embeddable":true,"href":"https:\/\/pomello.ee\/fi\/wp-json\/wp\/v2\/product_cat?post=29531"},{"taxonomy":"product_tag","embeddable":true,"href":"https:\/\/pomello.ee\/fi\/wp-json\/wp\/v2\/product_tag?post=29531"}],"curies":[{"name":"wp","href":"https:\/\/api.w.org\/{rel}","templated":true}]}}