{"id":29670,"date":"2024-11-07T10:35:54","date_gmt":"2024-11-07T08:35:54","guid":{"rendered":"https:\/\/pomello.ee\/toode\/noemi-color-care-shampoo-after-100ml\/"},"modified":"2025-01-20T10:33:50","modified_gmt":"2025-01-20T08:33:50","slug":"noemi-color-care-shampoo-after-100ml","status":"publish","type":"product","link":"https:\/\/pomello.ee\/fi\/toode\/noemi-color-care-shampoo-after-100ml\/","title":{"rendered":"NOEMI Color Care Shampoo After 100ml"},"content":{"rendered":"<p><strong>K\u00e4ytt\u00f6<\/strong>: Kun olet v\u00e4rj\u00e4nnyt kulmakarvat, huuhtele v\u00e4ri ensin pois vedell\u00e4. Levit\u00e4 sitten pieni m\u00e4\u00e4r\u00e4 Color Care Brow Shampoota kulmakarvoille, vaahdota hell\u00e4varaisin hierovin liikkein ja huuhtele huolellisesti vedell\u00e4. Saat parhaat tulokset viimeistelem\u00e4ll\u00e4 hoidon Color Care Maskilla.<\/p>\n<p>Pid\u00e4 kulmakarvoistasi huolta saadaksesi pitk\u00e4kestoisen ja kirkkaan v\u00e4rin!<\/p>\n<p><strong>PS:<\/strong> Kyll\u00e4, sopii my\u00f6s ripsiin, jos haluat samanv\u00e4risen suojan ja hoidon ripsille.<\/p>\n","protected":false},"excerpt":{"rendered":"<p><strong>Noemi Color Care Brow Shampoo &#8211; t\u00e4ydellinen v\u00e4rihoito kulmakarvoille!<\/strong> Color Care Brow Shampoo on erityisesti suunniteltu kulmakarvojen v\u00e4rin hoitoon, se toimii v\u00e4rin vakauttajana ja tekee v\u00e4rj\u00e4ysprosessista entist\u00e4 tehokkaamman. T\u00e4m\u00e4 hell\u00e4varainen shampoo poistaa hell\u00e4varaisesti kaikki v\u00e4rij\u00e4\u00e4m\u00e4t pilaamatta v\u00e4rin voimakkuutta hiuksista tai ihosta. Neutraloimalla v\u00e4rj\u00e4yksen aikana syntyneet alkaliset j\u00e4\u00e4m\u00e4t, t\u00e4m\u00e4 shampoo auttaa s\u00e4ilytt\u00e4m\u00e4\u00e4n kirkkaan ja pitk\u00e4kestoisen kulmakarvojen s\u00e4vyn.<\/p>\n<p>&nbsp;<\/p>\n<p>Anna kulmakarvoillesi t\u00e4ydellinen viimeistely ja pysyv\u00e4 v\u00e4risuoja &#8211; Color Care Brow Shampoo takaa kauniin lopputuloksen, joka kest\u00e4\u00e4!<\/p>\n<p>&nbsp;<\/p>\n<p>pH: 4,0<\/p>\n","protected":false},"featured_media":29661,"comment_status":"open","ping_status":"closed","template":"","meta":{"_monsterinsights_skip_tracking":false,"_monsterinsights_sitenote_active":false,"_monsterinsights_sitenote_note":"","_monsterinsights_sitenote_category":0},"product_brand":[],"product_cat":[476,915,917],"product_tag":[],"class_list":{"0":"post-29670","1":"product","2":"type-product","3":"status-publish","4":"has-post-thumbnail","6":"product_cat-kulmakarvat","7":"product_cat-esi-ja-jalkihoito","8":"product_cat-jalkihoito-fi","9":"pa_brand-noemi-fi","10":"pa_suurus-100-ml-fi","12":"first","13":"instock","14":"taxable","15":"shipping-taxable","16":"purchasable","17":"product-type-simple"},"_links":{"self":[{"href":"https:\/\/pomello.ee\/fi\/wp-json\/wp\/v2\/product\/29670","targetHints":{"allow":["GET"]}}],"collection":[{"href":"https:\/\/pomello.ee\/fi\/wp-json\/wp\/v2\/product"}],"about":[{"href":"https:\/\/pomello.ee\/fi\/wp-json\/wp\/v2\/types\/product"}],"replies":[{"embeddable":true,"href":"https:\/\/pomello.ee\/fi\/wp-json\/wp\/v2\/comments?post=29670"}],"wp:featuredmedia":[{"embeddable":true,"href":"https:\/\/pomello.ee\/fi\/wp-json\/wp\/v2\/media\/29661"}],"wp:attachment":[{"href":"https:\/\/pomello.ee\/fi\/wp-json\/wp\/v2\/media?parent=29670"}],"wp:term":[{"taxonomy":"product_brand","embeddable":true,"href":"https:\/\/pomello.ee\/fi\/wp-json\/wp\/v2\/product_brand?post=29670"},{"taxonomy":"product_cat","embeddable":true,"href":"https:\/\/pomello.ee\/fi\/wp-json\/wp\/v2\/product_cat?post=29670"},{"taxonomy":"product_tag","embeddable":true,"href":"https:\/\/pomello.ee\/fi\/wp-json\/wp\/v2\/product_tag?post=29670"}],"curies":[{"name":"wp","href":"https:\/\/api.w.org\/{rel}","templated":true}]}}