{"id":29672,"date":"2024-11-07T10:53:47","date_gmt":"2024-11-07T08:53:47","guid":{"rendered":"https:\/\/pomello.ee\/toode\/noemi-color-care-mask-50ml\/"},"modified":"2024-11-07T10:53:47","modified_gmt":"2024-11-07T07:53:47","slug":"noemi-color-care-mask-50ml","status":"publish","type":"product","link":"https:\/\/pomello.ee\/fi\/toode\/noemi-color-care-mask-50ml\/","title":{"rendered":"NOEMI Color Care Mask 50ml"},"content":{"rendered":"<p><strong>K\u00e4ytt\u00f6:<\/strong> Levit\u00e4 Color Care Mask pestyihin ja kuiviin kulmakarvoihin. Anna naamion vaikuttaa 3-5 minuuttia, jopa 10 minuuttia intensiivisempien tulosten saavuttamiseksi, ja huuhtele sitten huolellisesti vedell\u00e4. Lis\u00e4vaikutuksen saavuttamiseksi voit k\u00e4ytt\u00e4\u00e4 kalvoa, varsinkin jos huoneen l\u00e4mp\u00f6tila on alle 23 astetta.<\/p>\n<p><strong>Vinkki:<\/strong> Saat parhaan tuloksen k\u00e4ytt\u00e4m\u00e4ll\u00e4 naamiota Color Care -shampoolla pesun j\u00e4lkeen.<\/p>\n","protected":false},"excerpt":{"rendered":"<p><strong>Noemi Color Care Mask &#8211; t\u00e4ydellinen apu v\u00e4rj\u00e4tyille kulmakarvoille, joka ravitsee ja suojaa v\u00e4ri\u00e4!<\/strong> Color Care Mask on erityisesti suunniteltu palauttamaan kulmakarvojen rakenne ja varmistamaan v\u00e4rin suojan. Sen rikas koostumus ravitsee kulmakarvoja tehden niist\u00e4 joustavia, sileit\u00e4 ja helposti muotoiltavia, samalla kun ne tarjoavat pitk\u00e4kestoista v\u00e4rikiiltoa.<\/p>\n<p>&nbsp;<\/p>\n<p><strong>Edut:<\/strong><\/p>\n<ul>\n<li>Syv\u00e4sti ravitseva, tasoittava ja harmonisoiva vaikutus.<\/li>\n<li>V\u00e4hent\u00e4\u00e4 kulmakarvojen huokoisuutta est\u00e4en kosteuden ja v\u00e4rin menetyst\u00e4.<\/li>\n<li>Ihanteellinen v\u00e4rj\u00e4yksen ja muiden kemiallisten toimenpiteiden j\u00e4lkeen.<\/li>\n<\/ul>\n<p>&nbsp;<\/p>\n<p>Naamio hoitaa v\u00e4rj\u00e4tyt kulmakarvat niin, ett\u00e4 ne ovat aina kauniin kiilt\u00e4v\u00e4t ja hyvin hoidetut!<\/p>\n","protected":false},"featured_media":29658,"comment_status":"open","ping_status":"closed","template":"","meta":{"_monsterinsights_skip_tracking":false,"_monsterinsights_sitenote_active":false,"_monsterinsights_sitenote_note":"","_monsterinsights_sitenote_category":0},"product_brand":[],"product_cat":[915,917,512],"product_tag":[],"class_list":{"0":"post-29672","1":"product","2":"type-product","3":"status-publish","4":"has-post-thumbnail","6":"product_cat-esi-ja-jalkihoito","7":"product_cat-jalkihoito-fi","8":"product_cat-parhaat-tarjoukset","9":"pa_brand-noemi-fi","10":"pa_suurus-50-ml-fi","12":"first","13":"instock","14":"sale","15":"taxable","16":"shipping-taxable","17":"purchasable","18":"product-type-simple"},"_links":{"self":[{"href":"https:\/\/pomello.ee\/fi\/wp-json\/wp\/v2\/product\/29672","targetHints":{"allow":["GET"]}}],"collection":[{"href":"https:\/\/pomello.ee\/fi\/wp-json\/wp\/v2\/product"}],"about":[{"href":"https:\/\/pomello.ee\/fi\/wp-json\/wp\/v2\/types\/product"}],"replies":[{"embeddable":true,"href":"https:\/\/pomello.ee\/fi\/wp-json\/wp\/v2\/comments?post=29672"}],"wp:featuredmedia":[{"embeddable":true,"href":"https:\/\/pomello.ee\/fi\/wp-json\/wp\/v2\/media\/29658"}],"wp:attachment":[{"href":"https:\/\/pomello.ee\/fi\/wp-json\/wp\/v2\/media?parent=29672"}],"wp:term":[{"taxonomy":"product_brand","embeddable":true,"href":"https:\/\/pomello.ee\/fi\/wp-json\/wp\/v2\/product_brand?post=29672"},{"taxonomy":"product_cat","embeddable":true,"href":"https:\/\/pomello.ee\/fi\/wp-json\/wp\/v2\/product_cat?post=29672"},{"taxonomy":"product_tag","embeddable":true,"href":"https:\/\/pomello.ee\/fi\/wp-json\/wp\/v2\/product_tag?post=29672"}],"curies":[{"name":"wp","href":"https:\/\/api.w.org\/{rel}","templated":true}]}}