{"id":29674,"date":"2024-11-07T11:10:43","date_gmt":"2024-11-07T09:10:43","guid":{"rendered":"https:\/\/pomello.ee\/toode\/noemi-finish-gel-50ml\/"},"modified":"2026-02-03T21:30:02","modified_gmt":"2026-02-03T19:30:02","slug":"noemi-finish-gel-50ml","status":"publish","type":"product","link":"https:\/\/pomello.ee\/fi\/toode\/noemi-finish-gel-50ml\/","title":{"rendered":"NOEMI Finish Gel 50ml"},"content":{"rendered":"<p><strong>K\u00e4ytt\u00f6:<\/strong><br \/>\nLevit\u00e4 pieni m\u00e4\u00e4r\u00e4 geeli\u00e4 kulmakarvoille tasaisesti iholle ja hiuksille. <strong>\u00c4l\u00e4 huuhtele.<\/strong><\/p>\n","protected":false},"excerpt":{"rendered":"<p><strong>NOEMI Finish Gel \u2013 t\u00e4ydellinen viimeistely maalausprosessiin!<\/strong> T\u00e4m\u00e4 geeli kiinnitt\u00e4\u00e4 aktiiviset ainesosat ja s\u00e4ilytt\u00e4\u00e4 v\u00e4rin intensiivisyyden antaen kulmakarvoille pitk\u00e4kestoisen kiillon ja hyvin hoidetun ulkon\u00e4\u00f6n. Finish Gel tasoittaa hiuksia ja varmistaa kiilt\u00e4v\u00e4n tuloksen sek\u00e4 rauhoittaa ja kosteuttaa ihoa v\u00e4hent\u00e4en punoitusta toimenpiteen j\u00e4lkeen.<\/p>\n<p><strong>Edut<\/strong>:<\/p>\n<ul>\n<li>Kiinnitt\u00e4\u00e4 aktiiviset aineosat ja s\u00e4ilytt\u00e4\u00e4 v\u00e4rin voimakkuuden<\/li>\n<li>Silottaa ja antaa kiiltoa kulmakarvoille<\/li>\n<li>Kosteuttaa ihoa ja v\u00e4hent\u00e4\u00e4 punoitusta<\/li>\n<\/ul>\n","protected":false},"featured_media":29666,"comment_status":"open","ping_status":"closed","template":"","meta":{"_monsterinsights_skip_tracking":false,"_monsterinsights_sitenote_active":false,"_monsterinsights_sitenote_note":"","_monsterinsights_sitenote_category":0},"product_brand":[],"product_cat":[915,917,476],"product_tag":[],"class_list":{"0":"post-29674","1":"product","2":"type-product","3":"status-publish","4":"has-post-thumbnail","6":"product_cat-esi-ja-jalkihoito","7":"product_cat-jalkihoito-fi","8":"product_cat-kulmakarvat","9":"pa_brand-noemi-fi","10":"pa_suurus-30-ml-fi","12":"first","13":"instock","14":"taxable","15":"shipping-taxable","16":"purchasable","17":"product-type-simple"},"_links":{"self":[{"href":"https:\/\/pomello.ee\/fi\/wp-json\/wp\/v2\/product\/29674","targetHints":{"allow":["GET"]}}],"collection":[{"href":"https:\/\/pomello.ee\/fi\/wp-json\/wp\/v2\/product"}],"about":[{"href":"https:\/\/pomello.ee\/fi\/wp-json\/wp\/v2\/types\/product"}],"replies":[{"embeddable":true,"href":"https:\/\/pomello.ee\/fi\/wp-json\/wp\/v2\/comments?post=29674"}],"wp:featuredmedia":[{"embeddable":true,"href":"https:\/\/pomello.ee\/fi\/wp-json\/wp\/v2\/media\/29666"}],"wp:attachment":[{"href":"https:\/\/pomello.ee\/fi\/wp-json\/wp\/v2\/media?parent=29674"}],"wp:term":[{"taxonomy":"product_brand","embeddable":true,"href":"https:\/\/pomello.ee\/fi\/wp-json\/wp\/v2\/product_brand?post=29674"},{"taxonomy":"product_cat","embeddable":true,"href":"https:\/\/pomello.ee\/fi\/wp-json\/wp\/v2\/product_cat?post=29674"},{"taxonomy":"product_tag","embeddable":true,"href":"https:\/\/pomello.ee\/fi\/wp-json\/wp\/v2\/product_tag?post=29674"}],"curies":[{"name":"wp","href":"https:\/\/api.w.org\/{rel}","templated":true}]}}