{"id":29833,"date":"2024-11-23T10:52:01","date_gmt":"2024-11-23T08:52:01","guid":{"rendered":"https:\/\/pomello.ee\/toode\/elan-oxidant-1\/"},"modified":"2025-04-26T16:50:08","modified_gmt":"2025-04-26T14:50:08","slug":"elan-oxidant-1","status":"publish","type":"product","link":"https:\/\/pomello.ee\/fi\/toode\/elan-oxidant-1\/","title":{"rendered":"ELAN Oxidant 1%"},"content":{"rendered":"","protected":false},"excerpt":{"rendered":"<p><strong>\u00c9LAN Oxidant 1%<\/strong> on erityisesti suunniteltu k\u00e4ytett\u00e4v\u00e4ksi \u00c9LAN Brow Gel Tintin kanssa. Sen ainutlaatuinen koostumus varmistaa hell\u00e4varaisen mutta pitk\u00e4kestoisen kulmakarvojen v\u00e4rj\u00e4yksen ja pitk\u00e4kestoisen tuloksen my\u00f6s iholla.<\/p>\n<p>T\u00e4m\u00e4 aktivaattori on ihanteellinen ammattilaisille, sill\u00e4 voit saavuttaa tasaisen ja luonnollisen s\u00e4vyn ilman liiallista tummumista &#8211; erityisen t\u00e4rke\u00e4\u00e4 laminoitujen kulmien v\u00e4rj\u00e4yksess\u00e4. K\u00e4ytt\u00e4m\u00e4ll\u00e4 \u00c9LAN Oxidant 1% geeliv\u00e4ri\u00e4, tuloksena on kauniit ja hyvin hoidetut kulmakarvat, jotka kest\u00e4v\u00e4t pitk\u00e4\u00e4n ja tyydytt\u00e4v\u00e4t vaativimmankin asiakkaan.<\/p>\n<p><strong>Vain ammattik\u00e4ytt\u00f6\u00f6n.<\/strong><\/p>\n","protected":false},"featured_media":29831,"comment_status":"open","ping_status":"closed","template":"","meta":{"_monsterinsights_skip_tracking":false,"_monsterinsights_sitenote_active":false,"_monsterinsights_sitenote_note":"","_monsterinsights_sitenote_category":0},"product_brand":[],"product_cat":[476,901,479,478],"product_tag":[],"class_list":{"0":"post-29833","1":"product","2":"type-product","3":"status-publish","4":"has-post-thumbnail","6":"product_cat-kulmakarvat","7":"product_cat-developers","8":"product_cat-ripsien-ja-kulmakarvojen-varit-fi","9":"product_cat-ripsien-ja-kulmakarvojen-varit","10":"pa_brand-elan-fi","11":"pa_suurus-30-ml-fi","13":"first","14":"instock","15":"taxable","16":"shipping-taxable","17":"purchasable","18":"product-type-simple"},"_links":{"self":[{"href":"https:\/\/pomello.ee\/fi\/wp-json\/wp\/v2\/product\/29833","targetHints":{"allow":["GET"]}}],"collection":[{"href":"https:\/\/pomello.ee\/fi\/wp-json\/wp\/v2\/product"}],"about":[{"href":"https:\/\/pomello.ee\/fi\/wp-json\/wp\/v2\/types\/product"}],"replies":[{"embeddable":true,"href":"https:\/\/pomello.ee\/fi\/wp-json\/wp\/v2\/comments?post=29833"}],"wp:featuredmedia":[{"embeddable":true,"href":"https:\/\/pomello.ee\/fi\/wp-json\/wp\/v2\/media\/29831"}],"wp:attachment":[{"href":"https:\/\/pomello.ee\/fi\/wp-json\/wp\/v2\/media?parent=29833"}],"wp:term":[{"taxonomy":"product_brand","embeddable":true,"href":"https:\/\/pomello.ee\/fi\/wp-json\/wp\/v2\/product_brand?post=29833"},{"taxonomy":"product_cat","embeddable":true,"href":"https:\/\/pomello.ee\/fi\/wp-json\/wp\/v2\/product_cat?post=29833"},{"taxonomy":"product_tag","embeddable":true,"href":"https:\/\/pomello.ee\/fi\/wp-json\/wp\/v2\/product_tag?post=29833"}],"curies":[{"name":"wp","href":"https:\/\/api.w.org\/{rel}","templated":true}]}}