{"id":29837,"date":"2024-11-23T10:44:08","date_gmt":"2024-11-23T08:44:08","guid":{"rendered":"https:\/\/pomello.ee\/toode\/elan-brow-gel-tint\/"},"modified":"2025-04-26T16:50:09","modified_gmt":"2025-04-26T14:50:09","slug":"elan-brow-gel-tint","status":"publish","type":"product","link":"https:\/\/pomello.ee\/fi\/toode\/elan-brow-gel-tint\/","title":{"rendered":"ELAN Brow Gel Tint"},"content":{"rendered":"<p><strong>Kuinka k\u00e4ytt\u00e4\u00e4 ELAN Brow Gel Tint -j\u00e4rjestelm\u00e4\u00e4<\/strong><\/p>\n<p>Hell\u00e4varainen vaikutus ihoon: 3-5 minuuttia<br \/>\nKeskim\u00e4\u00e4r\u00e4inen vaikutus ihoon: 5-8 minuuttia<br \/>\nVoimakas vaikutus ihoon: 8-10 minuuttia<\/p>\n<p>HUOM! S\u00e4vytett\u00e4ess\u00e4 geeli hapettuu nopeasti harmaaksi &#8211; t\u00e4m\u00e4 on normaalia. Lopputuloksena on kaunis neutraali s\u00e4vy.<\/p>\n<p><strong>KULMAKULMIEN V\u00c4RIJ\u00c4N ASKEET<\/strong><\/p>\n<p>1. Kulmakarvojen v\u00e4rj\u00e4yksen valmistelu<br \/>\nPuhdista kulmakarvat ja iho ELAN Detox Moussella. Poista vaahto vedell\u00e4 kostutetulla vanulapulla.<\/p>\n<p>2. Kulmien muotoilu<br \/>\nMuotoile kulmakarvat haluttuun muotoon sopivilla ty\u00f6kaluilla tai v\u00e4lineill\u00e4.<\/p>\n<p>3. Maaliseoksen valmistus<br \/>\nSekoita Brow Gel Tint ja \u00c9LAN 1 % vedyn kanssa suhteessa 1:1 ei-metallisessa astiassa.<\/p>\n<p>Huomautus: Vedyn m\u00e4\u00e4r\u00e4 ei vaikuta v\u00e4rin voimakkuuteen.<br \/>\nAvoimen s\u00e4vyn v\u00e4ri voi vaihdella vaaleanruskeasta mustaan, kun se altistuu ilmalle &#8211; t\u00e4m\u00e4 on normaalia eik\u00e4 vaikuta s\u00e4vytystulokseen.<br \/>\n4. Kulmien v\u00e4rj\u00e4ys<br \/>\nLevit\u00e4 s\u00e4vy\u00e4 muotoiltuihin kulmiin.<\/p>\n<p>Vaikutusaika: 5-15 minuuttia (riippuen halutusta tuloksesta).<br \/>\nVaikutusajan j\u00e4lkeen poista v\u00e4ri vedell\u00e4 tai Detox Moussella kostutetulla vanulapulla.<br \/>\nVinkki: Jos s\u00e4vy ylitt\u00e4\u00e4 halutun muodon, poista se v\u00e4litt\u00f6m\u00e4sti veteen kostutetulla vanulapulla tai erityisell\u00e4 s\u00e4vynpoistoaineella Skin Color CREAM REMOVER, jotta v\u00e4ri ei tartu ihoon.<\/p>\n<p>5. Kulmien v\u00e4rj\u00e4yksen viimeistely<br \/>\nKiinnit\u00e4 tulos levitt\u00e4m\u00e4ll\u00e4 ELAN Color Fix -v\u00e4rinkiinnitysnestett\u00e4 kulmakarvoihin.<\/p>\n<p>Varotoimenpiteet<\/p>\n<p>Tee allergiatesti 48 tuntia ennen k\u00e4ytt\u00f6\u00e4: Sekoita 2 tippaa v\u00e4riainetta ja vety\u00e4 ja levit\u00e4 seosta pienelle ihoalueelle k\u00e4den sis\u00e4puolella. Jos punoitusta, turvotusta tai \u00e4rsytyst\u00e4 ilmenee, \u00e4l\u00e4 k\u00e4yt\u00e4 tuotetta.<\/p>\n<p>\u00c4l\u00e4 k\u00e4yt\u00e4 varjoa, jos sinulla on:<\/p>\n<p>Ihottuma kasvoilla tai herkk\u00e4, \u00e4rtynyt tai vaurioitunut iho.<br \/>\nReaktio hiusv\u00e4reihin tai v\u00e4liaikaisiin &#8221;musta henna&#8221; tatuointeihin.<br \/>\nK\u00e4yt\u00e4 suojak\u00e4sineit\u00e4 ja v\u00e4lt\u00e4 metalliesineiden k\u00e4ytt\u00f6\u00e4 s\u00e4vytyksen aikana.<\/p>\n<p><strong>\u00c4l\u00e4 k\u00e4yt\u00e4 ripsien v\u00e4rj\u00e4\u00e4miseen!<\/strong><\/p>\n<p>V\u00e4lt\u00e4 tuotteen joutumista silmiin. Jos ainetta joutuu silmiin, huuhtele v\u00e4litt\u00f6m\u00e4sti vedell\u00e4.<\/p>\n<p>ELAN Brow Gel Tint System takaa t\u00e4ydellisen ja turvallisen lopputuloksen sek\u00e4 hoitaa kulmakarvoja ja ihoa.<\/p>\n","protected":false},"excerpt":{"rendered":"<p><strong>ELAN Brow Gel Tint \u2013 ammattimainen v\u00e4rj\u00e4ysj\u00e4rjestelm\u00e4, joka on suunniteltu erityisesti laminoiduille kulmakarvoille<\/strong><\/p>\n<p>ELAN Brow Gel Tint on innovatiivinen ratkaisu kosmetologille, joka haluaa tarjota asiakkailleen t\u00e4ydellisen kulmakarvojen v\u00e4rj\u00e4yksen kulmakarvojen laminoinnin j\u00e4lkeen. Perinteiset v\u00e4rj\u00e4ysmenetelm\u00e4t voivat tehd\u00e4 kulmakarvoista liian tummat, mutta ELAN Brow Gel Tint varmistaa luonnollisen ja tasaisen lopputuloksen.<\/p>\n<p>Geeliv\u00e4ri toimii vain <a href=\"https:\/\/pomello.ee\/fi\/toode\/elan-oxidant-1\/\"><strong>\u00c9LAN Oxidant 1%<\/strong><\/a>:n kanssa, joka on suunniteltu hell\u00e4varaiseen ja pitk\u00e4kestoiseen vaikutukseen. Vegan Keratin palauttaa ja hoitaa kulmakarvoja v\u00e4rj\u00e4yksen aikana ja antaa niille lis\u00e4suojaa ja hoitoa. Nestem\u00e4isen koostumuksensa ansiosta geeli sopii tarkkaan levitykseen, jolloin voit luoda selkeit\u00e4 viivoja ja s\u00e4\u00e4t\u00e4\u00e4 intensiteetti\u00e4 kerrostamalla.<\/p>\n<p>Valittavana on kaksi s\u00e4vy\u00e4: <strong>Neutral Brown<\/strong> (ruskea punertavilla pohjas\u00e4vyill\u00e4) ja <strong>Cold Blond<\/strong> (blondi viileill\u00e4, kellert\u00e4v\u00e4ll\u00e4 ja vihert\u00e4v\u00e4ll\u00e4 pohjas\u00e4vyll\u00e4), jotka on suunniteltu eri ihos\u00e4vyille. Taupe- ja Graphite-s\u00e4vyt ovat my\u00f6s pian saatavilla.<\/p>\n<p>Valitse ELAN Brow Gel Tint ratkaisemaan kulmakarvojen laminoinnin j\u00e4lkeiset v\u00e4rj\u00e4ysongelmat ja tarjoamaan asiakkaillesi luonnollisen ja pysyv\u00e4n lopputuloksen!<\/p>\n","protected":false},"featured_media":29821,"comment_status":"open","ping_status":"closed","template":"","meta":{"_monsterinsights_skip_tracking":false,"_monsterinsights_sitenote_active":false,"_monsterinsights_sitenote_note":"","_monsterinsights_sitenote_category":0},"product_brand":[],"product_cat":[476,909,479,478],"product_tag":[],"class_list":{"0":"post-29837","1":"product","2":"type-product","3":"status-publish","4":"has-post-thumbnail","6":"product_cat-kulmakarvat","7":"product_cat-kestovari","8":"product_cat-ripsien-ja-kulmakarvojen-varit-fi","9":"product_cat-ripsien-ja-kulmakarvojen-varit","10":"pa_brand-elan-fi","11":"pa_suurus-10-ml-fi","12":"pa_varv-cold-blond-fi","13":"pa_varv-graphite-fi","14":"pa_varv-neutral-brown-fi","15":"pa_varv-taupe-fi","17":"first","18":"instock","19":"taxable","20":"shipping-taxable","21":"purchasable","22":"product-type-variable"},"_links":{"self":[{"href":"https:\/\/pomello.ee\/fi\/wp-json\/wp\/v2\/product\/29837","targetHints":{"allow":["GET"]}}],"collection":[{"href":"https:\/\/pomello.ee\/fi\/wp-json\/wp\/v2\/product"}],"about":[{"href":"https:\/\/pomello.ee\/fi\/wp-json\/wp\/v2\/types\/product"}],"replies":[{"embeddable":true,"href":"https:\/\/pomello.ee\/fi\/wp-json\/wp\/v2\/comments?post=29837"}],"wp:featuredmedia":[{"embeddable":true,"href":"https:\/\/pomello.ee\/fi\/wp-json\/wp\/v2\/media\/29821"}],"wp:attachment":[{"href":"https:\/\/pomello.ee\/fi\/wp-json\/wp\/v2\/media?parent=29837"}],"wp:term":[{"taxonomy":"product_brand","embeddable":true,"href":"https:\/\/pomello.ee\/fi\/wp-json\/wp\/v2\/product_brand?post=29837"},{"taxonomy":"product_cat","embeddable":true,"href":"https:\/\/pomello.ee\/fi\/wp-json\/wp\/v2\/product_cat?post=29837"},{"taxonomy":"product_tag","embeddable":true,"href":"https:\/\/pomello.ee\/fi\/wp-json\/wp\/v2\/product_tag?post=29837"}],"curies":[{"name":"wp","href":"https:\/\/api.w.org\/{rel}","templated":true}]}}