{"id":29851,"date":"2024-11-23T11:24:30","date_gmt":"2024-11-23T09:24:30","guid":{"rendered":"https:\/\/pomello.ee\/toode\/nikk-mole-hydrating-lip-balm-coconut\/"},"modified":"2024-11-23T11:24:30","modified_gmt":"2024-11-23T09:24:30","slug":"nikk-mole-hydrating-lip-balm-coconut","status":"publish","type":"product","link":"https:\/\/pomello.ee\/fi\/toode\/nikk-mole-hydrating-lip-balm-coconut\/","title":{"rendered":"NIKK MOLE Hydrating Lip Balm Coconut"},"content":{"rendered":"<p><strong>P\u00e4\u00e4ominaisuudet:<\/strong><\/p>\n<p>Sheavoi: Kosteuttaa intensiivisesti, ravitsee ja suojaa huulia kosteuden menetykselt\u00e4.<br \/>\nPersikka\u00f6ljy: Parantaa ihon kimmoisuutta ja antaa huulille hyvin hoidetun ulkon\u00e4\u00f6n.<br \/>\nA-vitamiini: Edist\u00e4\u00e4 solujen uusiutumista ja auttaa haavoja paranemaan.<br \/>\nE-vitamiini: Voimakas antioksidantti, joka suojaa ihoa ymp\u00e4rist\u00f6n haitallisilta vaikutuksilta.<br \/>\nF-vitamiini: T\u00e4ydent\u00e4\u00e4 rasvahappojen puutetta, pehment\u00e4\u00e4 ja kosteuttaa.<br \/>\nEdut:<\/p>\n<p>Luonnollinen ja hell\u00e4varainen koostumus sopii p\u00e4ivitt\u00e4iseen k\u00e4ytt\u00f6\u00f6n.<br \/>\nSuojaa huulia kuivumiselta, halkeilulta ja hilseilylt\u00e4.<br \/>\nNopeuttaa halkeilevan ihon paranemista tehden huulista j\u00e4lleen sile\u00e4t ja pehme\u00e4t.<br \/>\nK\u00e4yt\u00e4nn\u00f6llinen muoto, jonka avulla balsamia voi kuljettaa ja k\u00e4ytt\u00e4\u00e4 milloin tahansa.<br \/>\nSopii huulipunapohjaksi tai erilliseksi hoitotuotteeksi.<br \/>\nK\u00e4ytt\u00f6:<br \/>\nLevit\u00e4 voidetta hell\u00e4varaisesti ja tasaisesti huulille. Toista koko p\u00e4iv\u00e4n tarpeen mukaan jatkuvan suojan ja kosteutuksen varmistamiseksi.<\/p>\n<p><strong>Luonnollinen ratkaisu terveille ja kauniille huulille &#8211; valitse Nikk Mole huulirasva!<\/strong><\/p>\n","protected":false},"excerpt":{"rendered":"<p><strong>Nikk Mole Hydrating Lip Balm Coconut &#8211; t\u00e4ydellinen suoja ja hoito huulillesi.<\/strong><\/p>\n<p>Huulten ohut ja herkk\u00e4 iho tarvitsee p\u00e4ivitt\u00e4ist\u00e4 hoitoa pysy\u00e4kseen pehme\u00e4n\u00e4, kosteutettuna ja terveen\u00e4. Nikk Mole huulirasva on t\u00e4ydellinen ratkaisu, joka tarjoaa suojaa, syv\u00e4kosteutusta ja korjaavaa hoitoa kaikissa tilanteissa. Sen orgaaninen koostumus, joka on rikastettu luonnollisilla \u00f6ljyill\u00e4 ja vitamiineilla, varmistaa huulille pitk\u00e4kestoisen pehmeyden ja est\u00e4\u00e4 kuivumisen ja halkeilun ankarissakin s\u00e4\u00e4olosuhteissa.<\/p>\n","protected":false},"featured_media":29843,"comment_status":"open","ping_status":"closed","template":"","meta":{"_monsterinsights_skip_tracking":false,"_monsterinsights_sitenote_active":false,"_monsterinsights_sitenote_note":"","_monsterinsights_sitenote_category":0},"product_brand":[],"product_cat":[976],"product_tag":[],"class_list":{"0":"post-29851","1":"product","2":"type-product","3":"status-publish","4":"has-post-thumbnail","6":"product_cat-kasvot","7":"pa_brand-nikk-mole-fi","8":"pa_suurus-10-ml-fi","10":"first","11":"outofstock","12":"taxable","13":"shipping-taxable","14":"purchasable","15":"product-type-simple"},"_links":{"self":[{"href":"https:\/\/pomello.ee\/fi\/wp-json\/wp\/v2\/product\/29851","targetHints":{"allow":["GET"]}}],"collection":[{"href":"https:\/\/pomello.ee\/fi\/wp-json\/wp\/v2\/product"}],"about":[{"href":"https:\/\/pomello.ee\/fi\/wp-json\/wp\/v2\/types\/product"}],"replies":[{"embeddable":true,"href":"https:\/\/pomello.ee\/fi\/wp-json\/wp\/v2\/comments?post=29851"}],"wp:featuredmedia":[{"embeddable":true,"href":"https:\/\/pomello.ee\/fi\/wp-json\/wp\/v2\/media\/29843"}],"wp:attachment":[{"href":"https:\/\/pomello.ee\/fi\/wp-json\/wp\/v2\/media?parent=29851"}],"wp:term":[{"taxonomy":"product_brand","embeddable":true,"href":"https:\/\/pomello.ee\/fi\/wp-json\/wp\/v2\/product_brand?post=29851"},{"taxonomy":"product_cat","embeddable":true,"href":"https:\/\/pomello.ee\/fi\/wp-json\/wp\/v2\/product_cat?post=29851"},{"taxonomy":"product_tag","embeddable":true,"href":"https:\/\/pomello.ee\/fi\/wp-json\/wp\/v2\/product_tag?post=29851"}],"curies":[{"name":"wp","href":"https:\/\/api.w.org\/{rel}","templated":true}]}}