{"id":29983,"date":"2024-12-03T11:19:27","date_gmt":"2024-12-03T09:19:27","guid":{"rendered":"https:\/\/pomello.ee\/toode\/katya-vinog-lash-lift-shield-size-1-yellow\/"},"modified":"2025-08-01T21:08:53","modified_gmt":"2025-08-01T19:08:53","slug":"katya-vinog-lash-lift-shield-size-1-yellow","status":"publish","type":"product","link":"https:\/\/pomello.ee\/fi\/toode\/katya-vinog-lash-lift-shield-size-1-yellow\/","title":{"rendered":"Katya Vinog Lash Lift Shield Size 1 Yellow"},"content":{"rendered":"<p><strong>K\u00e4ytt\u00f6ohje<\/strong>: Puhdista heti jokaisen k\u00e4ytt\u00f6kerran j\u00e4lkeen l\u00e4mpim\u00e4ll\u00e4 vedell\u00e4 ja saippualla ja desinfioi sitten alkoholilla. Huuhtele vedell\u00e4.<\/p>\n","protected":false},"excerpt":{"rendered":"<p>Katya Vinog Lash Lift Shield Size 1 ovat t\u00e4ydellinen valinta superlyhyiden ripsien kohottamiseksi. Lash Lift -asiantuntija Katya Vinogin luomassa maailman pienimm\u00e4ss\u00e4 silikonityynyss\u00e4 yhdistyy ainutlaatuinen hybridimuoto, joka kihartaa ja kohottaa ripsi\u00e4 samanaikaisesti. Anatomisesti t\u00e4ydellinen muotoilu varmistaa istuvuuden jokaiselle silm\u00e4tyypille luoden vaivattomasti luonnollisen ja pysyv\u00e4n tuloksen.<\/p>\n<p>Keltainen s\u00e4vy lis\u00e4\u00e4 ty\u00f6h\u00f6n leikkisyytt\u00e4 ja ammattimaisuutta tehden prosessista paitsi tehokkaan, my\u00f6s esteettisesti miellytt\u00e4v\u00e4n. Silikonityyny on valmistettu kest\u00e4v\u00e4st\u00e4 ja hypoallergeenisesta materiaalista, joka on turvallinen sek\u00e4 mestarille ett\u00e4 asiakkaalle. Sit\u00e4 voidaan k\u00e4ytt\u00e4\u00e4 niin, ett\u00e4 ripset peitt\u00e4v\u00e4t silikonityynyn kokonaan tai j\u00e4\u00e4v\u00e4t hieman sen alle antaen aina virheett\u00f6m\u00e4n kohotusvaikutuksen.<\/p>\n<p>Katya Vinog Lash Lift Shield ei ole vain ty\u00f6kalu, vaan luotettava kumppani, joka auttaa sinua saavuttamaan ammattimaisia \u200b\u200btuloksia joka kerta.<\/p>\n<p>&nbsp;<\/p>\n<p><strong>Tuotetiedot:<\/strong><\/p>\n<p><strong>M\u00e4\u00e4r\u00e4<\/strong>: 1 pari<br \/>\n<strong>V\u00e4ri<\/strong>: Keltainen<br \/>\n<strong>Koko<\/strong>: 1 (sopii eritt\u00e4in lyhyille ripsille)<\/p>\n","protected":false},"featured_media":29965,"comment_status":"open","ping_status":"closed","template":"","meta":{"_monsterinsights_skip_tracking":false,"_monsterinsights_sitenote_active":false,"_monsterinsights_sitenote_note":"","_monsterinsights_sitenote_category":0},"product_brand":[],"product_cat":[475,516,521],"product_tag":[],"class_list":{"0":"post-29983","1":"product","2":"type-product","3":"status-publish","4":"has-post-thumbnail","6":"product_cat-ripset","7":"product_cat-lash-lift-fi","8":"product_cat-silikonityynyt","9":"pa_brand-katya-vinog-fi","10":"pa_suurus-size-1-fi","11":"pa_varv-kollane-fi","13":"first","14":"outofstock","15":"taxable","16":"shipping-taxable","17":"purchasable","18":"product-type-simple"},"_links":{"self":[{"href":"https:\/\/pomello.ee\/fi\/wp-json\/wp\/v2\/product\/29983","targetHints":{"allow":["GET"]}}],"collection":[{"href":"https:\/\/pomello.ee\/fi\/wp-json\/wp\/v2\/product"}],"about":[{"href":"https:\/\/pomello.ee\/fi\/wp-json\/wp\/v2\/types\/product"}],"replies":[{"embeddable":true,"href":"https:\/\/pomello.ee\/fi\/wp-json\/wp\/v2\/comments?post=29983"}],"wp:featuredmedia":[{"embeddable":true,"href":"https:\/\/pomello.ee\/fi\/wp-json\/wp\/v2\/media\/29965"}],"wp:attachment":[{"href":"https:\/\/pomello.ee\/fi\/wp-json\/wp\/v2\/media?parent=29983"}],"wp:term":[{"taxonomy":"product_brand","embeddable":true,"href":"https:\/\/pomello.ee\/fi\/wp-json\/wp\/v2\/product_brand?post=29983"},{"taxonomy":"product_cat","embeddable":true,"href":"https:\/\/pomello.ee\/fi\/wp-json\/wp\/v2\/product_cat?post=29983"},{"taxonomy":"product_tag","embeddable":true,"href":"https:\/\/pomello.ee\/fi\/wp-json\/wp\/v2\/product_tag?post=29983"}],"curies":[{"name":"wp","href":"https:\/\/api.w.org\/{rel}","templated":true}]}}