{"id":29985,"date":"2024-12-03T11:48:14","date_gmt":"2024-12-03T09:48:14","guid":{"rendered":"https:\/\/pomello.ee\/toode\/lamitta-honey-glue\/"},"modified":"2025-04-22T04:30:59","modified_gmt":"2025-04-22T02:30:59","slug":"lamitta-honey-glue","status":"publish","type":"product","link":"https:\/\/pomello.ee\/fi\/toode\/lamitta-honey-glue\/","title":{"rendered":"LAMITTA Honey Glue"},"content":{"rendered":"<p><strong>P\u00e4\u00e4ominaisuudet:<\/strong><\/p>\n<p><strong>Hybridikoostumus:<\/strong> Klassisen nestem\u00e4isen liiman ominaisuudet ja pidemm\u00e4n k\u00e4ytt\u00f6ajan.<br \/>\n<strong>Ylellinen rakenne:<\/strong> Ei j\u00e4hmettynyt nopeasti, joten saat enemm\u00e4n aikaa tarkkuuteen ja hoitoon.<br \/>\n<strong>Korkea kest\u00e4vyys:<\/strong> Liimaa ripset tiukasti ja tehokkaasti ilman liiallista vaivaa.<br \/>\n<strong>Taloudellinen kulutus:<\/strong> Vain 1-2 tippaa riitt\u00e4\u00e4 koko kiinnitysprosessiin, mik\u00e4 tekee siit\u00e4 erityisen taloudellisen.<br \/>\n<strong>Monipuolisuus:<\/strong> Ihanteellinen k\u00e4ytett\u00e4v\u00e4ksi sek\u00e4 klassisen laminointiharjan ett\u00e4 Laminator-siveltimen kanssa, mik\u00e4 auttaa luomaan virheett\u00f6m\u00e4n tyylin muutamassa minuutissa.<br \/>\n<strong>Helppok\u00e4ytt\u00f6inen:<\/strong> Takaa erinomaiset tulokset sek\u00e4 aloittelijoille ett\u00e4 kokeneille mestareille.<\/p>\n","protected":false},"excerpt":{"rendered":"<p><strong>Lamitta Honey Glue Lash Lift -liima &#8211; uusi taso lash liftin maailmassa!<\/strong><\/p>\n<p>Lamitta on noussut todelliseksi edell\u00e4k\u00e4vij\u00e4ksi lash lift -mestareiden keskuudessa tarjoten laatua ja innovaatioita, jotka ylitt\u00e4v\u00e4t odotukset. Honey Glue on merkin uusin hybridiliima, joka yhdist\u00e4\u00e4 klassisen nesteliiman ominaisuudet ja tarjoaa pidemm\u00e4n k\u00e4ytt\u00f6ajan hitaamman kuivumisajan ansiosta. T\u00e4m\u00e4 yhdistelm\u00e4 varmistaa tehokkaamman ja joustavamman ripsien kohotustoimenpiteen, joten se on ihanteellinen valinta sek\u00e4 kokeneille ammattilaisille ett\u00e4 aloittelijoille.<\/p>\n<p>Honey Glue -liiman ylellinen ja joustava rakenne mahdollistaa ripsien sijoittamisen tarkasti ilman kiirett\u00e4. Toisin kuin perinteiset liimat, se ei j\u00e4hmety heti, jolloin voidaan ty\u00f6st\u00e4\u00e4 osissa ja viimeistell\u00e4 jokainen yksityiskohta.<\/p>\n<p>Honey Glue toimii parhaiten litte\u00e4n ripsien kohotusharjan, kuten Laminatorin, kanssa. Liimaa k\u00e4ytett\u00e4ess\u00e4 suosittelemme levitt\u00e4m\u00e4\u00e4n tarvittavan m\u00e4\u00e4r\u00e4n lash lift -palettia ja sulkemaan liimas\u00e4ili\u00f6 v\u00e4litt\u00f6m\u00e4sti, jotta v\u00e4ltyt\u00e4\u00e4n pitk\u00e4aikaiselta ilmankosketukselta. T\u00e4m\u00e4 est\u00e4\u00e4 liiman ennenaikaisen kuivumisen ja s\u00e4ilytt\u00e4\u00e4 sen tehokkuuden koko toimenpiteen ajan.<\/p>\n<p>&nbsp;<\/p>\n<p><strong>\ud83d\udccf Tilavuus: 5 g<\/strong><br \/>\n<strong>\u26a0\ufe0f Vain ammattik\u00e4ytt\u00f6\u00f6n.<\/strong><\/p>\n","protected":false},"featured_media":29972,"comment_status":"open","ping_status":"closed","template":"","meta":{"_monsterinsights_skip_tracking":false,"_monsterinsights_sitenote_active":false,"_monsterinsights_sitenote_note":"","_monsterinsights_sitenote_category":0},"product_brand":[],"product_cat":[475,516,519],"product_tag":[],"class_list":{"0":"post-29985","1":"product","2":"type-product","3":"status-publish","4":"has-post-thumbnail","6":"product_cat-ripset","7":"product_cat-lash-lift-fi","8":"product_cat-liimat","9":"pa_brand-lamitta-fi","10":"pa_suurus-5-g-fi","12":"first","13":"instock","14":"taxable","15":"shipping-taxable","16":"purchasable","17":"product-type-simple"},"_links":{"self":[{"href":"https:\/\/pomello.ee\/fi\/wp-json\/wp\/v2\/product\/29985","targetHints":{"allow":["GET"]}}],"collection":[{"href":"https:\/\/pomello.ee\/fi\/wp-json\/wp\/v2\/product"}],"about":[{"href":"https:\/\/pomello.ee\/fi\/wp-json\/wp\/v2\/types\/product"}],"replies":[{"embeddable":true,"href":"https:\/\/pomello.ee\/fi\/wp-json\/wp\/v2\/comments?post=29985"}],"wp:featuredmedia":[{"embeddable":true,"href":"https:\/\/pomello.ee\/fi\/wp-json\/wp\/v2\/media\/29972"}],"wp:attachment":[{"href":"https:\/\/pomello.ee\/fi\/wp-json\/wp\/v2\/media?parent=29985"}],"wp:term":[{"taxonomy":"product_brand","embeddable":true,"href":"https:\/\/pomello.ee\/fi\/wp-json\/wp\/v2\/product_brand?post=29985"},{"taxonomy":"product_cat","embeddable":true,"href":"https:\/\/pomello.ee\/fi\/wp-json\/wp\/v2\/product_cat?post=29985"},{"taxonomy":"product_tag","embeddable":true,"href":"https:\/\/pomello.ee\/fi\/wp-json\/wp\/v2\/product_tag?post=29985"}],"curies":[{"name":"wp","href":"https:\/\/api.w.org\/{rel}","templated":true}]}}