{"id":30029,"date":"2024-12-04T21:41:43","date_gmt":"2024-12-04T19:41:43","guid":{"rendered":"https:\/\/pomello.ee\/toode\/zola-keratin-brow-gel-strong-fix-nourishing\/"},"modified":"2025-02-14T00:00:45","modified_gmt":"2025-02-13T22:00:45","slug":"zola-keratin-brow-gel-strong-fix-nourishing","status":"publish","type":"product","link":"https:\/\/pomello.ee\/fi\/toode\/zola-keratin-brow-gel-strong-fix-nourishing\/","title":{"rendered":"ZOLA Keratin Brow Gel Strong Fix + Nourishing"},"content":{"rendered":"","protected":false},"excerpt":{"rendered":"<p><strong>ZOLA Keratin Brow Gel Strong Fix + Nourishing on korvaamaton apu t\u00e4ydellisesti hoidetuille ja kiinteille kulmakarvoille!<\/strong><\/p>\n<p>Unohda kurittomat kulmakarvat \u2013 Zola Keratin Brow Gel auttaa sinua saavuttamaan t\u00e4ydellisen kulman muodon nopeasti ja vaivattomasti. Keratiinilla rikastetun koostumuksensa ansiosta t\u00e4m\u00e4 tuote ei ainoastaan \u200b\u200bauta muotoilemaan kulmakarvoja, vaan my\u00f6s huolehtii niiden terveydest\u00e4 tehden niist\u00e4 vahvoja, joustavia ja kiilt\u00e4vi\u00e4.<\/p>\n<p><strong>Ominaisuudet ja edut:<\/strong><\/p>\n<ol>\n<li><strong>T\u00e4ydellinen kiinnitys<\/strong>: Varmistaa kulmakarvoille halutun muodon pysyv\u00e4sti koko p\u00e4iv\u00e4ksi ilman tahmeaa tai raskasta tunnetta.<\/li>\n<li><strong>Keratiinihoito:<\/strong> Rikastettu keratiinilla, joka ravitsee ja parantaa kulmakarvojen rakennetta antaen niille tervett\u00e4 kiiltoa ja vahvuutta.<\/li>\n<li><strong>Kevyt rakenne:<\/strong> Ei j\u00e4t\u00e4 valkoista kerrosta tai tahmeutta antaen luonnollisen tuloksen ja painottoman tunteen.<\/li>\n<li><strong>Yleisk\u00e4ytt\u00f6:<\/strong> Soveltuu sek\u00e4 kotik\u00e4ytt\u00f6\u00f6n ett\u00e4 ammattimaisiin salongihoitoihin.<\/li>\n<\/ol>\n<p><strong>K\u00e4ytt\u00f6<\/strong>: Levit\u00e4 geeli\u00e4 kulmakarvoihin erikoissiveltimell\u00e4, muotoile haluamasi muoto ja nauti t\u00e4ydellisest\u00e4 lookista koko p\u00e4iv\u00e4n!<\/p>\n<p>&nbsp;<\/p>\n<p>Tilavuus: 5 ml<br \/>\nSopii kaikille ihotyypeille.<\/p>\n","protected":false},"featured_media":30021,"comment_status":"open","ping_status":"closed","template":"","meta":{"_monsterinsights_skip_tracking":false,"_monsterinsights_sitenote_active":false,"_monsterinsights_sitenote_note":"","_monsterinsights_sitenote_category":0},"product_brand":[],"product_cat":[476,919],"product_tag":[],"class_list":{"0":"post-30029","1":"product","2":"type-product","3":"status-publish","4":"has-post-thumbnail","6":"product_cat-kulmakarvat","7":"product_cat-kulmakarvojen-geelit-vahat","8":"pa_brand-zola-fi","9":"pa_suurus-5-ml-fi","11":"first","12":"instock","13":"taxable","14":"shipping-taxable","15":"purchasable","16":"product-type-simple"},"_links":{"self":[{"href":"https:\/\/pomello.ee\/fi\/wp-json\/wp\/v2\/product\/30029","targetHints":{"allow":["GET"]}}],"collection":[{"href":"https:\/\/pomello.ee\/fi\/wp-json\/wp\/v2\/product"}],"about":[{"href":"https:\/\/pomello.ee\/fi\/wp-json\/wp\/v2\/types\/product"}],"replies":[{"embeddable":true,"href":"https:\/\/pomello.ee\/fi\/wp-json\/wp\/v2\/comments?post=30029"}],"wp:featuredmedia":[{"embeddable":true,"href":"https:\/\/pomello.ee\/fi\/wp-json\/wp\/v2\/media\/30021"}],"wp:attachment":[{"href":"https:\/\/pomello.ee\/fi\/wp-json\/wp\/v2\/media?parent=30029"}],"wp:term":[{"taxonomy":"product_brand","embeddable":true,"href":"https:\/\/pomello.ee\/fi\/wp-json\/wp\/v2\/product_brand?post=30029"},{"taxonomy":"product_cat","embeddable":true,"href":"https:\/\/pomello.ee\/fi\/wp-json\/wp\/v2\/product_cat?post=30029"},{"taxonomy":"product_tag","embeddable":true,"href":"https:\/\/pomello.ee\/fi\/wp-json\/wp\/v2\/product_tag?post=30029"}],"curies":[{"name":"wp","href":"https:\/\/api.w.org\/{rel}","templated":true}]}}