{"id":30041,"date":"2023-11-12T19:21:54","date_gmt":"2023-11-12T17:21:54","guid":{"rendered":"https:\/\/pomello.ee\/toode\/lash-lift-palette\/"},"modified":"2023-11-12T19:21:54","modified_gmt":"2023-11-12T17:21:54","slug":"lash-lift-palette","status":"publish","type":"product","link":"https:\/\/pomello.ee\/fi\/toode\/lash-lift-palette\/","title":{"rendered":"Lash Lift Palette"},"content":{"rendered":"<p>Koko: 2,5 cm x 5,2 cm x 1 cm<\/p>\n<p>&nbsp;<\/p>\n<p>Puhdistus:<\/p>\n<p>Puhdista heti jokaisen k\u00e4yt\u00f6n j\u00e4lkeen l\u00e4mpim\u00e4ll\u00e4 vedell\u00e4 ja antibakteerisella saippualla<br \/>\nDesinfioi 70 % alkoholilla<br \/>\nHuuhtele sitten vedell\u00e4 ja kuivaa<br \/>\nAseta tuote steriiliin suljettuun astiaan.<\/p>\n","protected":false},"excerpt":{"rendered":"<p>Ripsien kohotuspaletti on valmistettu korkealaatuisesta pehme\u00e4st\u00e4 silikonista, paletin avulla voit annostella oikeat m\u00e4\u00e4r\u00e4t jokaiseen toimenpiteeseen s\u00e4\u00e4st\u00e4en aikaa ja tuotteita: liimaa, emulsioita tai v\u00e4rej\u00e4.<\/p>\n<p>&nbsp;<\/p>\n<p>Palettiin on mahdollista lis\u00e4t\u00e4 my\u00f6s vett\u00e4, joka est\u00e4\u00e4 liimaa kuivumasta nopeammin, joka on k\u00e4sity\u00f6l\u00e4iselle eritt\u00e4in tarpeellinen ty\u00f6v\u00e4line joka p\u00e4iv\u00e4. Tekee toimenpiteiden suorittamisesta mukavampaa ja tarkempaa.<\/p>\n","protected":false},"featured_media":25890,"comment_status":"open","ping_status":"closed","template":"","meta":{"_monsterinsights_skip_tracking":false,"_monsterinsights_sitenote_active":false,"_monsterinsights_sitenote_note":"","_monsterinsights_sitenote_category":0},"product_brand":[],"product_cat":[516,541,512,549,475,546,540,544],"product_tag":[],"class_list":{"0":"post-30041","1":"product","2":"type-product","3":"status-publish","4":"has-post-thumbnail","6":"product_cat-lash-lift-fi","7":"product_cat-muut-tyokalut-fi","8":"product_cat-parhaat-tarjoukset","9":"product_cat-pullot-kupit-ja-kulhot","10":"product_cat-ripset","11":"product_cat-ripsien-tarvikkeet","12":"product_cat-tarvikkeet","13":"product_cat-tarvikkeet-fi","14":"pa_brand-pomello-fi","15":"pa_varv-must-fi","17":"first","18":"outofstock","19":"sale","20":"taxable","21":"shipping-taxable","22":"purchasable","23":"product-type-simple"},"_links":{"self":[{"href":"https:\/\/pomello.ee\/fi\/wp-json\/wp\/v2\/product\/30041","targetHints":{"allow":["GET"]}}],"collection":[{"href":"https:\/\/pomello.ee\/fi\/wp-json\/wp\/v2\/product"}],"about":[{"href":"https:\/\/pomello.ee\/fi\/wp-json\/wp\/v2\/types\/product"}],"replies":[{"embeddable":true,"href":"https:\/\/pomello.ee\/fi\/wp-json\/wp\/v2\/comments?post=30041"}],"wp:featuredmedia":[{"embeddable":true,"href":"https:\/\/pomello.ee\/fi\/wp-json\/wp\/v2\/media\/25890"}],"wp:attachment":[{"href":"https:\/\/pomello.ee\/fi\/wp-json\/wp\/v2\/media?parent=30041"}],"wp:term":[{"taxonomy":"product_brand","embeddable":true,"href":"https:\/\/pomello.ee\/fi\/wp-json\/wp\/v2\/product_brand?post=30041"},{"taxonomy":"product_cat","embeddable":true,"href":"https:\/\/pomello.ee\/fi\/wp-json\/wp\/v2\/product_cat?post=30041"},{"taxonomy":"product_tag","embeddable":true,"href":"https:\/\/pomello.ee\/fi\/wp-json\/wp\/v2\/product_tag?post=30041"}],"curies":[{"name":"wp","href":"https:\/\/api.w.org\/{rel}","templated":true}]}}