{"id":30071,"date":"2024-12-07T11:28:13","date_gmt":"2024-12-07T09:28:13","guid":{"rendered":"https:\/\/pomello.ee\/?post_type=product&#038;p=30071"},"modified":"2026-03-18T06:43:45","modified_gmt":"2026-03-18T04:43:45","slug":"ultrasonic-cleaner-acd-3840","status":"publish","type":"product","link":"https:\/\/pomello.ee\/fi\/toode\/ultrasonic-cleaner-acd-3840\/","title":{"rendered":"Ultrasonic Cleaner ACD-3840"},"content":{"rendered":"<p><strong>Ultrahelipuhastusseade ACD-3840<\/strong> muudab desinfitseerimise mugavaks ja t\u00f5husaks. Seade sobib mitmesuguste t\u00f6\u00f6vahendite, nagu k\u00fc\u00fcnepuurid, mikrodermabrasioonipead ja hambaravi- v\u00f5i juuksuriinstrumentide, puhastamiseks. Selle funktsioonide hulka kuuluvad taimer ja digitaalne ekraan, mis v\u00f5imaldavad protsessi aega reguleerida (90\u2013480 s). Puhastamise t\u00f5hustamiseks saab kasutada spetsiaalset desinfitseerimisvedelikku, j\u00e4rgides tootja soovitusi. Seade pakub suurep\u00e4raseid tulemusi nii meditsiini- ja kosmetoloogiat\u00f6\u00f6s kui ka koduses kasutuses.<\/p>\n<p>Ultrahelipuhastusseade \u00fchendab praktilisuse ja stiili minimalistlikus disainis. Seade on kompaktne, mis muudab selle kergesti transporditavaks ja salongis ruumis\u00e4\u00e4stlikuks. Valget plastikust korpust t\u00e4iendab l\u00e4bipaistev kaas, v\u00f5imaldades puhastusprotsessi j\u00e4lgida. H\u00f5bedased detailid lisavad elegantsi. 500 ml mahuti sees on maksimaalse t\u00e4itmise m\u00e4rge, ja seadme libisemiskindlad jalad tagavad stabiilsuse kasutamise ajal. T\u00e4iuslik valik efektiivseks ja mugavaks puhastuseks!<\/p>\n<p>&nbsp;<\/p>\n<p><strong>M\u00f5\u00f5dud: 22\u00d713,3\u00d711,8 cm<\/strong><br \/>\n<strong>Komplekti kuulub: puhastusvahend, plastikkorv.<\/strong><\/p>\n<p>&nbsp;<\/p>\n<p><a href=\"https:\/\/www.youtube.com\/watch?v=3XLXSPeli7k\" target=\"_blank\" rel=\"noopener\">https:\/\/www.youtube.com\/watch?v=3XLXSPeli7k<\/a><\/p>\n","protected":false},"excerpt":{"rendered":"<p><strong>Ultrasonic Cleaner ACD-3840 on ultrahelipuhasti veekindlate t\u00f6\u00f6vahendite ja tarbeesemete puhastamiseks<\/strong><\/p>\n<p>Ultrahelipuhastusseade on t\u00f5hus ja \u00f5rn lahendus erinevat t\u00fc\u00fcpi saaste eemaldamiseks esemetelt, kahjustamata neid protsessi k\u00e4igus. See sobib suurep\u00e4raselt professionaalsetes ilusalongides t\u00f6\u00f6riistade esmaseks puhastamiseks ning koduseks kasutamiseks, n\u00e4iteks ehete, kellade ja prillide puhastamiseks. T\u00e4nu oma tehnoloogiale tagab seade p\u00f5hjaliku mustuse eemaldamise ka raskesti ligip\u00e4\u00e4setavatest kohtadest, s\u00e4ilitades samal ajal puhastatavate esemete kvaliteedi ja vastupidavuse.<\/p>\n<ul>\n<li>Pinge 200-240<\/li>\n<li>V\u00f5imsus 31 W<\/li>\n<li>Mahutavus 600 ml<\/li>\n<li>Ultraheli v\u00f5imsus 42kHz<\/li>\n<li>SUS304 roostevabast terasest paak<\/li>\n<li>T\u00f6\u00f6aeg 90s, 180s, 280s, 380s, 480s, automaatse v\u00e4ljal\u00fclitusega<\/li>\n<li>M\u00f5\u00f5dud 22 x 13,3 x 11,8 cm.<\/li>\n<li>Max t\u00e4idis: 500 ml<\/li>\n<li>Min. t\u00e4idis: 200 ml<\/li>\n<\/ul>\n","protected":false},"featured_media":30078,"comment_status":"open","ping_status":"closed","template":"","meta":{"_monsterinsights_skip_tracking":false,"_monsterinsights_sitenote_active":false,"_monsterinsights_sitenote_note":"","_monsterinsights_sitenote_category":0},"product_brand":[],"product_cat":[225,220,221,222],"product_tag":[],"class_list":{"0":"post-30071","1":"product","2":"type-product","3":"status-publish","4":"has-post-thumbnail","6":"product_cat-seadmed","7":"product_cat-hugieen","8":"product_cat-hugieen-ripsmed","9":"product_cat-desinfektsioon","11":"first","12":"instock","13":"downloadable","14":"taxable","15":"shipping-taxable","16":"purchasable","17":"product-type-simple"},"_links":{"self":[{"href":"https:\/\/pomello.ee\/fi\/wp-json\/wp\/v2\/product\/30071","targetHints":{"allow":["GET"]}}],"collection":[{"href":"https:\/\/pomello.ee\/fi\/wp-json\/wp\/v2\/product"}],"about":[{"href":"https:\/\/pomello.ee\/fi\/wp-json\/wp\/v2\/types\/product"}],"replies":[{"embeddable":true,"href":"https:\/\/pomello.ee\/fi\/wp-json\/wp\/v2\/comments?post=30071"}],"wp:featuredmedia":[{"embeddable":true,"href":"https:\/\/pomello.ee\/fi\/wp-json\/wp\/v2\/media\/30078"}],"wp:attachment":[{"href":"https:\/\/pomello.ee\/fi\/wp-json\/wp\/v2\/media?parent=30071"}],"wp:term":[{"taxonomy":"product_brand","embeddable":true,"href":"https:\/\/pomello.ee\/fi\/wp-json\/wp\/v2\/product_brand?post=30071"},{"taxonomy":"product_cat","embeddable":true,"href":"https:\/\/pomello.ee\/fi\/wp-json\/wp\/v2\/product_cat?post=30071"},{"taxonomy":"product_tag","embeddable":true,"href":"https:\/\/pomello.ee\/fi\/wp-json\/wp\/v2\/product_tag?post=30071"}],"curies":[{"name":"wp","href":"https:\/\/api.w.org\/{rel}","templated":true}]}}