{"id":30260,"date":"2024-12-15T20:16:27","date_gmt":"2024-12-15T18:16:27","guid":{"rendered":"https:\/\/pomello.ee\/toode\/lamitta-lash-lift-shields\/"},"modified":"2024-12-15T20:16:27","modified_gmt":"2024-12-15T18:16:27","slug":"lamitta-lash-lift-shields","status":"publish","type":"product","link":"https:\/\/pomello.ee\/fi\/toode\/lamitta-lash-lift-shields\/","title":{"rendered":"LAMITTA Lash Lift Shields"},"content":{"rendered":"<p>LAMITTA Lash Lift Shields yhdist\u00e4\u00e4 mukavuuden, joustavuuden ja esteettisen muotoilun tarjoten ammattilaisille luotettavan ja innovatiivisen ratkaisun.<\/p>\n<p>N\u00e4m\u00e4 ei-anatomiset, hybridi-pisaranmuotoiset silikonityynyt on valmistettu eritt\u00e4in pehme\u00e4st\u00e4 ja joustavasta silikonista, joten niiden kanssa on helppo ja tehokas ty\u00f6skennell\u00e4. Universaalin muotoilunsa ansiosta suojat sopivat t\u00e4ydellisesti kaikille ripsille. Eri taivutusasteilla voit l\u00f6yt\u00e4\u00e4 jokaiselle asiakkaalle ihanteellisen muodon ja saavuttaa t\u00e4ydellisen tuloksen.<\/p>\n<p>Innovatiivinen muotoilu eliminoi ter\u00e4v\u00e4t kulmat ja liiallisen k\u00e4pristymisen varmistaen luonnollisen ja kauniin ripsien kohoamisen. Setti sis\u00e4lt\u00e4\u00e4 yhden vaaleanpunaisen ja yhden vihre\u00e4n silikonityynyn, jotka lis\u00e4\u00e4v\u00e4t visuaalista tehostetta k\u00e4yt\u00e4nn\u00f6llisyyteen ja tekev\u00e4t siit\u00e4 ihanteellisen esteettisen sis\u00e4ll\u00f6n luomiseen.<\/p>\n<p>Lamitta Lash Lift Shields on suunniteltu kosmetologille, joka arvostaa laatua ja haluaa tarjota asiakkailleen vain parasta.<\/p>\n","protected":false},"excerpt":{"rendered":"<p>LAMITTA Lash Lift Shields \u2013 5 paria t\u00e4ydelliseen Lash Liftiin!<\/p>\n<p>Tutustu Lamittan uusimpaan innovaatioon ripsien kohotuslaitteiden maailmassa! N\u00e4m\u00e4 erityisesti kosmetologille luodut ja Liliya Utivlenovan patentoimat rullat sopivat kaikille ripstyypeille tarjoten joustavuutta ja t\u00e4ydellisen kohotuksen jokaiselle asiakkaalle.<\/p>\n<p>Miksi valita Lamitta silikonityynyt?<\/p>\n<p>Ainutlaatuinen muotoilu: Kuuluu Teardrop-kategoriaan, jonka muoto luo luonnollisen ja tasaisen nostovaikutelman ilman ter\u00e4vi\u00e4 kulmia.<br \/>\nMukautettava nostotyyli: Silikonityynyjen taivutusaste on s\u00e4\u00e4dett\u00e4viss\u00e4, joten voit saavuttaa ihanteellisen tuloksen jokaiselle asiakkaalle.<br \/>\nMukava ja esteettinen: Valmistettu pehme\u00e4st\u00e4, eritt\u00e4in joustavasta silikonista, mik\u00e4 varmistaa helpon ripsien kiinnittymisen ja mukavan kokemuksen sek\u00e4 kosmetologille ett\u00e4 asiakkaalle.<br \/>\nEsteettiset v\u00e4rit: Jokainen kokosarja sis\u00e4lt\u00e4\u00e4 yhden vaaleanpunaisen ja yhden mintunvihre\u00e4n silikonityynyn, jotka lis\u00e4\u00e4v\u00e4t visuaalista kauneutta ty\u00f6nkulkuusi.<\/p>\n<p>Sarja sis\u00e4lt\u00e4\u00e4 5 kokoa:<br \/>\nSS, SM, M, ML ja L \u2013 sopii jokaiseen ripstyyppiin ja -pituustarpeeseen.<\/p>\n<p>Valmistaudu viem\u00e4\u00e4n Lash Lift -palvelusi uudelle tasolle Lamitta Lash Lift Shieldsill\u00e4!<\/p>\n","protected":false},"featured_media":36792,"comment_status":"open","ping_status":"closed","template":"","meta":{"_monsterinsights_skip_tracking":false,"_monsterinsights_sitenote_active":false,"_monsterinsights_sitenote_note":"","_monsterinsights_sitenote_category":0},"product_brand":[],"product_cat":[475,516,521],"product_tag":[],"class_list":{"0":"post-30260","1":"product","2":"type-product","3":"status-publish","4":"has-post-thumbnail","6":"product_cat-ripset","7":"product_cat-lash-lift-fi","8":"product_cat-silikonityynyt","9":"pa_brand-lamitta-fi","11":"first","12":"outofstock","13":"taxable","14":"shipping-taxable","15":"purchasable","16":"product-type-simple"},"_links":{"self":[{"href":"https:\/\/pomello.ee\/fi\/wp-json\/wp\/v2\/product\/30260","targetHints":{"allow":["GET"]}}],"collection":[{"href":"https:\/\/pomello.ee\/fi\/wp-json\/wp\/v2\/product"}],"about":[{"href":"https:\/\/pomello.ee\/fi\/wp-json\/wp\/v2\/types\/product"}],"replies":[{"embeddable":true,"href":"https:\/\/pomello.ee\/fi\/wp-json\/wp\/v2\/comments?post=30260"}],"wp:featuredmedia":[{"embeddable":true,"href":"https:\/\/pomello.ee\/fi\/wp-json\/wp\/v2\/media\/36792"}],"wp:attachment":[{"href":"https:\/\/pomello.ee\/fi\/wp-json\/wp\/v2\/media?parent=30260"}],"wp:term":[{"taxonomy":"product_brand","embeddable":true,"href":"https:\/\/pomello.ee\/fi\/wp-json\/wp\/v2\/product_brand?post=30260"},{"taxonomy":"product_cat","embeddable":true,"href":"https:\/\/pomello.ee\/fi\/wp-json\/wp\/v2\/product_cat?post=30260"},{"taxonomy":"product_tag","embeddable":true,"href":"https:\/\/pomello.ee\/fi\/wp-json\/wp\/v2\/product_tag?post=30260"}],"curies":[{"name":"wp","href":"https:\/\/api.w.org\/{rel}","templated":true}]}}