{"id":30266,"date":"2024-12-15T21:22:21","date_gmt":"2024-12-15T19:22:21","guid":{"rendered":"https:\/\/pomello.ee\/toode\/pink-flash-lash-and-brow-lift-step-2\/"},"modified":"2026-01-27T19:18:03","modified_gmt":"2026-01-27T17:18:03","slug":"pink-flash-lash-and-brow-lift-step-2","status":"publish","type":"product","link":"https:\/\/pomello.ee\/fi\/toode\/pink-flash-lash-and-brow-lift-step-2\/","title":{"rendered":"PINK FLASH Lash and Brow Lift Step 2"},"content":{"rendered":"<p>Varastointi:<br \/>\nS\u00e4ilyt\u00e4 viile\u00e4ss\u00e4 huoneenl\u00e4mm\u00f6ss\u00e4.<br \/>\nSulje pussi avaamisen j\u00e4lkeen teipill\u00e4, merkitse avausp\u00e4iv\u00e4m\u00e4\u00e4r\u00e4 teippiin ja laita ilmatiiviiseen pussiin.<\/p>\n<p>Ainesosat:<\/p>\n<p>Kaakaovoi, hyaluronihappo, lasimikrohelmet, pantenoli, lakritsi- ja nokkosuutteet.<\/p>\n<p>Katso, kuinka Lashmother Uliana Shchepeleva k\u00e4ytt\u00e4\u00e4 Pink Flashia <a href=\"https:\/\/www.instagram.com\/p\/C8P2dYqRDiu\/\" target=\"_blank\" rel=\"noopener\">t\u00e4st\u00e4<\/a><\/p>\n","protected":false},"excerpt":{"rendered":"<p>PINK FLASH Lash and Brow Lift Step 2 \u2013 ripsien ja kulmakarvojen laminoinnin toinen vaihe<\/p>\n<p>Pink Flash Step 2 Fix on vallankumouksellinen tuote, joka tarjoaa kaiken yhdess\u00e4 vaiheessa. Se ei vain korjaa ripsien ja kulmakarvojen uutta muotoa, vaan toimii my\u00f6s v\u00e4rin aktivaattorina antaen ripsille ja kulmakarvoille entist\u00e4 kauniimman ilmeen. Flash Fix varmistaa t\u00e4ydellisen lopputuloksen, kiinnitt\u00e4en paitsi ripsien ja kulmakarvojen uuden muodon, my\u00f6s v\u00e4rinmuutoksen samalla.<\/p>\n<p>Vaikutusaika:<\/p>\n<p>Luonnolliset ohuet ripset\/kulmakarvat: 5 minuuttia<br \/>\nPidemm\u00e4t ja paksummat ripset\/kulmakarvat: 6-7 minuuttia<br \/>\nJos maalaat samanaikaisesti, sekoita vaihe 2 Flash Fix maaliin sekoitusohjeen mukaan: 2 osaa Flash Fixi\u00e4 ja 1 osa maalia. Levit\u00e4 seos ripsiin tyvest\u00e4 latvaan aloittaen tyvest\u00e4 yl\u00f6sp\u00e4in ja yl\u00f6sp\u00e4in. Altistusaika alkaa heti levityksen j\u00e4lkeen.<\/p>\n<p>Vaikutuksen kesto v\u00e4riaktivoinnin tapauksessa:<\/p>\n<p>Luonnolliset ohuet ripset\/kulmakarvat: 7 minuuttia<br \/>\nPidemm\u00e4t ja paksummat ripset\/kulmakarvat: 9-12 minuuttia<\/p>\n<p>Paketti sis\u00e4lt\u00e4\u00e4:<br \/>\n5 x 1,5 ml Pink Flash Lash &amp; Brow Step 2 -pussia<\/p>\n","protected":false},"featured_media":36887,"comment_status":"open","ping_status":"closed","template":"","meta":{"_monsterinsights_skip_tracking":false,"_monsterinsights_sitenote_active":false,"_monsterinsights_sitenote_note":"","_monsterinsights_sitenote_category":0},"product_brand":[],"product_cat":[476,517,899,477,516,475],"product_tag":[],"class_list":{"0":"post-30266","1":"product","2":"type-product","3":"status-publish","4":"has-post-thumbnail","6":"product_cat-kulmakarvat","7":"product_cat-emulsiot","8":"product_cat-emulsiot-fi","9":"product_cat-kulmien-laminointi","10":"product_cat-lash-lift-fi","11":"product_cat-ripset","12":"pa_brand-pink-flash-switzerland-fi","14":"first","15":"instock","16":"taxable","17":"shipping-taxable","18":"purchasable","19":"product-type-simple"},"_links":{"self":[{"href":"https:\/\/pomello.ee\/fi\/wp-json\/wp\/v2\/product\/30266","targetHints":{"allow":["GET"]}}],"collection":[{"href":"https:\/\/pomello.ee\/fi\/wp-json\/wp\/v2\/product"}],"about":[{"href":"https:\/\/pomello.ee\/fi\/wp-json\/wp\/v2\/types\/product"}],"replies":[{"embeddable":true,"href":"https:\/\/pomello.ee\/fi\/wp-json\/wp\/v2\/comments?post=30266"}],"wp:featuredmedia":[{"embeddable":true,"href":"https:\/\/pomello.ee\/fi\/wp-json\/wp\/v2\/media\/36887"}],"wp:attachment":[{"href":"https:\/\/pomello.ee\/fi\/wp-json\/wp\/v2\/media?parent=30266"}],"wp:term":[{"taxonomy":"product_brand","embeddable":true,"href":"https:\/\/pomello.ee\/fi\/wp-json\/wp\/v2\/product_brand?post=30266"},{"taxonomy":"product_cat","embeddable":true,"href":"https:\/\/pomello.ee\/fi\/wp-json\/wp\/v2\/product_cat?post=30266"},{"taxonomy":"product_tag","embeddable":true,"href":"https:\/\/pomello.ee\/fi\/wp-json\/wp\/v2\/product_tag?post=30266"}],"curies":[{"name":"wp","href":"https:\/\/api.w.org\/{rel}","templated":true}]}}