{"id":30272,"date":"2024-12-15T21:46:37","date_gmt":"2024-12-15T19:46:37","guid":{"rendered":"https:\/\/pomello.ee\/toode\/pink-flash-lash-and-brow-lift-step-3-2\/"},"modified":"2026-01-27T19:16:26","modified_gmt":"2026-01-27T17:16:26","slug":"pink-flash-lash-and-brow-lift-step-3-2","status":"publish","type":"product","link":"https:\/\/pomello.ee\/fi\/toode\/pink-flash-lash-and-brow-lift-step-3-2\/","title":{"rendered":"PINK FLASH Lash and Brow Lift Step 3"},"content":{"rendered":"<p>Varastointi:<br \/>\nS\u00e4ilyt\u00e4 viile\u00e4ss\u00e4 huoneenl\u00e4mm\u00f6ss\u00e4.<br \/>\nSulje pussi avaamisen j\u00e4lkeen teipill\u00e4, merkitse avausp\u00e4iv\u00e4m\u00e4\u00e4r\u00e4 teippiin ja laita ilmatiiviiseen pussiin.<\/p>\n<p>Ainesosat: Pantenoli, hyaluronihappo, siideriuute, aloe vera, hydrolysoitu riisi, vehn\u00e4- ja soijaproteiini, rosmariini-, kamomilla-, arnika- ja aprikoosiuute.<\/p>\n<p>Katso, kuinka Lashmother Uliana Shchepeleva k\u00e4ytt\u00e4\u00e4 Pink Flashia <a href=\"https:\/\/www.instagram.com\/p\/C8P2dYqRDiu\/\" target=\"_blank\" rel=\"noopener\">t\u00e4st\u00e4<\/a><\/p>\n","protected":false},"excerpt":{"rendered":"<p>PINK FLASH Lash and Brow Lift Step 3 \u2013 kosteuttava ja ravitseva seerumi ripsille ja kulmakarvoille<\/p>\n<p>Pink Flash Step 3 Flash On Vitamin on toimenpiteen viimeinen vaihe, joka suorittaa kaksi t\u00e4rke\u00e4\u00e4 teht\u00e4v\u00e4\u00e4: se poistaa j\u00e4\u00e4nn\u00f6kset ripsist\u00e4 ja ravitsee niit\u00e4 tarjoten tarvittavat vitamiinit terveelle ja vahvalle kasvulle. Flash On Vitamin auttaa ripsi\u00e4 kasvamaan vahvemmiksi, paksummiksi ja terveemmiksi samalla, kun ne kosteuttavat ja hoitavat syv\u00e4\u00e4.<\/p>\n<p>Paketti sis\u00e4lt\u00e4\u00e4:<br \/>\n1 pussi 1,5 ml Pink Flash Lash &amp; Brow Vaihe 3<\/p>\n","protected":false},"featured_media":30206,"comment_status":"open","ping_status":"closed","template":"","meta":{"_monsterinsights_skip_tracking":false,"_monsterinsights_sitenote_active":false,"_monsterinsights_sitenote_note":"","_monsterinsights_sitenote_category":0},"product_brand":[],"product_cat":[476,517,899,477,516,475],"product_tag":[],"class_list":{"0":"post-30272","1":"product","2":"type-product","3":"status-publish","4":"has-post-thumbnail","6":"product_cat-kulmakarvat","7":"product_cat-emulsiot","8":"product_cat-emulsiot-fi","9":"product_cat-kulmien-laminointi","10":"product_cat-lash-lift-fi","11":"product_cat-ripset","12":"pa_brand-pink-flash-switzerland-fi","14":"first","15":"outofstock","16":"taxable","17":"shipping-taxable","18":"purchasable","19":"product-type-simple"},"_links":{"self":[{"href":"https:\/\/pomello.ee\/fi\/wp-json\/wp\/v2\/product\/30272","targetHints":{"allow":["GET"]}}],"collection":[{"href":"https:\/\/pomello.ee\/fi\/wp-json\/wp\/v2\/product"}],"about":[{"href":"https:\/\/pomello.ee\/fi\/wp-json\/wp\/v2\/types\/product"}],"replies":[{"embeddable":true,"href":"https:\/\/pomello.ee\/fi\/wp-json\/wp\/v2\/comments?post=30272"}],"wp:featuredmedia":[{"embeddable":true,"href":"https:\/\/pomello.ee\/fi\/wp-json\/wp\/v2\/media\/30206"}],"wp:attachment":[{"href":"https:\/\/pomello.ee\/fi\/wp-json\/wp\/v2\/media?parent=30272"}],"wp:term":[{"taxonomy":"product_brand","embeddable":true,"href":"https:\/\/pomello.ee\/fi\/wp-json\/wp\/v2\/product_brand?post=30272"},{"taxonomy":"product_cat","embeddable":true,"href":"https:\/\/pomello.ee\/fi\/wp-json\/wp\/v2\/product_cat?post=30272"},{"taxonomy":"product_tag","embeddable":true,"href":"https:\/\/pomello.ee\/fi\/wp-json\/wp\/v2\/product_tag?post=30272"}],"curies":[{"name":"wp","href":"https:\/\/api.w.org\/{rel}","templated":true}]}}