{"id":30276,"date":"2024-12-15T22:03:49","date_gmt":"2024-12-15T20:03:49","guid":{"rendered":"https:\/\/pomello.ee\/toode\/pink-flash-lash-and-brow-lift-trio\/"},"modified":"2026-01-27T19:15:46","modified_gmt":"2026-01-27T17:15:46","slug":"pink-flash-lash-and-brow-lift-trio","status":"publish","type":"product","link":"https:\/\/pomello.ee\/fi\/toode\/pink-flash-lash-and-brow-lift-trio\/","title":{"rendered":"PINK FLASH Lash and Brow Lift TRIO"},"content":{"rendered":"<p>Varastointi:<br \/>\nS\u00e4ilyt\u00e4 viile\u00e4ss\u00e4 huoneenl\u00e4mm\u00f6ss\u00e4.<br \/>\nSulje pussi avaamisen j\u00e4lkeen teipill\u00e4, merkitse avausp\u00e4iv\u00e4m\u00e4\u00e4r\u00e4 teippiin ja laita ilmatiiviiseen pussiin.<\/p>\n<p>Katso, kuinka Lashmother Uliana Shchepeleva k\u00e4ytt\u00e4\u00e4 Pink Flashia <a href=\"https:\/\/www.instagram.com\/p\/C8P2dYqRDiu\/\" target=\"_blank\" rel=\"noopener\">t\u00e4st\u00e4<\/a><\/p>\n","protected":false},"excerpt":{"rendered":"<p>PINK FLASH Lash and Brow Lift Step TRIO \u2013 t\u00e4ydellinen ratkaisu ripsien ja kulmakarvojen laminointiin<\/p>\n<p>PINK FLASH Lash and Brow Lift Step TRIO tarjoaa kaiken mit\u00e4 tarvitset ammattimaiseen ripsien ja kulmakarvojen laminointiin. Kolmivaiheinen sarja sis\u00e4lt\u00e4\u00e4 kaikki tuotteet, joita tarvitset t\u00e4ydellisen ja kauniin lopputuloksen saavuttamiseksi.<\/p>\n<p>Vaihe 1 \u2013 Lash Lift &amp; Brow Lifting Cream<\/p>\n<p>Vaikutusaika:<\/p>\n<p>Ohuet luonnolliset ripset\/hienot kulmakarvat: 5 minuuttia<br \/>\nKeskipitk\u00e4t luonnolliset ripset \/ paksummat kulmakarvat: 5-7 minuuttia<br \/>\nPidemm\u00e4t ja paksummat ripset: 7-9 minuuttia<br \/>\nVaihe 2 \u2013 Flash Fix<\/p>\n<p>Vaikutusaika:<\/p>\n<p>Luonnolliset ohuet ripset\/kulmakarvat: 5 minuuttia<br \/>\nPidemm\u00e4t ja paksummat ripset\/kulmakarvat: 6-7 minuuttia<br \/>\nVaihe 3 \u2013 Flash On Vitamin<br \/>\nViimeinen vaihe on kosteuttava ja ravitseva seerumi, joka poistaa kaikki j\u00e4\u00e4m\u00e4t ja antaa lis\u00e4hoitoa ripsille. Ainesosat, kuten pantenoli, hyaluronihappo ja aloe vera, ravitsevat ja kosteuttavat ripsi\u00e4 edist\u00e4en niiden tervett\u00e4 kasvua ja vahvistumista. Valotusaika 5 min<\/p>\n<p>PINK FLASH Lash and Brow Lift Step TRIO on all-in-one-ratkaisu ammattilaisille, jotka haluavat tarjota asiakkailleen t\u00e4ydellisen ripsien ja kulmakarvojen laminoinnin. Kaikki kolme vaihetta on suunniteltu varmistamaan terveelliset, kauniit ja pitk\u00e4kestoiset tulokset.<\/p>\n<p>3 pussia 1,5 ml Pink Flash Lash &amp; Brow emulsioita<\/p>\n","protected":false},"featured_media":30214,"comment_status":"open","ping_status":"closed","template":"","meta":{"_monsterinsights_skip_tracking":false,"_monsterinsights_sitenote_active":false,"_monsterinsights_sitenote_note":"","_monsterinsights_sitenote_category":0},"product_brand":[],"product_cat":[476,517,899,477,516,1206,475],"product_tag":[],"class_list":{"0":"post-30276","1":"product","2":"type-product","3":"status-publish","4":"has-post-thumbnail","6":"product_cat-kulmakarvat","7":"product_cat-emulsiot","8":"product_cat-emulsiot-fi","9":"product_cat-kulmien-laminointi","10":"product_cat-lash-lift-fi","11":"product_cat-lash-lift-laminointisetit","12":"product_cat-ripset","13":"pa_brand-pink-flash-switzerland-fi","15":"first","16":"outofstock","17":"taxable","18":"shipping-taxable","19":"purchasable","20":"product-type-simple"},"_links":{"self":[{"href":"https:\/\/pomello.ee\/fi\/wp-json\/wp\/v2\/product\/30276","targetHints":{"allow":["GET"]}}],"collection":[{"href":"https:\/\/pomello.ee\/fi\/wp-json\/wp\/v2\/product"}],"about":[{"href":"https:\/\/pomello.ee\/fi\/wp-json\/wp\/v2\/types\/product"}],"replies":[{"embeddable":true,"href":"https:\/\/pomello.ee\/fi\/wp-json\/wp\/v2\/comments?post=30276"}],"wp:featuredmedia":[{"embeddable":true,"href":"https:\/\/pomello.ee\/fi\/wp-json\/wp\/v2\/media\/30214"}],"wp:attachment":[{"href":"https:\/\/pomello.ee\/fi\/wp-json\/wp\/v2\/media?parent=30276"}],"wp:term":[{"taxonomy":"product_brand","embeddable":true,"href":"https:\/\/pomello.ee\/fi\/wp-json\/wp\/v2\/product_brand?post=30276"},{"taxonomy":"product_cat","embeddable":true,"href":"https:\/\/pomello.ee\/fi\/wp-json\/wp\/v2\/product_cat?post=30276"},{"taxonomy":"product_tag","embeddable":true,"href":"https:\/\/pomello.ee\/fi\/wp-json\/wp\/v2\/product_tag?post=30276"}],"curies":[{"name":"wp","href":"https:\/\/api.w.org\/{rel}","templated":true}]}}