{"id":30280,"date":"2024-12-15T22:20:37","date_gmt":"2024-12-15T20:20:37","guid":{"rendered":"https:\/\/pomello.ee\/toode\/pink-flash-lash-and-brow-lift-aloe-boost\/"},"modified":"2026-01-27T19:15:17","modified_gmt":"2026-01-27T17:15:17","slug":"pink-flash-lash-and-brow-lift-aloe-boost","status":"publish","type":"product","link":"https:\/\/pomello.ee\/fi\/toode\/pink-flash-lash-and-brow-lift-aloe-boost\/","title":{"rendered":"PINK FLASH Lash and Brow Lift ALOE BOOST"},"content":{"rendered":"","protected":false},"excerpt":{"rendered":"<p>PINK FLASH Lash and Brow Lift ALOE BOOST \u2013 syv\u00e4kosteuttava geeli, joka palauttaa ja suojaa ripsi\u00e4 ja kulmakarvoja<\/p>\n<p>Flash Aloe Boost on geelim\u00e4inen tuote, joka kosteuttaa, palauttaa ja suojaa ripsien ja kulmakarvojen rakennetta syv\u00e4lt\u00e4 kemiallisten k\u00e4sittelyjen j\u00e4lkeen (esim. laminointi, ripsien kohotus, valkaisu jne.). Geeli ravitsee, rauhoittaa, tasoittaa, peitt\u00e4\u00e4 ja antaa volyymia ja kiiltoa. Se on suunniteltu tehostamaan kulmakarvojen ja ripsien uusiutumista, edist\u00e4m\u00e4\u00e4n uusien karvojen kasvua ja maksimoimaan olemassa olevien karvojen uudelleenkasvua.<\/p>\n<p>K\u00e4ytt\u00f6:<br \/>\nLevit\u00e4 pieni m\u00e4\u00e4r\u00e4 geeli\u00e4 ripsiin ja kulmakarvoihin siveltimell\u00e4 toimenpiteen viimeisen\u00e4 vaiheena (vaihe 4) kaikkien kemiallisten k\u00e4sittelyjen (v\u00e4rj\u00e4ys, henna, laminointi, ripsien kohotus jne.) j\u00e4lkeen. K\u00e4yt\u00e4 geeli\u00e4 kotihoidossa kahdesti p\u00e4iv\u00e4ss\u00e4 \u2013 aamulla ja illalla. Levit\u00e4 geeli\u00e4 juurista alkaen varmistaaksesi, ett\u00e4 jokainen hius on mahdollisimman ravittu.<\/p>\n<p>P\u00e4\u00e4ominaisuudet:<\/p>\n<p>Kumulatiivinen vaikutus<br \/>\nLis\u00e4\u00e4 ripsien ja kulmakarvojen volyymia ja vahvuutta<br \/>\nSilottaa, kosteuttaa ja ravitsee sek\u00e4 hiuksia ett\u00e4 ihoa<br \/>\nHidastaa ripsien ja kulmakarvojen irtoamista<br \/>\nStimuloi karvatupen uusiutumista<br \/>\nVahvistaa solukalvoja<\/p>\n<p>Flash Aloe Boost on t\u00e4ydellinen tuote pit\u00e4m\u00e4\u00e4n silm\u00e4ripset ja kulmakarvat tervein\u00e4 toimenpiteen j\u00e4lkeen ja antamaan niille niiden tarvitsemia ravinteita ja kosteutta.<\/p>\n","protected":false},"featured_media":30218,"comment_status":"open","ping_status":"closed","template":"","meta":{"_monsterinsights_skip_tracking":false,"_monsterinsights_sitenote_active":false,"_monsterinsights_sitenote_note":"","_monsterinsights_sitenote_category":0},"product_brand":[],"product_cat":[476,899,517,518,915,917,923,477,516,475],"product_tag":[],"class_list":{"0":"post-30280","1":"product","2":"type-product","3":"status-publish","4":"has-post-thumbnail","6":"product_cat-kulmakarvat","7":"product_cat-emulsiot-fi","8":"product_cat-emulsiot","9":"product_cat-jalkihoito","10":"product_cat-esi-ja-jalkihoito","11":"product_cat-jalkihoito-fi","12":"product_cat-jalkihoito-ja-kosteuttaminen","13":"product_cat-kulmien-laminointi","14":"product_cat-lash-lift-fi","15":"product_cat-ripset","16":"pa_brand-pink-flash-switzerland-fi","17":"pa_suurus-15-ml-fi","18":"pa_suurus-3-ml-fi","20":"first","21":"instock","22":"taxable","23":"shipping-taxable","24":"purchasable","25":"product-type-variable"},"_links":{"self":[{"href":"https:\/\/pomello.ee\/fi\/wp-json\/wp\/v2\/product\/30280","targetHints":{"allow":["GET"]}}],"collection":[{"href":"https:\/\/pomello.ee\/fi\/wp-json\/wp\/v2\/product"}],"about":[{"href":"https:\/\/pomello.ee\/fi\/wp-json\/wp\/v2\/types\/product"}],"replies":[{"embeddable":true,"href":"https:\/\/pomello.ee\/fi\/wp-json\/wp\/v2\/comments?post=30280"}],"wp:featuredmedia":[{"embeddable":true,"href":"https:\/\/pomello.ee\/fi\/wp-json\/wp\/v2\/media\/30218"}],"wp:attachment":[{"href":"https:\/\/pomello.ee\/fi\/wp-json\/wp\/v2\/media?parent=30280"}],"wp:term":[{"taxonomy":"product_brand","embeddable":true,"href":"https:\/\/pomello.ee\/fi\/wp-json\/wp\/v2\/product_brand?post=30280"},{"taxonomy":"product_cat","embeddable":true,"href":"https:\/\/pomello.ee\/fi\/wp-json\/wp\/v2\/product_cat?post=30280"},{"taxonomy":"product_tag","embeddable":true,"href":"https:\/\/pomello.ee\/fi\/wp-json\/wp\/v2\/product_tag?post=30280"}],"curies":[{"name":"wp","href":"https:\/\/api.w.org\/{rel}","templated":true}]}}