{"id":30370,"date":"2024-12-24T11:03:54","date_gmt":"2024-12-24T09:03:54","guid":{"rendered":"https:\/\/pomello.ee\/toode\/noemi-redness-neutralizeria\/"},"modified":"2025-11-28T07:45:16","modified_gmt":"2025-11-28T05:45:16","slug":"noemi-redness-neutralizeria","status":"publish","type":"product","link":"https:\/\/pomello.ee\/fi\/toode\/noemi-redness-neutralizeria\/","title":{"rendered":"NOEMI Redness Neutralizeria"},"content":{"rendered":"<p><strong>Noemi Redness Neutralizeria\u2013 t\u00e4ydellinen hoito kosmetologille<\/strong><\/p>\n<p>Noemi Redness Neutralizeria tai Redness Neutralizer on erityisesti suunniteltu rauhoittamaan ja v\u00e4hent\u00e4m\u00e4\u00e4n punoitusta kulmakarvojen vahauksen j\u00e4lkeen varmistaen virheett\u00f6m\u00e4n ja tasaisen tuloksen. T\u00e4m\u00e4 innovatiivinen tuote auttaa ehk\u00e4isem\u00e4\u00e4n punoitusta, tarjoamalla parempia tuloksia valokuvissa ja tarjoamalla asiakkaalle mukavuutta, jolloin he voivat jatkaa luottavaisesti p\u00e4ivitt\u00e4isi\u00e4 toimintojaan.<\/p>\n<p>Neutralisaattori ei vain piilota v\u00e4litt\u00f6m\u00e4sti punoitusta, vaan my\u00f6s kosteuttaa ja rauhoittaa ihoa, joten t\u00e4m\u00e4 hoito on ihanteellinen valinta kaikille kauneusalan ammattilaisille.<\/p>\n<p><strong>Edut:<\/strong><\/p>\n<p><strong>Neutraloitava punoitus:<\/strong> Vihre\u00e4s\u00e4vyinen yleisvoide v\u00e4hent\u00e4\u00e4 tehokkaasti punoitusta ja varmistaa tasaisen ihon.<br \/>\n<strong>Rauhoittava ja kosteuttava:<\/strong> Ainutlaatuinen koostumus rauhoittaa ihoa ja lievitt\u00e4\u00e4 \u00e4rsytyst\u00e4 karvanpoiston j\u00e4lkeen j\u00e4tt\u00e4en ihon pehme\u00e4ksi ja mukavaksi.<br \/>\n<strong>T\u00e4ydellinen lopputulos:<\/strong> Ihanteellinen ammattilaisille, jotka haluavat tarjota asiakkailleen virheett\u00f6m\u00e4n ja luonnollisen ilmeen \u2013 t\u00e4ydellinen sek\u00e4 valokuviin ett\u00e4 nopeisiin tapaamisiin hoidon j\u00e4lkeen.<br \/>\n<strong>Sopii kaikille ihotyypeille:<\/strong> Yleisvihre\u00e4 s\u00e4vy on suunniteltu sopimaan jokaiselle ihotyypille ja -s\u00e4vylle.<br \/>\n<strong>Helppo ja k\u00e4yt\u00e4nn\u00f6llinen k\u00e4ytt\u00e4\u00e4:<\/strong> Helppo levitt\u00e4\u00e4 siveltimell\u00e4, sulautuu luonnollisesti ihoon ja antaa s\u00e4teilev\u00e4n lopputuloksen.<\/p>\n<p><strong>K\u00e4ytt\u00f6ohje:<\/strong><\/p>\n<p>Ota pieni m\u00e4\u00e4r\u00e4 Noemi Redness Neutralizeria siveltimell\u00e4.<br \/>\nLevit\u00e4 varovasti kulmakarvojen alueelle vahauksen j\u00e4lkeen v\u00e4hent\u00e4\u00e4ksesi punoitusta.<br \/>\nToista tarvittaessa saadaksesi tehokkaamman peiton asiakkaan tarpeiden mukaan.<br \/>\nAnna tuotteen sulautua ihoon tasaisen ja luonnollisen lopputuloksen saamiseksi.<\/p>\n<p><strong>Ainesosat:<\/strong><\/p>\n<p><strong>Vesi:<\/strong> Kosteuttaa ja rauhoittaa ihoa.<br \/>\n<strong>Universaali vihre\u00e4 s\u00e4vy:<\/strong> neutraloi tehokkaasti punoitusta j\u00e4tt\u00e4m\u00e4tt\u00e4 n\u00e4kyvi\u00e4 j\u00e4lki\u00e4.<br \/>\n<strong>Modulaarinen koostumus:<\/strong> Mahdollistaa r\u00e4\u00e4t\u00e4l\u00f6idyn k\u00e4yt\u00f6n tarpeen mukaan.<\/p>\n","protected":false},"excerpt":{"rendered":"<p>NOEMI Redness Neutralizer on ammattimainen ratkaisu kulmakarvojen vahauksen j\u00e4lkeisen punoituksen v\u00e4hent\u00e4miseen. Se neutraloi v\u00e4litt\u00f6m\u00e4sti punoituksen, kosteuttaa ja rauhoittaa ihoa varmistaen virheett\u00f6m\u00e4n ja luonnollisen tuloksen. Ihanteellinen tuote kosmetologille, joka haluaa tarjota asiakkailleen mukavuutta ja luottamusta.<\/p>\n","protected":false},"featured_media":30354,"comment_status":"open","ping_status":"closed","template":"","meta":{"_monsterinsights_skip_tracking":false,"_monsterinsights_sitenote_active":false,"_monsterinsights_sitenote_note":"","_monsterinsights_sitenote_category":0},"product_brand":[],"product_cat":[476,915,917,552,507,542],"product_tag":[],"class_list":{"0":"post-30370","1":"product","2":"type-product","3":"status-publish","4":"has-post-thumbnail","6":"product_cat-kulmakarvat","7":"product_cat-esi-ja-jalkihoito","8":"product_cat-jalkihoito-fi","9":"product_cat-jalkihuolto","10":"product_cat-karvanpoisto","11":"product_cat-karvanpoisto-tarvikkeet-fi","12":"pa_brand-noemi-fi","13":"pa_suurus-20-g-fi","15":"first","16":"instock","17":"taxable","18":"shipping-taxable","19":"purchasable","20":"product-type-simple"},"_links":{"self":[{"href":"https:\/\/pomello.ee\/fi\/wp-json\/wp\/v2\/product\/30370","targetHints":{"allow":["GET"]}}],"collection":[{"href":"https:\/\/pomello.ee\/fi\/wp-json\/wp\/v2\/product"}],"about":[{"href":"https:\/\/pomello.ee\/fi\/wp-json\/wp\/v2\/types\/product"}],"replies":[{"embeddable":true,"href":"https:\/\/pomello.ee\/fi\/wp-json\/wp\/v2\/comments?post=30370"}],"wp:featuredmedia":[{"embeddable":true,"href":"https:\/\/pomello.ee\/fi\/wp-json\/wp\/v2\/media\/30354"}],"wp:attachment":[{"href":"https:\/\/pomello.ee\/fi\/wp-json\/wp\/v2\/media?parent=30370"}],"wp:term":[{"taxonomy":"product_brand","embeddable":true,"href":"https:\/\/pomello.ee\/fi\/wp-json\/wp\/v2\/product_brand?post=30370"},{"taxonomy":"product_cat","embeddable":true,"href":"https:\/\/pomello.ee\/fi\/wp-json\/wp\/v2\/product_cat?post=30370"},{"taxonomy":"product_tag","embeddable":true,"href":"https:\/\/pomello.ee\/fi\/wp-json\/wp\/v2\/product_tag?post=30370"}],"curies":[{"name":"wp","href":"https:\/\/api.w.org\/{rel}","templated":true}]}}