{"id":30482,"date":"2025-01-05T12:24:14","date_gmt":"2025-01-05T10:24:14","guid":{"rendered":"https:\/\/pomello.ee\/toode\/zola-tattoo-tint\/"},"modified":"2025-02-26T13:02:46","modified_gmt":"2025-02-26T11:02:46","slug":"zola-tattoo-tint","status":"publish","type":"product","link":"https:\/\/pomello.ee\/fi\/toode\/zola-tattoo-tint\/","title":{"rendered":"ZOLA TATTOO TINT"},"content":{"rendered":"<p><strong>ZOLA TATTOO INK kulmakarvav\u00e4ri<\/strong><\/p>\n<p><strong>Puhdista ihosi<\/strong> \u2013 poista kosmetiikka ja lika puhdistusaineilla.<br \/>\n<strong>M\u00e4\u00e4rittele muoto<\/strong> \u2013 K\u00e4yt\u00e4 kulmakarvojen lyijykyn\u00e4\u00e4, Brow Pastea tai kulmakarvojen pujottajaa m\u00e4\u00e4ritt\u00e4\u00e4ksesi selke\u00e4sti haluamasi kulmakarvojen muodon. Valitse ty\u00f6kalu mukavuutesi ja tyylisi mukaan.<br \/>\n<strong>Levit\u00e4 v\u00e4ri\u00e4<\/strong> \u2013 levit\u00e4 v\u00e4ri\u00e4 ohuena, tasaisena kerroksena kulmakarvoillesi tai ripsillesi.<br \/>\n<strong>Anna vaikuttaa<\/strong> \u2013 halutusta intensiteetist\u00e4 riippuen, anna v\u00e4rin vaikuttaa 1-5 minuuttia.<br \/>\n<strong>Poista maali<\/strong> \u2013 pyyhi j\u00e4ljelle j\u00e4\u00e4nyt maali vedell\u00e4 kostutetulla vanulapulla.<\/p>\n<p>Haluatko syvemm\u00e4n s\u00e4vyn? Levit\u00e4 maali uudelleen ohuena kerroksena!<\/p>\n","protected":false},"excerpt":{"rendered":"<p><strong>ZOLA TATTOO TINT \u2013 Innovatiivinen pigmentti vie kulmakarvataiteen uudelle tasolle<\/strong><\/p>\n<p>ZOLA TATTOO INK on ammattimainen ja ainutlaatuinen suora pigmentti, joka v\u00e4rj\u00e4\u00e4 vain ihoa j\u00e4tt\u00e4en luonnollisen ja tarkan lopputuloksen. Se ei vaikuta hiusten v\u00e4riin eik\u00e4 vaadi sekoittamista hapettimen kanssa, joten se on ihanteellinen valinta erilaisiin tarpeisiin ja tekniikoihin.<\/p>\n<p><strong>Miksi valita ZOLA TATTOO TINT?<\/strong><\/p>\n<p><strong>T\u00e4ydellinen j\u00e4tt\u00e4m\u00e4\u00e4n j\u00e4ljen iholle:<\/strong> Sopii asiakkaille, jotka eiv\u00e4t halua v\u00e4rj\u00e4t\u00e4 hiuksiaan, mutta arvostavat tarkasti m\u00e4\u00e4riteltyj\u00e4 kulmakarvoja.<br \/>\n<strong>Kulmakarvojen laminointilis\u00e4:<\/strong> Ihanteellinen, jos et halua v\u00e4rj\u00e4t\u00e4 hiuksiasi, mutta haluat lis\u00e4t\u00e4 luonnollisen s\u00e4vyn ihollesi.<br \/>\n<strong>T\u00e4ytt\u00e4\u00e4 kulmakarvojen aukot ja kolot:<\/strong> Luo tasaisen ja ammattimaisen lopputuloksen.<br \/>\n<strong>K\u00e4ytet\u00e4\u00e4n hiustekniikan kanssa:<\/strong> Tarkkojen, piirrettyjen hiusten vaikutuksen saavuttamiseksi.<br \/>\n<strong>Turvallinen allergikoille:<\/strong> Ei sis\u00e4ll\u00e4 PPD:t\u00e4, joten se on loistava valinta herk\u00e4lle iholle.<br \/>\n<strong>Toistuvaan k\u00e4ytt\u00f6\u00f6n:<\/strong> Koska se ei v\u00e4rj\u00e4\u00e4 hiuksia, tuotetta voidaan k\u00e4ytt\u00e4\u00e4 s\u00e4\u00e4nn\u00f6llisemmin.<\/p>\n<p><strong>T\u00e4rke\u00e4\u00e4 tiet\u00e4\u00e4 ennen k\u00e4ytt\u00f6\u00e4:<\/strong><\/p>\n<ul>\n<li>Ruskean s\u00e4vyt ovat eritt\u00e4in l\u00e4mpimi\u00e4, mink\u00e4 vuoksi suosittelemme aina sekoittamaan ne mustaan \u200b\u200btai tummanharmaaseen tasapainoisen tuloksen saavuttamiseksi.<\/li>\n<li>Pigmentti on eritt\u00e4in vahvaa, joten sit\u00e4 tulee levitt\u00e4\u00e4 ohuina kerroksina liiallisen intensiteetin v\u00e4ltt\u00e4miseksi.<\/li>\n<li>L\u00e4pin\u00e4kyv\u00e4mm\u00e4n tuloksen saamiseksi seosta voidaan laimentaa <a href=\"https:\/\/pomello.ee\/fi\/toode\/zola-aqua-fluid-seerumi\/\"><strong>Aqua Fluidilla<\/strong><\/a> pehme\u00e4mm\u00e4n ja luonnollisemman vaikutuksen saamiseksi.<\/li>\n<\/ul>\n<p><strong>Kenelle ZOLA TATTOO INK sopii?<\/strong>T\u00e4m\u00e4 tuote on tarkoitettu kaikille, jotka arvostavat tarkkuutta, kest\u00e4vyytt\u00e4 ja ammattimaista laatua. Se on t\u00e4ydellinen ty\u00f6kalu kulmakarvojen taiteilijoille, jotka haluavat tarjota asiakkailleen parhaat mahdolliset tulokset \u2013 olipa kyseess\u00e4 sitten luonnollisen vaikutelman j\u00e4tt\u00e4minen ihoon, hienovaraisen s\u00e4vyn lis\u00e4\u00e4minen tai kulmakarvojen aukkojen t\u00e4ytt\u00e4minen.<\/p>\n<p>ZOLA TATTOO TINT \u2013 uusi suosikki kulmakarvataiteilijasi!<\/p>\n","protected":false},"featured_media":30469,"comment_status":"open","ping_status":"closed","template":"","meta":{"_monsterinsights_skip_tracking":false,"_monsterinsights_sitenote_active":false,"_monsterinsights_sitenote_note":"","_monsterinsights_sitenote_category":0},"product_brand":[],"product_cat":[476,909,479],"product_tag":[],"class_list":{"0":"post-30482","1":"product","2":"type-product","3":"status-publish","4":"has-post-thumbnail","6":"product_cat-kulmakarvat","7":"product_cat-kestovari","8":"product_cat-ripsien-ja-kulmakarvojen-varit-fi","9":"pa_brand-zola-fi","10":"pa_suurus-15-ml-fi","11":"pa_varv-black-fi","12":"pa_varv-brown-fi","13":"pa_varv-dark-gray-fi","14":"pa_varv-light-brown-fi","16":"first","17":"instock","18":"taxable","19":"shipping-taxable","20":"purchasable","21":"product-type-variable"},"_links":{"self":[{"href":"https:\/\/pomello.ee\/fi\/wp-json\/wp\/v2\/product\/30482","targetHints":{"allow":["GET"]}}],"collection":[{"href":"https:\/\/pomello.ee\/fi\/wp-json\/wp\/v2\/product"}],"about":[{"href":"https:\/\/pomello.ee\/fi\/wp-json\/wp\/v2\/types\/product"}],"replies":[{"embeddable":true,"href":"https:\/\/pomello.ee\/fi\/wp-json\/wp\/v2\/comments?post=30482"}],"wp:featuredmedia":[{"embeddable":true,"href":"https:\/\/pomello.ee\/fi\/wp-json\/wp\/v2\/media\/30469"}],"wp:attachment":[{"href":"https:\/\/pomello.ee\/fi\/wp-json\/wp\/v2\/media?parent=30482"}],"wp:term":[{"taxonomy":"product_brand","embeddable":true,"href":"https:\/\/pomello.ee\/fi\/wp-json\/wp\/v2\/product_brand?post=30482"},{"taxonomy":"product_cat","embeddable":true,"href":"https:\/\/pomello.ee\/fi\/wp-json\/wp\/v2\/product_cat?post=30482"},{"taxonomy":"product_tag","embeddable":true,"href":"https:\/\/pomello.ee\/fi\/wp-json\/wp\/v2\/product_tag?post=30482"}],"curies":[{"name":"wp","href":"https:\/\/api.w.org\/{rel}","templated":true}]}}