{"id":30637,"date":"2025-01-15T23:06:09","date_gmt":"2025-01-15T21:06:09","guid":{"rendered":"https:\/\/pomello.ee\/toode\/nikk-mole-mekaaninen-kulmakyna-ultra-thin\/"},"modified":"2025-01-15T23:06:09","modified_gmt":"2025-01-15T21:06:09","slug":"nikk-mole-mekaaninen-kulmakyna-ultra-thin","status":"publish","type":"product","link":"https:\/\/pomello.ee\/fi\/toode\/nikk-mole-mekaaninen-kulmakyna-ultra-thin\/","title":{"rendered":"Nikk Mole mekaaninen kulmakyn\u00e4 Ultra Thin"},"content":{"rendered":"<p><strong>P\u00e4\u00e4ominaisuudet:<\/strong><\/p>\n<p><strong>Pehme\u00e4 rakenne:<\/strong> Helppo levitt\u00e4\u00e4, j\u00e4tt\u00e4\u00e4 luonnollisen tuloksen.<br \/>\n<strong>Eritt\u00e4in ohut muotoilu:<\/strong> Soveltuu tarkkaan ja yksityiskohtaiseen ty\u00f6h\u00f6n.<br \/>\n<strong>Mukava harja:<\/strong> Auttaa mallintamaan ja muotoilemaan kulmakarvoja.<br \/>\n<strong>Automaattinen mekanismi:<\/strong> Ei teroitusta \u2013 k\u00e4tev\u00e4 ja nopea k\u00e4ytt\u00e4\u00e4.<\/p>\n<p><strong>K\u00e4ytt\u00f6:<\/strong><\/p>\n<ol>\n<li>K\u00e4yt\u00e4 lyijykyn\u00e4n hienoa k\u00e4rke\u00e4 ja t\u00e4yt\u00e4 kulmakarvojen v\u00e4lit kevyin vedoin.<\/li>\n<li>Kampaa kulmakarvat siveltimell\u00e4 ja yhdist\u00e4 v\u00e4rit luonnolliseen lopputulokseen.<\/li>\n<\/ol>\n<p><strong>Varotoimenpiteet:<\/strong><\/p>\n<p>V\u00e4lt\u00e4 kosketusta silmiin. Jos ainetta joutuu silmiin, huuhtele v\u00e4litt\u00f6m\u00e4sti vedell\u00e4 ja hakeudu tarvittaessa l\u00e4\u00e4k\u00e4riin.<br \/>\nMahdollinen yksil\u00f6llinen herkkyys ainesosille.<\/p>\n<p><strong>S\u00e4ilytysolosuhteet:<\/strong><\/p>\n<p>S\u00e4ilyt\u00e4 +5\u00b0C &#8211; +25\u00b0C l\u00e4mp\u00f6tilassa, poissa lasten ja el\u00e4inten ulottuvilta.<br \/>\nV\u00e4lt\u00e4 suoraa auringonvaloa.<br \/>\nSulje korkki tiukasti s\u00e4ilytt\u00e4\u00e4ksesi tuotteen laadun.<br \/>\nK\u00e4yt\u00e4 pakkauksessa ilmoitettuun p\u00e4iv\u00e4m\u00e4\u00e4r\u00e4\u00e4n menness\u00e4.<\/p>\n<p><strong>Nikk Mole mekaaninen kulmakarvojen kyn\u00e4 \u2013 helppo, tarkka ja luonnollinen tapa korostaa kulmakarvojasi!<\/strong><\/p>\n","protected":false},"excerpt":{"rendered":"<p>Nikk Mole mekaaninen kulmakyn\u00e4 Ultra Thin<\/p>\n<p>Luotu niille, jotka haluavat saavuttaa t\u00e4ydelliset ja luonnolliset kulmakarvat joka p\u00e4iv\u00e4. Valikoima kahdesta s\u00e4vyst\u00e4, jotka korostavat kulmakarvojen luonnollista kauneutta ja antavat niille selke\u00e4n ja harmonisen ilmeen.<\/p>\n<p>T\u00e4m\u00e4n kulmakyn\u00e4n eritt\u00e4in ohuen 1,5 mm:n johdon avulla voit t\u00e4ytt\u00e4\u00e4 aukot ja muotoilla kulmakaarisi tarkoilla, hienoilla vedoilla. Tuloksena on luonnollinen ja hyvin hoidettu look, joka sopii niin arkeen kuin juhlaan.<\/p>\n<p>Mekaaninen rakenne varmistaa, ett\u00e4 kyn\u00e4 on aina k\u00e4ytt\u00f6valmis eik\u00e4 vaadi teroitusta. Lis\u00e4ksi kyn\u00e4ss\u00e4 on k\u00e4tev\u00e4 sivellin, joka auttaa sekoittamaan v\u00e4ri\u00e4 tasaisesti ja muotoilemaan kulmakarvoja vaivattomasti.<\/p>\n<p>Se on luotettava apulainen, joka auttaa sinua saavuttamaan virheett\u00f6m\u00e4t, pitk\u00e4kestoiset tulokset joka vaiheessa ja lis\u00e4\u00e4m\u00e4\u00e4n ulkoasuasi ammattimaisen viimeistelyn.<\/p>\n","protected":false},"featured_media":30630,"comment_status":"open","ping_status":"closed","template":"","meta":{"_monsterinsights_skip_tracking":false,"_monsterinsights_sitenote_active":false,"_monsterinsights_sitenote_note":"","_monsterinsights_sitenote_category":0},"product_brand":[],"product_cat":[476,947],"product_tag":[],"class_list":{"0":"post-30637","1":"product","2":"type-product","3":"status-publish","4":"has-post-thumbnail","6":"product_cat-kulmakarvat","7":"product_cat-kulmakynat","8":"pa_brand-nikk-mole-fi","9":"pa_suurus-006-g-fi","10":"pa_varv-ash-brown-fi","11":"pa_varv-hot-latte-fi","13":"first","14":"instock","15":"taxable","16":"shipping-taxable","17":"purchasable","18":"product-type-variable"},"_links":{"self":[{"href":"https:\/\/pomello.ee\/fi\/wp-json\/wp\/v2\/product\/30637","targetHints":{"allow":["GET"]}}],"collection":[{"href":"https:\/\/pomello.ee\/fi\/wp-json\/wp\/v2\/product"}],"about":[{"href":"https:\/\/pomello.ee\/fi\/wp-json\/wp\/v2\/types\/product"}],"replies":[{"embeddable":true,"href":"https:\/\/pomello.ee\/fi\/wp-json\/wp\/v2\/comments?post=30637"}],"wp:featuredmedia":[{"embeddable":true,"href":"https:\/\/pomello.ee\/fi\/wp-json\/wp\/v2\/media\/30630"}],"wp:attachment":[{"href":"https:\/\/pomello.ee\/fi\/wp-json\/wp\/v2\/media?parent=30637"}],"wp:term":[{"taxonomy":"product_brand","embeddable":true,"href":"https:\/\/pomello.ee\/fi\/wp-json\/wp\/v2\/product_brand?post=30637"},{"taxonomy":"product_cat","embeddable":true,"href":"https:\/\/pomello.ee\/fi\/wp-json\/wp\/v2\/product_cat?post=30637"},{"taxonomy":"product_tag","embeddable":true,"href":"https:\/\/pomello.ee\/fi\/wp-json\/wp\/v2\/product_tag?post=30637"}],"curies":[{"name":"wp","href":"https:\/\/api.w.org\/{rel}","templated":true}]}}