{"id":30644,"date":"2025-01-14T20:36:42","date_gmt":"2025-01-14T18:36:42","guid":{"rendered":"https:\/\/pomello.ee\/toode\/bronsun-foam-cleanser\/"},"modified":"2025-04-05T08:07:40","modified_gmt":"2025-04-05T06:07:40","slug":"bronsun-foam-cleanser","status":"publish","type":"product","link":"https:\/\/pomello.ee\/fi\/toode\/bronsun-foam-cleanser\/","title":{"rendered":"BRONSUN FOAM CLEANSER"},"content":{"rendered":"","protected":false},"excerpt":{"rendered":"<p><strong>Bronsun Eyebrow Foam Cleanser<\/strong> on erityisesti suunniteltu puhdistamaan tehokkaasti kulmakarvat ja ihon ennen laminointia tai v\u00e4rj\u00e4yst\u00e4. T\u00e4m\u00e4 ilmava ja kevyt vaahto poistaa lian, meikkij\u00e4\u00e4m\u00e4t ja talin valmistaen ihon ja kulmakarvat virheett\u00f6miin tuloksiin.<\/p>\n<p><strong>Miksi valita Bronsun Foam Cleanser?<\/strong><\/p>\n<p><strong>Puhdistaa perusteellisesti<\/strong> \u2013 poistaa hell\u00e4varaisesti lian ja \u00f6ljyn j\u00e4tt\u00e4en ihon ja kulmakarvat t\u00e4ysin puhtaiksi.<br \/>\n<strong>Valmistelee ihoa<\/strong> \u2013 poistaa kuivuuden ja hilseilyn tasaisen ja pitk\u00e4kestoisen tuloksen saavuttamiseksi.<br \/>\n<strong>Hell\u00e4varainen ja tasapainoinen<\/strong> \u2013 yll\u00e4pit\u00e4\u00e4 ihon luonnollista kosteustasapainoa \u00e4rsytt\u00e4m\u00e4tt\u00e4 sit\u00e4.<\/p>\n<p><strong>Sis\u00e4lt\u00e4\u00e4 ylellisi\u00e4 ainesosia:<\/strong><\/p>\n<p><strong>Hydrolysoitu keratiini<\/strong> \u2013 tekee kulmakarvat sileiksi ja silkkisen pehmeiksi.<br \/>\n<strong>Hydrolysoitu silkki<\/strong> \u2013 lis\u00e4\u00e4 kulmakarvoihin kosteutta ja luonnollista kiiltoa.<br \/>\n<strong>Maitoproteiini<\/strong> \u2013 ravitsee ja rauhoittaa herkk\u00e4\u00e4 ihoa.<\/p>\n<p><strong>K\u00e4ytt\u00f6<\/strong>: Levit\u00e4 pieni m\u00e4\u00e4r\u00e4 vaahtoa kosteisiin kulmakarvoihin, hiero hell\u00e4varaisesti ja huuhtele huolellisesti vedell\u00e4.<\/p>\n<p><strong>Bronsun Eyebrow Foam Cleanser \u2013 luotettava apulainen saavuttaaksesi virheett\u00f6m\u00e4t ja pitk\u00e4kestoiset tulokset!<\/strong><\/p>\n","protected":false},"featured_media":30585,"comment_status":"open","ping_status":"closed","template":"","meta":{"_monsterinsights_skip_tracking":false,"_monsterinsights_sitenote_active":false,"_monsterinsights_sitenote_note":"","_monsterinsights_sitenote_category":0},"product_brand":[],"product_cat":[476,915,916,520],"product_tag":[],"class_list":{"0":"post-30644","1":"product","2":"type-product","3":"status-publish","4":"has-post-thumbnail","6":"product_cat-kulmakarvat","7":"product_cat-esi-ja-jalkihoito","8":"product_cat-esihoito-fi","9":"product_cat-puhdistustuotteet","10":"pa_brand-bronsun-fi","11":"pa_suurus-100-ml-fi","13":"first","14":"outofstock","15":"taxable","16":"shipping-taxable","17":"purchasable","18":"product-type-simple"},"_links":{"self":[{"href":"https:\/\/pomello.ee\/fi\/wp-json\/wp\/v2\/product\/30644","targetHints":{"allow":["GET"]}}],"collection":[{"href":"https:\/\/pomello.ee\/fi\/wp-json\/wp\/v2\/product"}],"about":[{"href":"https:\/\/pomello.ee\/fi\/wp-json\/wp\/v2\/types\/product"}],"replies":[{"embeddable":true,"href":"https:\/\/pomello.ee\/fi\/wp-json\/wp\/v2\/comments?post=30644"}],"wp:featuredmedia":[{"embeddable":true,"href":"https:\/\/pomello.ee\/fi\/wp-json\/wp\/v2\/media\/30585"}],"wp:attachment":[{"href":"https:\/\/pomello.ee\/fi\/wp-json\/wp\/v2\/media?parent=30644"}],"wp:term":[{"taxonomy":"product_brand","embeddable":true,"href":"https:\/\/pomello.ee\/fi\/wp-json\/wp\/v2\/product_brand?post=30644"},{"taxonomy":"product_cat","embeddable":true,"href":"https:\/\/pomello.ee\/fi\/wp-json\/wp\/v2\/product_cat?post=30644"},{"taxonomy":"product_tag","embeddable":true,"href":"https:\/\/pomello.ee\/fi\/wp-json\/wp\/v2\/product_tag?post=30644"}],"curies":[{"name":"wp","href":"https:\/\/api.w.org\/{rel}","templated":true}]}}