{"id":30708,"date":"2025-01-18T08:25:03","date_gmt":"2025-01-18T06:25:03","guid":{"rendered":"https:\/\/pomello.ee\/toode\/ekko-beauty-henna-dilution-liquid-50ml\/"},"modified":"2025-01-18T08:25:03","modified_gmt":"2025-01-18T06:25:03","slug":"ekko-beauty-henna-dilution-liquid-50ml","status":"publish","type":"product","link":"https:\/\/pomello.ee\/fi\/toode\/ekko-beauty-henna-dilution-liquid-50ml\/","title":{"rendered":"Ekko Beauty Henna Dilution Liquid 50ml"},"content":{"rendered":"<p><strong>K\u00e4ytt\u00f6:<\/strong><br \/>\nSekoita ei-metallisessa astiassa hennajauhetta ja 3-7 tippaa laimennusainetta. S\u00e4\u00e4d\u00e4 nesteen m\u00e4\u00e4r\u00e4 seoksen halutun koostumuksen mukaan.<\/p>\n<p><strong>Varoitukset:<\/strong><\/p>\n<p>V\u00e4lt\u00e4 kosketusta silmiin. Jos ainetta joutuu silmiin, huuhtele v\u00e4litt\u00f6m\u00e4sti vedell\u00e4.<br \/>\nMahdollinen herkkyys tietyille aineosille.<\/p>\n<p><strong>Varastointi:<\/strong><br \/>\nS\u00e4ilyt\u00e4 +5\u00b0C &#8211; +25\u00b0C l\u00e4mp\u00f6tilassa, poissa lasten ja el\u00e4inten ulottuvilta. Suojaa suoralta auringonvalolta ja sulje kansi huolellisesti k\u00e4yt\u00f6n j\u00e4lkeen.<\/p>\n","protected":false},"excerpt":{"rendered":"<p><strong>Ekko Beauty Henna Diluent 50ml \u2013 t\u00e4ydelliseen hennav\u00e4risekoitukseen<\/strong><\/p>\n<p>Ekko Beauty Henna Diluent on ammattimainen ratkaisu, jonka avulla valmistat hennav\u00e4riseoksen nopeasti ja helposti. Neste sekoittuu helposti hennajauheen kanssa varmistaen ihanteellisen koostumuksen tasaiseen levitykseen.<\/p>\n<ul>\n<li><strong>Turvallinen ja yleinen:<\/strong> Ei sis\u00e4ll\u00e4 aggressiivisia komponentteja, sopii kaikille hennatyypeille.<\/li>\n<li><strong>Taloudellinen k\u00e4ytt\u00f6:<\/strong> K\u00e4tev\u00e4ss\u00e4 pakkauksessa oleva mineraaliliuos varmistaa tarkan annostelun ja laadukkaan lopputuloksen joka kerta.<\/li>\n<\/ul>\n","protected":false},"featured_media":30687,"comment_status":"open","ping_status":"closed","template":"","meta":{"_monsterinsights_skip_tracking":false,"_monsterinsights_sitenote_active":false,"_monsterinsights_sitenote_note":"","_monsterinsights_sitenote_category":0},"product_brand":[],"product_cat":[476,901,508],"product_tag":[],"class_list":{"0":"post-30708","1":"product","2":"type-product","3":"status-publish","4":"has-post-thumbnail","6":"product_cat-kulmakarvat","7":"product_cat-developers","8":"product_cat-henna-fi","9":"pa_brand-ekko-beauty-fi","10":"pa_suurus-50-ml-fi","12":"first","13":"instock","14":"taxable","15":"shipping-taxable","16":"purchasable","17":"product-type-simple"},"_links":{"self":[{"href":"https:\/\/pomello.ee\/fi\/wp-json\/wp\/v2\/product\/30708","targetHints":{"allow":["GET"]}}],"collection":[{"href":"https:\/\/pomello.ee\/fi\/wp-json\/wp\/v2\/product"}],"about":[{"href":"https:\/\/pomello.ee\/fi\/wp-json\/wp\/v2\/types\/product"}],"replies":[{"embeddable":true,"href":"https:\/\/pomello.ee\/fi\/wp-json\/wp\/v2\/comments?post=30708"}],"wp:featuredmedia":[{"embeddable":true,"href":"https:\/\/pomello.ee\/fi\/wp-json\/wp\/v2\/media\/30687"}],"wp:attachment":[{"href":"https:\/\/pomello.ee\/fi\/wp-json\/wp\/v2\/media?parent=30708"}],"wp:term":[{"taxonomy":"product_brand","embeddable":true,"href":"https:\/\/pomello.ee\/fi\/wp-json\/wp\/v2\/product_brand?post=30708"},{"taxonomy":"product_cat","embeddable":true,"href":"https:\/\/pomello.ee\/fi\/wp-json\/wp\/v2\/product_cat?post=30708"},{"taxonomy":"product_tag","embeddable":true,"href":"https:\/\/pomello.ee\/fi\/wp-json\/wp\/v2\/product_tag?post=30708"}],"curies":[{"name":"wp","href":"https:\/\/api.w.org\/{rel}","templated":true}]}}