{"id":30749,"date":"2025-01-22T13:47:22","date_gmt":"2025-01-22T11:47:22","guid":{"rendered":"https:\/\/pomello.ee\/toode\/sterilointi-lokeron\/"},"modified":"2025-07-28T22:17:20","modified_gmt":"2025-07-28T20:17:20","slug":"sterilointi-lokeron","status":"publish","type":"product","link":"https:\/\/pomello.ee\/fi\/toode\/sterilointi-lokeron\/","title":{"rendered":"Sterilointi Lokeron"},"content":{"rendered":"<p><strong>K\u00e4ytt\u00f6ohjeet:<\/strong><\/p>\n<ol>\n<li>Aseta kylpyamme tasaiselle alustalle.<\/li>\n<li>T\u00e4yt\u00e4 sopivalla <strong><a href=\"https:\/\/pomello.ee\/fi\/toode\/globacid-steril\/\">nesteell\u00e4<\/a><\/strong>.<\/li>\n<li>Aseta ty\u00f6kalut rei&#8217;itettyyn astiaan ja sitten altaaseen.<\/li>\n<li>Sulje kansi ja odota noin 5-30 minuuttia.<\/li>\n<li>Poista ty\u00f6kalut ja anna niiden kuivua kokonaan.<br \/>\nMitat:<\/li>\n<\/ol>\n<p>Suljettu kylpyamme: 25,5 \u00d7 12 \u00d7 5,8 cm<br \/>\nRei&#8217;itetty s\u00e4ili\u00f6: 23 \u00d7 9 \u00d7 5 cm<\/p>\n<p>K\u00e4yt\u00e4nn\u00f6llinen ja luotettava sterilointilaatikko varmistaa, ett\u00e4 ty\u00f6kalut pysyv\u00e4t puhtaina ja hygieenisin\u00e4 p\u00e4ivitt\u00e4isess\u00e4 k\u00e4yt\u00f6ss\u00e4.<\/p>\n","protected":false},"excerpt":{"rendered":"<p><strong>Sterilointi Lokeron \u2013 tehokas ja k\u00e4tev\u00e4 ratkaisu ty\u00f6kaluille<\/strong><\/p>\n<p><strong>Tehokas desinfiointi:<\/strong><br \/>\nMuoviallas on suunniteltu erityisesti ty\u00f6kalujen, kuten saksien, kampien, viilien ja pihtien, desinfiointiin. Ammeessa on irrotettava rei&#8217;itetty astia, joka varmistaa ty\u00f6kalujen perusteellisen kuivumisen desinfioinnin j\u00e4lkeen. Valmistettu kest\u00e4v\u00e4st\u00e4 ja desinfiointiainetta kest\u00e4v\u00e4st\u00e4 materiaalista.<\/p>\n<p><strong>Kompakti ja toimiva:<\/strong><br \/>\nKompakti koko ja yksinkertainen muotoilu muovialtaan mahtuu noin 1 litraan nestett\u00e4, mik\u00e4 tarjoaa tarpeeksi tilaa useiden ty\u00f6kalujen desinfiointiin kerralla. T\u00e4m\u00e4 on ihanteellinen ratkaisu pieniin salonkeihin tai kotik\u00e4ytt\u00f6\u00f6n.<\/p>\n","protected":false},"featured_media":30737,"comment_status":"open","ping_status":"closed","template":"","meta":{"_monsterinsights_skip_tracking":false,"_monsterinsights_sitenote_active":false,"_monsterinsights_sitenote_note":"","_monsterinsights_sitenote_category":0},"product_brand":[],"product_cat":[509,515,550,541,557,549],"product_tag":[],"class_list":{"0":"post-30749","1":"product","2":"type-product","3":"status-publish","4":"has-post-thumbnail","6":"product_cat-hygienia","7":"product_cat-hygienia-ripset-fi","8":"product_cat-kupit-ja-kulhot","9":"product_cat-muut-tyokalut-fi","10":"product_cat-desinfiointi","11":"product_cat-pullot-kupit-ja-kulhot","12":"pa_brand-pomello-fi","13":"pa_suurus-25-5x12x5-8-cm-fi","15":"first","16":"outofstock","17":"taxable","18":"shipping-taxable","19":"purchasable","20":"product-type-simple"},"_links":{"self":[{"href":"https:\/\/pomello.ee\/fi\/wp-json\/wp\/v2\/product\/30749","targetHints":{"allow":["GET"]}}],"collection":[{"href":"https:\/\/pomello.ee\/fi\/wp-json\/wp\/v2\/product"}],"about":[{"href":"https:\/\/pomello.ee\/fi\/wp-json\/wp\/v2\/types\/product"}],"replies":[{"embeddable":true,"href":"https:\/\/pomello.ee\/fi\/wp-json\/wp\/v2\/comments?post=30749"}],"wp:featuredmedia":[{"embeddable":true,"href":"https:\/\/pomello.ee\/fi\/wp-json\/wp\/v2\/media\/30737"}],"wp:attachment":[{"href":"https:\/\/pomello.ee\/fi\/wp-json\/wp\/v2\/media?parent=30749"}],"wp:term":[{"taxonomy":"product_brand","embeddable":true,"href":"https:\/\/pomello.ee\/fi\/wp-json\/wp\/v2\/product_brand?post=30749"},{"taxonomy":"product_cat","embeddable":true,"href":"https:\/\/pomello.ee\/fi\/wp-json\/wp\/v2\/product_cat?post=30749"},{"taxonomy":"product_tag","embeddable":true,"href":"https:\/\/pomello.ee\/fi\/wp-json\/wp\/v2\/product_tag?post=30749"}],"curies":[{"name":"wp","href":"https:\/\/api.w.org\/{rel}","templated":true}]}}