{"id":30757,"date":"2025-01-22T14:10:14","date_gmt":"2025-01-22T12:10:14","guid":{"rendered":"https:\/\/pomello.ee\/toode\/sterilointilaitteen-lasipallot\/"},"modified":"2025-01-22T14:10:14","modified_gmt":"2025-01-22T12:10:14","slug":"sterilointilaitteen-lasipallot","status":"publish","type":"product","link":"https:\/\/pomello.ee\/fi\/toode\/sterilointilaitteen-lasipallot\/","title":{"rendered":"Sterilointilaitteen lasipallot"},"content":{"rendered":"","protected":false},"excerpt":{"rendered":"<p><strong>Sterilointilasihelmet \u2013 kest\u00e4v\u00e4 ja tehokas ratkaisu sterilointiin<\/strong><\/p>\n<p>Lasihelmet on valmistettu tulenkest\u00e4v\u00e4st\u00e4 kvartsimateriaalista, joten ne ovat ihanteellisia k\u00e4ytett\u00e4v\u00e4ksi helmien steriloinnissa. Erinomaisen kest\u00e4vyytens\u00e4 ansiosta ne takaavat pitk\u00e4aikaisen k\u00e4ytett\u00e4vyyden ja tehokkaan sterilointiprosessin.<\/p>\n<p><strong>Ominaisuudet:<\/strong><\/p>\n<p>Valmistettu korkealaatuisesta tulenkest\u00e4v\u00e4st\u00e4 kvartsimateriaalista.<br \/>\nSopii k\u00e4ytett\u00e4v\u00e4ksi erilaisissa pallosterilointilaitteissa.<br \/>\nEritt\u00e4in kest\u00e4v\u00e4 ja pitk\u00e4ik\u00e4inen.<br \/>\n<strong>Pakkaus:<\/strong><\/p>\n<ul>\n<li>500 g kvartsiittihelmi\u00e4 muoviastiassa.<\/li>\n<\/ul>\n<p>Sterilointilasihelmet ovat olennainen lis\u00e4varuste, joka varmistaa ty\u00f6kalujen ammattimaisen ja turvallisen steriloinnin.<\/p>\n","protected":false},"featured_media":30753,"comment_status":"open","ping_status":"closed","template":"","meta":{"_monsterinsights_skip_tracking":false,"_monsterinsights_sitenote_active":false,"_monsterinsights_sitenote_note":"","_monsterinsights_sitenote_category":0},"product_brand":[],"product_cat":[509,515,541,557,540],"product_tag":[],"class_list":{"0":"post-30757","1":"product","2":"type-product","3":"status-publish","4":"has-post-thumbnail","6":"product_cat-hygienia","7":"product_cat-hygienia-ripset-fi","8":"product_cat-muut-tyokalut-fi","9":"product_cat-desinfiointi","10":"product_cat-tarvikkeet","11":"pa_brand-pomello-fi","12":"pa_suurus-500-g-fi","14":"first","15":"instock","16":"taxable","17":"shipping-taxable","18":"purchasable","19":"product-type-simple"},"_links":{"self":[{"href":"https:\/\/pomello.ee\/fi\/wp-json\/wp\/v2\/product\/30757","targetHints":{"allow":["GET"]}}],"collection":[{"href":"https:\/\/pomello.ee\/fi\/wp-json\/wp\/v2\/product"}],"about":[{"href":"https:\/\/pomello.ee\/fi\/wp-json\/wp\/v2\/types\/product"}],"replies":[{"embeddable":true,"href":"https:\/\/pomello.ee\/fi\/wp-json\/wp\/v2\/comments?post=30757"}],"wp:featuredmedia":[{"embeddable":true,"href":"https:\/\/pomello.ee\/fi\/wp-json\/wp\/v2\/media\/30753"}],"wp:attachment":[{"href":"https:\/\/pomello.ee\/fi\/wp-json\/wp\/v2\/media?parent=30757"}],"wp:term":[{"taxonomy":"product_brand","embeddable":true,"href":"https:\/\/pomello.ee\/fi\/wp-json\/wp\/v2\/product_brand?post=30757"},{"taxonomy":"product_cat","embeddable":true,"href":"https:\/\/pomello.ee\/fi\/wp-json\/wp\/v2\/product_cat?post=30757"},{"taxonomy":"product_tag","embeddable":true,"href":"https:\/\/pomello.ee\/fi\/wp-json\/wp\/v2\/product_tag?post=30757"}],"curies":[{"name":"wp","href":"https:\/\/api.w.org\/{rel}","templated":true}]}}