{"id":30789,"date":"2025-01-22T20:23:09","date_gmt":"2025-01-22T18:23:09","guid":{"rendered":"https:\/\/pomello.ee\/toode\/noemi-gel-dye\/"},"modified":"2025-11-13T12:02:44","modified_gmt":"2025-11-13T10:02:44","slug":"noemi-gel-dye","status":"publish","type":"product","link":"https:\/\/pomello.ee\/fi\/toode\/noemi-gel-dye\/","title":{"rendered":"NOEMI Gel Dye"},"content":{"rendered":"<p><strong>Noemi Dye Gel \u2013 K\u00e4ytt\u00f6ohjeet<\/strong><\/p>\n<ol>\n<li><strong>Sekoitus<\/strong>: Sekoita Noemi Gel Dye Noemi Developer suhteessa 1:1, kunnes saat tasaisen ja sile\u00e4n koostumuksen.<\/li>\n<li><strong>K\u00e4ytt\u00f6:<\/strong> Levit\u00e4 seos tasaisesti kulmakarvoillesi.<\/li>\n<li><strong>Altistusaika:<\/strong> Anna v\u00e4rin vaikuttaa 10-15 minuuttia halutusta voimakkuudesta riippuen.<\/li>\n<li><strong>Huuhtelu:<\/strong> Huuhtele maali huolellisesti vedell\u00e4, kunnes kaikki j\u00e4\u00e4nn\u00f6kset ovat kokonaan poistuneet.<\/li>\n<\/ol>\n<p><strong>Lis\u00e4vaihtoehto:<\/strong> Noemi Gel Dye sopii my\u00f6s hyvin sekoitettaviksi <a href=\"https:\/\/pomello.ee\/fi\/toode\/noemi-hybrid-dye-ripsi-ja-kulmavari\/\"><strong>Noemi Cream Dye<\/strong><\/a> -sarjan kanssa, jolloin voit luoda persoonallisia ja ainutlaatuisia v\u00e4rej\u00e4.<\/p>\n<p><strong>Suositus<\/strong><br \/>\nT\u00e4ydenn\u00e4 kulmakarvojen hoitorutiini <strong>Noemi Color Care Shampoon<\/strong>, Color Care Maskin ja Finishing Gelin avulla saadaksesi parhaat tulokset ja terveet, kauniit kulmakarvat.<\/p>\n","protected":false},"excerpt":{"rendered":"<p><strong>Noemi Gel Dye \u2013 kulmakarvojen v\u00e4rj\u00e4yksen tulevaisuus<\/strong><\/p>\n<p>1,6 vuoden laajan tutkimuksen j\u00e4lkeen Noemi Dye Creamia on paranneltu toisella v\u00e4rill\u00e4, joka on nestem\u00e4inen versio, <strong>Noemi Dye Gel<\/strong>. T\u00e4ss\u00e4 innovatiivisessa kulmakarvojen s\u00e4vyss\u00e4 yhdistyy hoitava vaikutus intensiiviseen v\u00e4riin, joka antaa kulmakarvoille sek\u00e4 vahvistusta ett\u00e4 pitk\u00e4kestoista, luonnollista kiiltoa.<\/p>\n<p><strong>Mik\u00e4 tekee Noemi Dye Gelist\u00e4 erityisen?<\/strong><\/p>\n<ul>\n<li><strong>Hydrolysoitu maissiproteiini:<\/strong> Vahvistaa kulmakarvoja ja parantaa niiden rakennetta v\u00e4hent\u00e4en katkeilua.<\/li>\n<li><strong>Hydrolysoitu soijaproteiini:<\/strong> Lis\u00e4\u00e4 joustavuutta ja kosteutta, jolloin kulmakarvat n\u00e4ytt\u00e4v\u00e4t t\u00e4ytel\u00e4isemmilt\u00e4.<\/li>\n<li><strong>Hydrolysoitu vehn\u00e4proteiini:<\/strong> Kosteuttaa, tasoittaa ja antaa luonnollisen kiillon.<\/li>\n<li><strong>Sitruunankuori\u00f6ljy:<\/strong> Puhdistaa, edist\u00e4\u00e4 tervett\u00e4 kasvua ja antaa v\u00e4rille kiilt\u00e4v\u00e4n lopputuloksen.<\/li>\n<li><strong>Niasiiniamidi (B3-vitamiini):<\/strong> Vahvistaa hiusrakkuloita, v\u00e4hent\u00e4\u00e4 pigmentin menetyst\u00e4 ja varmistaa intensiivisemm\u00e4n ja kest\u00e4v\u00e4mm\u00e4n v\u00e4rin.<\/li>\n<\/ul>\n<p><strong>Monipuolinen k\u00e4ytt\u00f6<\/strong><br \/>\nNoemi Dye Geli\u00e4 voidaan k\u00e4ytt\u00e4\u00e4 Noemi <a href=\"https:\/\/pomello.ee\/fi\/toode\/noemi-developer-3-50ml\/\"><strong>Creamin<\/strong><\/a> tai <strong><a href=\"https:\/\/pomello.ee\/fi\/toode\/noemi-gel-developer-3\/\">Gel<\/a><\/strong> developerin sek\u00e4 Noemi Clear Correctorin kanssa yksil\u00f6llisten ja ainutlaatuisten v\u00e4ris\u00e4vyjen luomiseen. Tuloksena on hyvin hoidetut, selke\u00e4t ja vahvistetut kulmakarvat, jotka kest\u00e4v\u00e4t pitk\u00e4\u00e4n ja n\u00e4ytt\u00e4v\u00e4t t\u00e4ydelliselt\u00e4.<\/p>\n<p><strong>Noemi Dye Gel<\/strong> \u2013 luotu niille, jotka arvostavat laatua, kest\u00e4vyytt\u00e4 ja hoitoa!<\/p>\n","protected":false},"featured_media":30782,"comment_status":"open","ping_status":"closed","template":"","meta":{"_monsterinsights_skip_tracking":false,"_monsterinsights_sitenote_active":false,"_monsterinsights_sitenote_note":"","_monsterinsights_sitenote_category":0},"product_brand":[],"product_cat":[476,909,479],"product_tag":[],"class_list":{"0":"post-30789","1":"product","2":"type-product","3":"status-publish","4":"has-post-thumbnail","6":"product_cat-kulmakarvat","7":"product_cat-kestovari","8":"product_cat-ripsien-ja-kulmakarvojen-varit-fi","9":"pa_brand-noemi-fi","10":"pa_suurus-10-ml-fi","11":"pa_varv-beige-fi","12":"pa_varv-black-fi","13":"pa_varv-blue-black-fi","14":"pa_varv-chestnut-fi","15":"pa_varv-dark-brown-fi","16":"pa_varv-espresso-fi","17":"pa_varv-golden-blond-fi","18":"pa_varv-graphite-fi","19":"pa_varv-grey-fi","20":"pa_varv-light-brown-fi","21":"pa_varv-mahogany-fi","22":"pa_varv-medium-brown-fi","23":"pa_varv-pearl-fi","24":"pa_varv-spice-fi","26":"first","27":"instock","28":"taxable","29":"shipping-taxable","30":"purchasable","31":"product-type-variable"},"_links":{"self":[{"href":"https:\/\/pomello.ee\/fi\/wp-json\/wp\/v2\/product\/30789","targetHints":{"allow":["GET"]}}],"collection":[{"href":"https:\/\/pomello.ee\/fi\/wp-json\/wp\/v2\/product"}],"about":[{"href":"https:\/\/pomello.ee\/fi\/wp-json\/wp\/v2\/types\/product"}],"replies":[{"embeddable":true,"href":"https:\/\/pomello.ee\/fi\/wp-json\/wp\/v2\/comments?post=30789"}],"wp:featuredmedia":[{"embeddable":true,"href":"https:\/\/pomello.ee\/fi\/wp-json\/wp\/v2\/media\/30782"}],"wp:attachment":[{"href":"https:\/\/pomello.ee\/fi\/wp-json\/wp\/v2\/media?parent=30789"}],"wp:term":[{"taxonomy":"product_brand","embeddable":true,"href":"https:\/\/pomello.ee\/fi\/wp-json\/wp\/v2\/product_brand?post=30789"},{"taxonomy":"product_cat","embeddable":true,"href":"https:\/\/pomello.ee\/fi\/wp-json\/wp\/v2\/product_cat?post=30789"},{"taxonomy":"product_tag","embeddable":true,"href":"https:\/\/pomello.ee\/fi\/wp-json\/wp\/v2\/product_tag?post=30789"}],"curies":[{"name":"wp","href":"https:\/\/api.w.org\/{rel}","templated":true}]}}