{"id":31182,"date":"2025-02-10T17:10:19","date_gmt":"2025-02-10T15:10:19","guid":{"rendered":"https:\/\/pomello.ee\/toode\/noemi-apron-straps\/"},"modified":"2025-02-10T17:10:19","modified_gmt":"2025-02-10T15:10:19","slug":"noemi-apron-straps","status":"publish","type":"product","link":"https:\/\/pomello.ee\/fi\/toode\/noemi-apron-straps\/","title":{"rendered":"NOEMI Apron straps"},"content":{"rendered":"","protected":false},"excerpt":{"rendered":"<p><strong>NOEMI Apron straps \u2013 luo oma ainutlaatuinen tyylisi!<\/strong><\/p>\n<p>Noemi-esiliinan olkaimet on erityisesti suunniteltu k\u00e4ytett\u00e4viksi Noemi-esiliinan kanssa, mik\u00e4 antaa sinulle mahdollisuuden yhdist\u00e4\u00e4 tyyli\u00e4 ja k\u00e4yt\u00e4nn\u00f6llisyytt\u00e4 juuri haluamallasi tavalla.<\/p>\n<p><strong>MIX &amp; MATCH<\/strong> \u2013 valitse suosikkiessisi ja yhdist\u00e4 olkaimet luodaksesi t\u00e4sm\u00e4lleen persoonallisuuttasi heijastavan yhdistelm\u00e4n.<br \/>\n<strong>S\u00e4\u00e4dett\u00e4v\u00e4 ja mukava<\/strong> &#8211; hihnojen pituutta voidaan s\u00e4\u00e4t\u00e4\u00e4, jotta esiliina sopii t\u00e4ydellisesti kaikille vartalotyypeille.<br \/>\n<strong>Laadukkaat ja kest\u00e4v\u00e4t<\/strong> \u2013 vahvat materiaalit takaavat pitk\u00e4aikaisen k\u00e4yt\u00f6n my\u00f6s aktiivisimmassa ty\u00f6ymp\u00e4rist\u00f6ss\u00e4.<\/p>\n<p>Luo t\u00e4ydellinen ty\u00f6esiliina Noemi MIX &amp; MATCH -j\u00e4rjestelm\u00e4ll\u00e4!<\/p>\n","protected":false},"featured_media":31109,"comment_status":"open","ping_status":"closed","template":"","meta":{"_monsterinsights_skip_tracking":false,"_monsterinsights_sitenote_active":false,"_monsterinsights_sitenote_note":"","_monsterinsights_sitenote_category":0},"product_brand":[],"product_cat":[540,541],"product_tag":[],"class_list":{"0":"post-31182","1":"product","2":"type-product","3":"status-publish","4":"has-post-thumbnail","6":"product_cat-tarvikkeet","7":"product_cat-muut-tyokalut-fi","8":"pa_brand-noemi-fi","9":"pa_varv-must-fi","10":"pa_varv-roosa-fi","11":"pa_varv-turkoosi","13":"first","14":"instock","15":"taxable","16":"shipping-taxable","17":"purchasable","18":"product-type-variable"},"_links":{"self":[{"href":"https:\/\/pomello.ee\/fi\/wp-json\/wp\/v2\/product\/31182","targetHints":{"allow":["GET"]}}],"collection":[{"href":"https:\/\/pomello.ee\/fi\/wp-json\/wp\/v2\/product"}],"about":[{"href":"https:\/\/pomello.ee\/fi\/wp-json\/wp\/v2\/types\/product"}],"replies":[{"embeddable":true,"href":"https:\/\/pomello.ee\/fi\/wp-json\/wp\/v2\/comments?post=31182"}],"wp:featuredmedia":[{"embeddable":true,"href":"https:\/\/pomello.ee\/fi\/wp-json\/wp\/v2\/media\/31109"}],"wp:attachment":[{"href":"https:\/\/pomello.ee\/fi\/wp-json\/wp\/v2\/media?parent=31182"}],"wp:term":[{"taxonomy":"product_brand","embeddable":true,"href":"https:\/\/pomello.ee\/fi\/wp-json\/wp\/v2\/product_brand?post=31182"},{"taxonomy":"product_cat","embeddable":true,"href":"https:\/\/pomello.ee\/fi\/wp-json\/wp\/v2\/product_cat?post=31182"},{"taxonomy":"product_tag","embeddable":true,"href":"https:\/\/pomello.ee\/fi\/wp-json\/wp\/v2\/product_tag?post=31182"}],"curies":[{"name":"wp","href":"https:\/\/api.w.org\/{rel}","templated":true}]}}