{"id":31190,"date":"2025-02-10T16:58:38","date_gmt":"2025-02-10T14:58:38","guid":{"rendered":"https:\/\/pomello.ee\/toode\/noemi-apron\/"},"modified":"2025-02-10T16:58:38","modified_gmt":"2025-02-10T14:58:38","slug":"noemi-apron","status":"publish","type":"product","link":"https:\/\/pomello.ee\/fi\/toode\/noemi-apron\/","title":{"rendered":"NOEMI Apron"},"content":{"rendered":"<p><strong>K\u00e4yt\u00e4nn\u00f6llinen ja kest\u00e4v\u00e4 Noemi-ty\u00f6esiliina<\/strong><\/p>\n<p>Noemi-ty\u00f6esiliina on valmistettu vedenpit\u00e4v\u00e4st\u00e4, kudotusta materiaalista, mik\u00e4 varmistaa helpon puhdistuksen ja kest\u00e4vyyden jokap\u00e4iv\u00e4isess\u00e4 k\u00e4yt\u00f6ss\u00e4. Lika, maali ja muut salongituotteet irrotetaan helposti \u2013 pyyhit vain ja esiliina n\u00e4ytt\u00e4\u00e4 j\u00e4lleen uudelta!<\/p>\n<p>S\u00e4\u00e4dett\u00e4v\u00e4 koko jokaiselle vartalotyypille \u2013 hihnojen ansiosta esiliinan kokoa voidaan s\u00e4\u00e4t\u00e4\u00e4 k\u00e4ytt\u00e4j\u00e4n mieltymysten mukaan, mik\u00e4 takaa maksimaalisen mukavuuden. Yksi koko sopii kaikille!<\/p>\n","protected":false},"excerpt":{"rendered":"<p><strong>NOEMI Apron \u2013 t\u00e4ydellinen yhdistelm\u00e4 tyyli\u00e4 ja k\u00e4yt\u00e4nn\u00f6llisyytt\u00e4<\/strong><\/p>\n<p>Noemi-ty\u00f6esiliina on suunniteltu kauneusalan ammattilaisille, jotka arvostavat sek\u00e4 toimivuutta ett\u00e4 muodikkaaa ulkon\u00e4k\u00f6\u00e4. T\u00e4m\u00e4 korkealaatuinen esiliina on saatavana useissa v\u00e4reiss\u00e4, joten voit l\u00f6yt\u00e4\u00e4 tyyliisi sopivan.<\/p>\n<p><strong>Miksi valita Noemin ty\u00f6esiliina?<\/strong><\/p>\n<p><strong>Tyylik\u00e4s ja kest\u00e4v\u00e4 &#8211;<\/strong> muodikas muotoilu, joka parantaa ammattimaista ilmett\u00e4si.<br \/>\n<strong>Helppo huoltaa<\/strong> \u2013 lika, maali ja muut sisustustuotteet poistetaan helposti, mik\u00e4 takaa puhtaan ja raikkaan ulkon\u00e4\u00f6n aina.<br \/>\n<strong>K\u00e4tev\u00e4 ja k\u00e4yt\u00e4nn\u00f6llinen<\/strong> &#8211; ihanteellinen sek\u00e4 kauneusstudioihin ett\u00e4 kampaamoihin.<\/p>\n<p><strong>Huomio!<\/strong> Ty\u00f6esiliinan hihnat eiv\u00e4t sis\u00e4lly toimitukseen, ja ne voi ostaa erikseen t\u00e4\u00e4lt\u00e4.<\/p>\n<p>L\u00f6yd\u00e4 uusi ammattimaisuuden ja mukavuuden taso Noemi-esiliinan avulla!<\/p>\n","protected":false},"featured_media":31078,"comment_status":"open","ping_status":"closed","template":"","meta":{"_monsterinsights_skip_tracking":false,"_monsterinsights_sitenote_active":false,"_monsterinsights_sitenote_note":"","_monsterinsights_sitenote_category":0},"product_brand":[],"product_cat":[515,541,557,540],"product_tag":[],"class_list":{"0":"post-31190","1":"product","2":"type-product","3":"status-publish","4":"has-post-thumbnail","6":"product_cat-hygienia-ripset-fi","7":"product_cat-muut-tyokalut-fi","8":"product_cat-desinfiointi","9":"product_cat-tarvikkeet","10":"pa_brand-noemi-fi","11":"pa_varv-labipaistev-fi","12":"pa_varv-must-fi","13":"pa_varv-roosa-fi","15":"first","16":"instock","17":"taxable","18":"shipping-taxable","19":"purchasable","20":"product-type-variable"},"_links":{"self":[{"href":"https:\/\/pomello.ee\/fi\/wp-json\/wp\/v2\/product\/31190","targetHints":{"allow":["GET"]}}],"collection":[{"href":"https:\/\/pomello.ee\/fi\/wp-json\/wp\/v2\/product"}],"about":[{"href":"https:\/\/pomello.ee\/fi\/wp-json\/wp\/v2\/types\/product"}],"replies":[{"embeddable":true,"href":"https:\/\/pomello.ee\/fi\/wp-json\/wp\/v2\/comments?post=31190"}],"wp:featuredmedia":[{"embeddable":true,"href":"https:\/\/pomello.ee\/fi\/wp-json\/wp\/v2\/media\/31078"}],"wp:attachment":[{"href":"https:\/\/pomello.ee\/fi\/wp-json\/wp\/v2\/media?parent=31190"}],"wp:term":[{"taxonomy":"product_brand","embeddable":true,"href":"https:\/\/pomello.ee\/fi\/wp-json\/wp\/v2\/product_brand?post=31190"},{"taxonomy":"product_cat","embeddable":true,"href":"https:\/\/pomello.ee\/fi\/wp-json\/wp\/v2\/product_cat?post=31190"},{"taxonomy":"product_tag","embeddable":true,"href":"https:\/\/pomello.ee\/fi\/wp-json\/wp\/v2\/product_tag?post=31190"}],"curies":[{"name":"wp","href":"https:\/\/api.w.org\/{rel}","templated":true}]}}