{"id":31195,"date":"2025-02-10T12:22:56","date_gmt":"2025-02-10T10:22:56","guid":{"rendered":"https:\/\/pomello.ee\/toode\/zola-brow-therapy-15-ml\/"},"modified":"2025-02-10T12:22:56","modified_gmt":"2025-02-10T10:22:56","slug":"zola-brow-therapy-15-ml","status":"publish","type":"product","link":"https:\/\/pomello.ee\/fi\/toode\/zola-brow-therapy-15-ml\/","title":{"rendered":"ZOLA BROW THERAPY 1,5 ml"},"content":{"rendered":"<p><strong>ZOLA BROW THERAPY &#8211; Syv\u00e4 kulmakarvojen hoito<\/strong><\/p>\n<p>Zola Brow Therapy on erityisesti suunniteltu palauttamaan, vahvistamaan ja suojaamaan kulmakarvoja. Tarvitsetpa syv\u00e4tasoista ennallistamista, p\u00e4ivitt\u00e4ist\u00e4 huoltoa tai s\u00e4\u00e4nn\u00f6llist\u00e4 klassista terapiaa \u2013 Zola Brow Therapy on luotettu kulmakarvojen hoitokumppanisi!<\/p>\n<p><strong>TUOTTEEN KOOSTUMUS JA EDUT:<\/strong><\/p>\n<p><strong>Acorus Calamus Rhizome Water (hy\u00f6dyllinen ja tulehdusta est\u00e4v\u00e4 vesi):<\/strong> Rauhoittaa ja v\u00e4hent\u00e4\u00e4 iho\u00e4rsytyst\u00e4 kulmakarvojen ymp\u00e4rill\u00e4 parantaen karvojen tilaa.<br \/>\n<strong>Mangifera Indica Seed Oil (Mango Oil):<\/strong> Sis\u00e4lt\u00e4\u00e4 runsaasti A- ja E-vitamiinia, se ravitsee hiuksia, vahvistaa niit\u00e4 ja auttaa toipumaan vaurioista.<br \/>\n<strong>Trigonella Sarviapilan siemenuute:<\/strong> Antioksidantti ja kosteuttava, parantaa hiusten rakennetta, joustavuutta ja edist\u00e4\u00e4 kasvua.<br \/>\n<strong>Maitohappo:<\/strong> Kuorii ihoa hell\u00e4varaisesti, edist\u00e4\u00e4 ihon uusiutumista ja pit\u00e4\u00e4 kulmakarvojen alueen terveen\u00e4 ja hyvin hoidettuna.<br \/>\n<strong>Metyylisulfonyylimetaani (MSM):<\/strong> tulehdusta ehk\u00e4isev\u00e4 aine, joka auttaa v\u00e4hent\u00e4m\u00e4\u00e4n \u00e4rsytyst\u00e4 ja vahvistaa hiuksia.<\/p>\n<p><strong>KOLME ERI K\u00c4YTT\u00d6\u00c4:<\/strong><\/p>\n<p><strong>Intensiivinen terapia:<\/strong><br \/>\nJos syv\u00e4restaurointia tarvitaan, suosittelemme tuotteen k\u00e4ytt\u00f6\u00e4 kahdesti p\u00e4iv\u00e4ss\u00e4 (aamulla ja illalla) 30 p\u00e4iv\u00e4n ajan. T\u00e4m\u00e4 nopeuttaa ja varmistaa parhaat tulokset palauttaen hiusten rakenteen ja parantaen niiden ulkon\u00e4k\u00f6\u00e4.<br \/>\n<strong>Yll\u00e4pitoterapia:<\/strong><br \/>\nIntensiivikurssin p\u00e4\u00e4tytty\u00e4 suosittelemme tuotteen k\u00e4ytt\u00f6\u00e4 2-3 kertaa viikossa kuukauden ajan, jotta saavutetut tulokset s\u00e4ilyv\u00e4t ja hiukset pysyv\u00e4t tervein\u00e4 est\u00e4en vaurioita.<br \/>\n<strong>Klassinen terapia:<\/strong><br \/>\nJos kulmakarvasi eiv\u00e4t ole vakavasti vaurioituneet, k\u00e4yt\u00e4 tuotetta 1-2 kertaa viikossa, jotta hiuksesi pysyv\u00e4t silkkisin\u00e4, silein\u00e4 ja kiilt\u00e4vin\u00e4.<\/p>\n<p><strong>K\u00c4YTT\u00c4\u00c4:<\/strong><\/p>\n<p><strong>Kulmien puhdistus:<\/strong> Poista lika ja meikkij\u00e4\u00e4m\u00e4t k\u00e4ytt\u00e4m\u00e4ll\u00e4 ZOLA Eyebrow Shampoota.<br \/>\n<strong>K\u00e4ytt\u00f6:<\/strong> Avaa pussi ja levit\u00e4 tuotetta tasaisesti kulmakarvoihin kiinnitt\u00e4en erityist\u00e4 huomiota vaurioituneisiin kohtiin.<br \/>\n<strong>Altistusaika:<\/strong> Anna tuotteen vaikuttaa 10\u201315 minuuttia, jotta aktiiviset ainesosat p\u00e4\u00e4sev\u00e4t hiusten rakenteeseen ja tarjoavat syv\u00e4n palautumisen, kosteutuksen ja suojan.<br \/>\n<strong>J\u00e4\u00e4nn\u00f6sten poisto:<\/strong> Jos tuotetta j\u00e4\u00e4 kulmakarvoihin k\u00e4sittelyajan p\u00e4\u00e4tytty\u00e4, poista j\u00e4\u00e4nn\u00f6kset kostealla vanulapulla.<\/p>\n<p><strong>ZOLA BROW THERAPY<\/strong> \u2013 Tue kulmakarvosi terveytt\u00e4 ja kauneutta joka p\u00e4iv\u00e4!<\/p>\n","protected":false},"excerpt":{"rendered":"<p><strong>ZOLA BROW THERAPY \u2013 Syvien kulmakarvojen hoito<\/strong><\/p>\n<p>ZOLA Brow Therapy on eritt\u00e4in tiivistetty korjaava kalvo-lipidikompleksi, joka on erityisesti suunniteltu kulmakarvojen syv\u00e4hoitoon ja suojaamiseen.<\/p>\n<p><strong>Miksi valita ZOLA Brow Therapy?<\/strong><br \/>\nSyv\u00e4 palautuminen ja suoja \u2013 vahvistaa, kosteuttaa ja suojaa hiuksia vaurioilta.<br \/>\nViisi arvokasta \u00f6ljy\u00e4 ja aktiivista ainesosaa \u2013 varmistavat intensiivisen hoidon ja pitk\u00e4kestoisen vaikutuksen.<br \/>\nMonipuolinen k\u00e4ytt\u00f6 \u2013 sopii k\u00e4ytett\u00e4v\u00e4ksi ennen kulmakarvojen v\u00e4rj\u00e4yst\u00e4 tai laminointia, sen aikana ja sen j\u00e4lkeen.<br \/>\nTarkkaan annosteltuja pusseja \u2013 helppo ja hygieeninen k\u00e4ytt\u00e4\u00e4 sek\u00e4 kosmetologille ett\u00e4 kotona.<\/p>\n<p>Yksi pussi riitt\u00e4\u00e4 3-6 k\u00e4ytt\u00f6kertaan<\/p>\n<p>Sopii k\u00e4ytett\u00e4v\u00e4ksi sek\u00e4 salongissa ett\u00e4 kotona!<\/p>\n","protected":false},"featured_media":31056,"comment_status":"open","ping_status":"closed","template":"","meta":{"_monsterinsights_skip_tracking":false,"_monsterinsights_sitenote_active":false,"_monsterinsights_sitenote_note":"","_monsterinsights_sitenote_category":0},"product_brand":[],"product_cat":[476,915,518,917,923,475,514],"product_tag":[],"class_list":{"0":"post-31195","1":"product","2":"type-product","3":"status-publish","4":"has-post-thumbnail","6":"product_cat-kulmakarvat","7":"product_cat-esi-ja-jalkihoito","8":"product_cat-jalkihoito","9":"product_cat-jalkihoito-fi","10":"product_cat-jalkihoito-ja-kosteuttaminen","11":"product_cat-ripset","12":"product_cat-ripsi-ja-kulmakarvojen-seerumit","13":"pa_brand-zola-fi","14":"pa_suurus-15-ml-2-fi","16":"first","17":"instock","18":"taxable","19":"shipping-taxable","20":"purchasable","21":"product-type-simple"},"_links":{"self":[{"href":"https:\/\/pomello.ee\/fi\/wp-json\/wp\/v2\/product\/31195","targetHints":{"allow":["GET"]}}],"collection":[{"href":"https:\/\/pomello.ee\/fi\/wp-json\/wp\/v2\/product"}],"about":[{"href":"https:\/\/pomello.ee\/fi\/wp-json\/wp\/v2\/types\/product"}],"replies":[{"embeddable":true,"href":"https:\/\/pomello.ee\/fi\/wp-json\/wp\/v2\/comments?post=31195"}],"wp:featuredmedia":[{"embeddable":true,"href":"https:\/\/pomello.ee\/fi\/wp-json\/wp\/v2\/media\/31056"}],"wp:attachment":[{"href":"https:\/\/pomello.ee\/fi\/wp-json\/wp\/v2\/media?parent=31195"}],"wp:term":[{"taxonomy":"product_brand","embeddable":true,"href":"https:\/\/pomello.ee\/fi\/wp-json\/wp\/v2\/product_brand?post=31195"},{"taxonomy":"product_cat","embeddable":true,"href":"https:\/\/pomello.ee\/fi\/wp-json\/wp\/v2\/product_cat?post=31195"},{"taxonomy":"product_tag","embeddable":true,"href":"https:\/\/pomello.ee\/fi\/wp-json\/wp\/v2\/product_tag?post=31195"}],"curies":[{"name":"wp","href":"https:\/\/api.w.org\/{rel}","templated":true}]}}