{"id":31197,"date":"2025-02-10T11:47:20","date_gmt":"2025-02-10T09:47:20","guid":{"rendered":"https:\/\/pomello.ee\/toode\/zola-color-lab-lash-brow-lamination-kit\/"},"modified":"2025-02-10T11:47:20","modified_gmt":"2025-02-10T09:47:20","slug":"zola-color-lab-lash-brow-lamination-kit","status":"publish","type":"product","link":"https:\/\/pomello.ee\/fi\/toode\/zola-color-lab-lash-brow-lamination-kit\/","title":{"rendered":"ZOLA Color Lab Lash &#038; Brow Lamination Kit"},"content":{"rendered":"<p><strong>Kuinka k\u00e4ytt\u00e4\u00e4 ZOLA COLOR LAB -sarjaa?<\/strong><\/p>\n<p>1\ufe0f\u20e3 <strong>Lifting Pink Gel<\/strong><\/p>\n<p>Levit\u00e4 puhtaille ja kuiville kulmakarvoille tai ripsille.<\/p>\n<p>Vaikutusaika:<\/p>\n<p>4-6 min \u2013 ohuet ja huokoiset hiukset<br \/>\n6\u20138 min \u2013 normaalista keskipaksuun hiuksiin<br \/>\n7-10 min \u2013 paksut ja j\u00e4yk\u00e4t hiukset<br \/>\nPoista ylim\u00e4\u00e4r\u00e4inen geeli kuivalla vanulapulla.<\/p>\n<p>2\ufe0f\u20e3 <strong>Volume Blue Fixer (fixer)<\/strong><\/p>\n<p>Levit\u00e4 kulmakarvoille tai ripsille ja levit\u00e4 tuotetta tasaisesti.<br \/>\nAltistusaika: 7-8 min, riippuen hiusten paksuudesta ja rakenteesta.<br \/>\nPoista j\u00e4\u00e4nn\u00f6kset kostealla vanulapulla.<\/p>\n<p>3\ufe0f\u20e3 <strong>Hyaluronivihre\u00e4 eliksiiri<\/strong><\/p>\n<p>Levit\u00e4 kulmakarvoille ja ripsille tasaisesti levitt\u00e4en.<br \/>\n\u00c4l\u00e4 huuhtele \u2013 anna eliksiirin imeyty\u00e4 maksimaalisen hoidon ja kosteutuksen saavuttamiseksi.<\/p>\n<p><strong>Paketin sis\u00e4lt\u00f6:<\/strong><\/p>\n<p>Lifting Pink Gel, 1 ml<br \/>\nVolume Blue Fixer, 1 ml<br \/>\nHyaluronic Green Elixir, 1 ml<\/p>\n<div style=\"width: 1080px;\" class=\"wp-video\"><video class=\"wp-video-shortcode\" id=\"video-31197-1\" width=\"1080\" height=\"1920\" preload=\"metadata\" controls=\"controls\"><source type=\"video\/mp4\" src=\"https:\/\/pomello.ee\/wp-content\/uploads\/2025\/02\/\u0441\u0430\u0448\u0435-1-3.mp4?_=1\" \/><a href=\"https:\/\/pomello.ee\/wp-content\/uploads\/2025\/02\/\u0441\u0430\u0448\u0435-1-3.mp4\">https:\/\/pomello.ee\/wp-content\/uploads\/2025\/02\/\u0441\u0430\u0448\u0435-1-3.mp4<\/a><\/video><\/div>\n<p><strong>T\u00e4rke\u00e4\u00e4!<\/strong><\/p>\n<p>Lue ohjeet ja tee allergiatesti ennen k\u00e4ytt\u00f6\u00e4.<br \/>\nParhaan tuloksen saavuttamiseksi suosittelemme k\u00e4ytt\u00e4m\u00e4\u00e4n kaikkia ZOLA COLOR LAB -j\u00e4rjestelm\u00e4n tuotteita.<br \/>\nVain ammattik\u00e4ytt\u00f6\u00f6n!<\/p>\n<p><strong>ZOLA COLOR LAB \u2013 Vallankumouksellinen laminointij\u00e4rjestelm\u00e4, joka varmistaa t\u00e4ydellisen tuloksen ja yksinkertaistaa ty\u00f6t\u00e4si kauneushoitolassa!<\/strong><\/p>\n","protected":false},"excerpt":{"rendered":"<p><strong>ZOLA Color Lab Lash &amp; Brow Lamination Kit \u2013 t\u00e4ydellinen kulmakarvojen ja ripsien laminointisarja<\/strong><\/p>\n<p>Ripsien ja kulmakarvojen laminointi on yksi suosituimmista kauneushoidoista, joka antaa hoidetun ja j\u00e4rjestetyn ulkon\u00e4\u00f6n helpottaen arjen meikkaamista. ZOLA COLOR LAB on innovatiivinen laminointij\u00e4rjestelm\u00e4, joka varmistaa pitk\u00e4kestoisen tuloksen ja sopii erinomaisesti sek\u00e4 kulmakarvojen ett\u00e4 ripsien laminointiin.<\/p>\n<p><strong>Miksi valita ZOLA COLOR LAB?<\/strong><\/p>\n<p><strong>3-vaiheinen hoito<\/strong><br \/>\nZOLA Color Lab Kit sis\u00e4lt\u00e4\u00e4 kolme hoitotuotetta, jotka varmistavat kulmakarvojen ja ripsien t\u00e4ydellisen muotoilun ja palautumisen.<\/p>\n<p><strong>Pitk\u00e4kestoinen ja ammattimainen lopputulos<\/strong><br \/>\nLaminointi antaa hyvin hoidetut kulmakarvat ja tuuheat ripset jopa 8 viikoksi<\/p>\n<p><strong>Kirkkaat v\u00e4rit parempaan hallintaan<\/strong><br \/>\nPink Gel ja Blue Fixer antavat sinun seurata tuotteiden levityst\u00e4 ja varmistaa tasaisen tuloksen joka vaiheessa.<\/p>\n<p><strong>Intensiivinen kosteutus ja hiusten vahvistaminen<\/strong><br \/>\nHyaluronic Green Elixir syv\u00e4kosteuttaa ja palauttaa hiuksia tehden niist\u00e4 joustavia ja vahvoja.<\/p>\n<p><strong>Keratin and Liqudium Complex suojaa ja hoitaa<\/strong><\/p>\n<p>Keratiini vahvistaa hiuksia ja suojaa niiden katkeilulta.<br \/>\nLiqudium Complex peitt\u00e4\u00e4 hiukset niiden koko pituudelta antaen niille kiiltoa ja silkkisen rakenteen.<\/p>\n<p><strong>Monipuolisuus<\/strong><br \/>\nSopii kaikille hiustyypeille, my\u00f6s herkimmille ja j\u00e4ykimmille hiuksille. Voidaan k\u00e4ytt\u00e4\u00e4 sek\u00e4 kulmakarvojen laminointiin ett\u00e4 ripsien kohotukseen.<\/p>\n<p><strong>Yksinkertainen ja tehokas menettely<\/strong><br \/>\nVain <strong>3 vaihetta<\/strong> \u2013 Nosta, kiinnit\u00e4 ja kosteuta \u2013 ja tuloksena kauniisti muotoillut ja hoidetut kulmakarvat ja ripset!<\/p>\n","protected":false},"featured_media":31049,"comment_status":"open","ping_status":"closed","template":"","meta":{"_monsterinsights_skip_tracking":false,"_monsterinsights_sitenote_active":false,"_monsterinsights_sitenote_note":"","_monsterinsights_sitenote_category":0},"product_brand":[],"product_cat":[476,899,517,477,516,1206,475],"product_tag":[],"class_list":{"0":"post-31197","1":"product","2":"type-product","3":"status-publish","4":"has-post-thumbnail","6":"product_cat-kulmakarvat","7":"product_cat-emulsiot-fi","8":"product_cat-emulsiot","9":"product_cat-kulmien-laminointi","10":"product_cat-lash-lift-fi","11":"product_cat-lash-lift-laminointisetit","12":"product_cat-ripset","13":"pa_brand-zola-fi","14":"pa_suurus-3-x-1-ml-fi","16":"first","17":"outofstock","18":"taxable","19":"shipping-taxable","20":"purchasable","21":"product-type-simple"},"_links":{"self":[{"href":"https:\/\/pomello.ee\/fi\/wp-json\/wp\/v2\/product\/31197","targetHints":{"allow":["GET"]}}],"collection":[{"href":"https:\/\/pomello.ee\/fi\/wp-json\/wp\/v2\/product"}],"about":[{"href":"https:\/\/pomello.ee\/fi\/wp-json\/wp\/v2\/types\/product"}],"replies":[{"embeddable":true,"href":"https:\/\/pomello.ee\/fi\/wp-json\/wp\/v2\/comments?post=31197"}],"wp:featuredmedia":[{"embeddable":true,"href":"https:\/\/pomello.ee\/fi\/wp-json\/wp\/v2\/media\/31049"}],"wp:attachment":[{"href":"https:\/\/pomello.ee\/fi\/wp-json\/wp\/v2\/media?parent=31197"}],"wp:term":[{"taxonomy":"product_brand","embeddable":true,"href":"https:\/\/pomello.ee\/fi\/wp-json\/wp\/v2\/product_brand?post=31197"},{"taxonomy":"product_cat","embeddable":true,"href":"https:\/\/pomello.ee\/fi\/wp-json\/wp\/v2\/product_cat?post=31197"},{"taxonomy":"product_tag","embeddable":true,"href":"https:\/\/pomello.ee\/fi\/wp-json\/wp\/v2\/product_tag?post=31197"}],"curies":[{"name":"wp","href":"https:\/\/api.w.org\/{rel}","templated":true}]}}