{"id":31201,"date":"2025-02-10T11:03:28","date_gmt":"2025-02-10T09:03:28","guid":{"rendered":"https:\/\/pomello.ee\/toode\/zola-brow-lash-lamination-color-lab\/"},"modified":"2025-02-10T11:03:28","modified_gmt":"2025-02-10T09:03:28","slug":"zola-brow-lash-lamination-color-lab","status":"publish","type":"product","link":"https:\/\/pomello.ee\/fi\/toode\/zola-brow-lash-lamination-color-lab\/","title":{"rendered":"ZOLA Brow &#038; Lash Lamination Color Lab"},"content":{"rendered":"<p><strong>Miksi valita ZOLA Brow &amp; Lash Lamination COLOR LAB?<\/strong><\/p>\n<p><strong>NOPEA JA TEHOKAS VAIKUTUS<\/strong><br \/>\nLyhennetyt valotusajat:<\/p>\n<p><strong>Vaihe 1: Lifting Pink Gel<\/strong><\/p>\n<p>4-6 min \u2013 ohuet, huokoiset hiukset<br \/>\n6-8 min \u2013 normaalit, keskipaksut hiukset<br \/>\n7-10 min \u2013 paksut, vahvat hiukset<\/p>\n<p><strong>Vaihe 2: Volume Blue Fixer<\/strong><\/p>\n<p>7-8 min hiusten rakenteesta riippuen<\/p>\n<p><strong>VISUAALINEN TARKASTUS<\/strong><br \/>\nVaaleanpunainen ja sininen koostumus mahdollistaa prosessin tarkan seurannan, mik\u00e4 varmistaa johdonmukaiset ja virheett\u00f6m\u00e4t tulokset.<\/p>\n<p><strong>KERATIINI JA PY\u00d6RJ\u00c4V\u00c4 KOOSTUMUS<\/strong><\/p>\n<p>Hydrolysoitu keratiini vahvistaa hiuksia, ehk\u00e4isee katkeilua ja kuivumista.<br \/>\nNestem\u00e4inen kompleksi kosteuttaa ja antaa pehmeytt\u00e4 ja kiiltoa.<\/p>\n<p><strong>SOVELTUVAT KAIKILLE HIUSTYYPEILLE<\/strong><br \/>\nS\u00e4\u00e4dett\u00e4vien tehosteasetusten ansiosta sit\u00e4 voidaan k\u00e4ytt\u00e4\u00e4 sek\u00e4 ohuissa ett\u00e4 paksummissa hiuksissa.<\/p>\n<p><strong>PALAUTTAMINEN LUONNOLLINEN PH<\/strong><br \/>\nJ\u00e4rjestelm\u00e4 auttaa palauttamaan hiusten luonnollisen pH-tasapainon antaen niist\u00e4 terveen ja hyvin hoidetun ulkon\u00e4\u00f6n.<\/p>\n<p><strong>LUONNOLLINEN JA PYSYV\u00c4 TULOS<\/strong><\/p>\n<p>Hell\u00e4varainen vaikutus hiuksiin varmistaa luonnollisen ilmeen.<br \/>\nKulmakarvat pysyv\u00e4t ehjin\u00e4 ja helppohoitoisina.<\/p>\n<p><strong>LIS\u00c4HOIDON VAIHTOEHDOT<\/strong><br \/>\nKolmantena vaiheena voit k\u00e4ytt\u00e4\u00e4:<\/p>\n<p>Lis\u00e4hoitoon Botox Cure tai BTX 3-in-1<br \/>\nAQUA FLUID<\/p>\n<p>T\u00e4ydellinen valinta ammattilaisille, jotka haluavat nopeita ja tarkkoja tuloksia!<\/p>\n","protected":false},"excerpt":{"rendered":"<p><strong>ZOLA Brow &amp; Lash Lamination COLOR LAB \u2013 UUSI SUKUPOLVINEN KULMA- JA RIPSILAMINATION<\/strong><\/p>\n<p>ZOLA COLOR LAB on edistynyt laminointij\u00e4rjestelm\u00e4, joka perustuu klassiseen &#8221;hopeaj\u00e4rjestelm\u00e4\u00e4n&#8221; (ZOLA BROW&amp;LASH LAMINATION SYSTEM), mutta toimii nopeammin ja tarjoaa visuaalisesti ohjatun prosessin vaaleanpunaisen ja sinisen koostumuksen ansiosta.<\/p>\n<p><strong>KAKSI VAIHEISTA, EI KOLME<\/strong><br \/>\nToisin kuin muut Zola-j\u00e4rjestelm\u00e4t, COLOR LAB sis\u00e4lt\u00e4\u00e4 vain kaksi p\u00e4\u00e4vaihetta. PINK- ja BLUE-koostumukset mahdollistavat visuaalisen hallinnan k\u00e4yt\u00f6n aikana, mik\u00e4 varmistaa tarkat ja yhdenmukaiset tulokset.<\/p>\n<p><strong>MONIPUOLISET VIIMEISTELYVAIHTOEHDOT<\/strong><br \/>\nKolmannessa vaiheessa voit k\u00e4ytt\u00e4\u00e4:<br \/>\nZOLA BOTOX CURE, MULTI-TREATMENT BTX 9 IN 1 tai AQUA FLUID<\/p>\n<p>Zola COLOR LAB tarjoaa nopean ja tehokkaan ratkaisun ammattilaisille, jotka haluavat t\u00e4ydellisi\u00e4 tuloksia!<\/p>\n","protected":false},"featured_media":36022,"comment_status":"open","ping_status":"closed","template":"","meta":{"_monsterinsights_skip_tracking":false,"_monsterinsights_sitenote_active":false,"_monsterinsights_sitenote_note":"","_monsterinsights_sitenote_category":0},"product_brand":[],"product_cat":[476,517,899,477,516,475],"product_tag":[],"class_list":{"0":"post-31201","1":"product","2":"type-product","3":"status-publish","4":"has-post-thumbnail","6":"product_cat-kulmakarvat","7":"product_cat-emulsiot","8":"product_cat-emulsiot-fi","9":"product_cat-kulmien-laminointi","10":"product_cat-lash-lift-fi","11":"product_cat-ripset","12":"pa_brand-zola-fi","14":"first","15":"instock","16":"taxable","17":"shipping-taxable","18":"purchasable","19":"product-type-simple"},"_links":{"self":[{"href":"https:\/\/pomello.ee\/fi\/wp-json\/wp\/v2\/product\/31201","targetHints":{"allow":["GET"]}}],"collection":[{"href":"https:\/\/pomello.ee\/fi\/wp-json\/wp\/v2\/product"}],"about":[{"href":"https:\/\/pomello.ee\/fi\/wp-json\/wp\/v2\/types\/product"}],"replies":[{"embeddable":true,"href":"https:\/\/pomello.ee\/fi\/wp-json\/wp\/v2\/comments?post=31201"}],"wp:featuredmedia":[{"embeddable":true,"href":"https:\/\/pomello.ee\/fi\/wp-json\/wp\/v2\/media\/36022"}],"wp:attachment":[{"href":"https:\/\/pomello.ee\/fi\/wp-json\/wp\/v2\/media?parent=31201"}],"wp:term":[{"taxonomy":"product_brand","embeddable":true,"href":"https:\/\/pomello.ee\/fi\/wp-json\/wp\/v2\/product_brand?post=31201"},{"taxonomy":"product_cat","embeddable":true,"href":"https:\/\/pomello.ee\/fi\/wp-json\/wp\/v2\/product_cat?post=31201"},{"taxonomy":"product_tag","embeddable":true,"href":"https:\/\/pomello.ee\/fi\/wp-json\/wp\/v2\/product_tag?post=31201"}],"curies":[{"name":"wp","href":"https:\/\/api.w.org\/{rel}","templated":true}]}}