{"id":31205,"date":"2025-01-30T21:01:50","date_gmt":"2025-01-30T19:01:50","guid":{"rendered":"https:\/\/pomello.ee\/toode\/oko-eyebrow-epil-wax-venus-100-g\/"},"modified":"2025-08-18T12:46:13","modified_gmt":"2025-08-18T10:46:13","slug":"oko-eyebrow-epil-wax-venus-100-g","status":"publish","type":"product","link":"https:\/\/pomello.ee\/fi\/toode\/oko-eyebrow-epil-wax-venus-100-g\/","title":{"rendered":"OKO Eyebrow Epil Wax Venus 100 g"},"content":{"rendered":"<p><strong>K\u00e4ytt\u00f6ohje<\/strong><\/p>\n<p><strong>Valmistele iho<\/strong><\/p>\n<p>Poista meikkij\u00e4\u00e4m\u00e4t ja puhdista iho OKO Lash&amp;Brow Cloudy Foam Shampoon avulla.<br \/>\nVarmista, ett\u00e4 ihosi on t\u00e4ysin kuiva ennen vahan levitt\u00e4mist\u00e4.<br \/>\nLevit\u00e4 halutessasi ohut kerros talkkijauhetta hoidettavalle alueelle.<\/p>\n<p><strong>Sulata vaha<\/strong><\/p>\n<p>Kuumenna vahaa vahanl\u00e4mmittimess\u00e4, kunnes se on t\u00e4ysin nestem\u00e4ist\u00e4.<\/p>\n<p><strong>Levit\u00e4 vahaa.<\/strong><\/p>\n<p>K\u00e4yt\u00e4 puista lastaa ja levit\u00e4 vaha ohuena, tasaisena kerroksena halutulle alueelle hiusten kasvusuunnassa.<br \/>\nOdota muutama sekunti, kunnes vaha muuttuu joustavaksi tahnaksi.<\/p>\n<p><strong>Poista vaha<\/strong><\/p>\n<p>Kirist\u00e4 ihoa varovasti vahausalueella.<br \/>\nVed\u00e4 vaha pois yhdell\u00e4 nopealla liikkeell\u00e4 rakeita vasten v\u00e4ltt\u00e4\u00e4ksesi iho\u00e4rsytyksen.<\/p>\n<p><strong>Puhdista ja hoida ihoasi<\/strong><\/p>\n<p>Poista vahaj\u00e4\u00e4m\u00e4t erityisell\u00e4 vahanpoisto\u00f6ljyll\u00e4 tai -nesteell\u00e4.<br \/>\nTaputtele ihoa vanulapulla tai l\u00e4mpim\u00e4ll\u00e4 vedell\u00e4.<br \/>\nJos ihosi punoittaa, k\u00e4yt\u00e4 rauhoittavaa hoitotuotetta.<br \/>\nMuista k\u00e4ytt\u00e4\u00e4 aurinkovoidetta (SPF) toimenpiteen j\u00e4lkeen.<\/p>\n<p><strong>Suosituksia parhaiden tulosten saavuttamiseksi:<\/strong><\/p>\n<p>S\u00e4\u00e4d\u00e4 vahan kuumennusaikaa tarpeen mukaan.<br \/>\nS\u00e4\u00e4d\u00e4 vahakerroksen paksuus ja poiston voimakkuus.<\/p>\n","protected":false},"excerpt":{"rendered":"<p><strong>OKO Eyebrow Epil Wax Venus<\/strong> on erityisesti kasvojen karvojen poistoon suunniteltu kalvovaha, joka hoitaa ihoa ja poistaa tehokkaasti kovimmatkin karvat. Sen ainutlaatuinen koostumus mahdollistaa ty\u00f6skentelyn nopeasti, tehokkaasti ja vahingoittamatta ihoa, mik\u00e4 takaa aina virheett\u00f6m\u00e4t tulokset.<\/p>\n<p><strong>Miksi valita Venus-vaha?<\/strong><br \/>\nSis\u00e4lt\u00e4\u00e4 ravitsevia \u00f6ljyj\u00e4 ja vehn\u00e4nalkiouutetta, jotka kosteuttavat ja ravitsevat ihoa s\u00e4ilytt\u00e4en sen terveen ulkon\u00e4\u00f6n.<br \/>\nSopii kaikille ihotyypeille, my\u00f6s herk\u00e4lle iholle.<br \/>\nSulaa nopeasti ja toimii alhaisissa l\u00e4mp\u00f6tiloissa tarjoten lempe\u00e4n ja mukavan kokemuksen.<br \/>\nPoistaa luotettavasti sek\u00e4 hienoimpia ett\u00e4 tiheimpi\u00e4 karvoja.<br \/>\nJoustavan koostumuksen ansiosta vaha on helppo levitt\u00e4\u00e4 ja est\u00e4\u00e4 murenemista.<\/p>\n<p><strong>Tulos?<\/strong> Sile\u00e4, puhdas ja hyvin hoidettu iho jokaisella k\u00e4ytt\u00f6kerralla!<\/p>\n","protected":false},"featured_media":30881,"comment_status":"open","ping_status":"closed","template":"","meta":{"_monsterinsights_skip_tracking":false,"_monsterinsights_sitenote_active":false,"_monsterinsights_sitenote_note":"","_monsterinsights_sitenote_category":0},"product_brand":[],"product_cat":[476,507,555],"product_tag":[],"class_list":{"0":"post-31205","1":"product","2":"type-product","3":"status-publish","4":"has-post-thumbnail","6":"product_cat-kulmakarvat","7":"product_cat-karvanpoisto","8":"product_cat-vahat","9":"pa_brand-oko-fi","10":"pa_suurus-100-g-fi","12":"first","13":"instock","14":"taxable","15":"shipping-taxable","16":"purchasable","17":"product-type-simple"},"_links":{"self":[{"href":"https:\/\/pomello.ee\/fi\/wp-json\/wp\/v2\/product\/31205","targetHints":{"allow":["GET"]}}],"collection":[{"href":"https:\/\/pomello.ee\/fi\/wp-json\/wp\/v2\/product"}],"about":[{"href":"https:\/\/pomello.ee\/fi\/wp-json\/wp\/v2\/types\/product"}],"replies":[{"embeddable":true,"href":"https:\/\/pomello.ee\/fi\/wp-json\/wp\/v2\/comments?post=31205"}],"wp:featuredmedia":[{"embeddable":true,"href":"https:\/\/pomello.ee\/fi\/wp-json\/wp\/v2\/media\/30881"}],"wp:attachment":[{"href":"https:\/\/pomello.ee\/fi\/wp-json\/wp\/v2\/media?parent=31205"}],"wp:term":[{"taxonomy":"product_brand","embeddable":true,"href":"https:\/\/pomello.ee\/fi\/wp-json\/wp\/v2\/product_brand?post=31205"},{"taxonomy":"product_cat","embeddable":true,"href":"https:\/\/pomello.ee\/fi\/wp-json\/wp\/v2\/product_cat?post=31205"},{"taxonomy":"product_tag","embeddable":true,"href":"https:\/\/pomello.ee\/fi\/wp-json\/wp\/v2\/product_tag?post=31205"}],"curies":[{"name":"wp","href":"https:\/\/api.w.org\/{rel}","templated":true}]}}