{"id":31332,"date":"2025-02-18T21:41:58","date_gmt":"2025-02-18T19:41:58","guid":{"rendered":"https:\/\/pomello.ee\/toode\/maxymova-liquid-hybrid-dye\/"},"modified":"2025-09-23T12:06:22","modified_gmt":"2025-09-23T10:06:22","slug":"maxymova-liquid-hybrid-dye","status":"publish","type":"product","link":"https:\/\/pomello.ee\/fi\/toode\/maxymova-liquid-hybrid-dye\/","title":{"rendered":"MAXYMOVA Liquid Hybrid Dye"},"content":{"rendered":"<h3>S\u00e4vykuvaukset<\/h3>\n<p><strong>Ash Blond<\/strong> \u2013 Viile\u00e4lle ihons\u00e4vylle ja vaaleille tai keskivaaleille hiuksille<br \/>\n<strong>Honey Blond<\/strong> \u2013 L\u00e4mpim\u00e4lle ihons\u00e4vylle ja tumman- tai vaaleanruskeille hiuksille<br \/>\n<strong>Macchiato<\/strong> \u2013 Neutraalille tai viile\u00e4lle ihons\u00e4vylle ja tummemmille hiuksille<br \/>\n<strong>Nocciola<\/strong> \u2013 Vaalealle tai keskitummalle ihons\u00e4vylle ja vaaleille tai vaaleanruskeille hiuksille<br \/>\n<strong>Cappuccino<\/strong> \u2013 Universaali klassinen ruskea, sopii keskitummalle tai tummalle ihons\u00e4vylle<br \/>\n<strong>Mandorla<\/strong> \u2013 Keskiruskea, ihanteellinen eri ihons\u00e4vyille<br \/>\n<strong>Cacao<\/strong> \u2013 Tummanruskea, t\u00e4ydellinen keskitummalle tai tummalle ihons\u00e4vylle ja tummille hiuksille<br \/>\n<strong>Moka<\/strong> \u2013 Syv\u00e4 musta, sopii tummalle tai eritt\u00e4in tummalle ihons\u00e4vylle ja tummille kulmakarvoille<br \/>\n<strong>Rame<\/strong> \u2013 Punertavanruskea, t\u00e4ydellinen l\u00e4mpim\u00e4lle ihons\u00e4vylle ja tummanvaaleista tummanruskeisiin hiuksiin<\/p>\n<h3>K\u00c4YTT\u00d6OHJEET JA TURVALLISUUSINFO<\/h3>\n<ul>\n<li>Vain ammattik\u00e4ytt\u00f6\u00f6n<\/li>\n<li>Kosmeettinen tuote ulkoiseen k\u00e4ytt\u00f6\u00f6n<\/li>\n<li>Noudata k\u00e4ytt\u00f6ohjeita<\/li>\n<\/ul>\n<p>Valmistaja ei suosittele Maxymova Hybrid -v\u00e4rien ja vetyperoksidin k\u00e4ytt\u00f6\u00e4 raskauden aikana.<\/p>\n<p><strong>Saattaa aiheuttaa allergisia reaktioita! \u00c4l\u00e4 k\u00e4yt\u00e4 tuotetta, jos:<\/strong><\/p>\n<ul>\n<li>Iho on vaurioitunut (haavat, \u00e4rsytys, tulehdus).<\/li>\n<li>Olet aiemmin saanut allergisen reaktion t\u00e4st\u00e4 tuotteesta.<\/li>\n<li>Jos tunnet polttelua tai punoitusta levityksen aikana, poista tuote v\u00e4litt\u00f6m\u00e4sti ja lopeta k\u00e4ytt\u00f6. Vakavan reaktion sattuessa ota yhteytt\u00e4 l\u00e4\u00e4k\u00e4riin ennen uudelleenk\u00e4ytt\u00f6\u00e4.<\/li>\n<\/ul>\n<p><strong>Lis\u00e4varotoimet:<\/strong><\/p>\n<ul>\n<li>K\u00e4yt\u00e4 valmistettu seos v\u00e4litt\u00f6m\u00e4sti, \u00e4l\u00e4 k\u00e4yt\u00e4 uudelleen ylij\u00e4\u00e4mi\u00e4.<\/li>\n<li>Huuhtele v\u00e4rij\u00e4\u00e4m\u00e4t iholta ja vaatteista heti vedell\u00e4.<\/li>\n<li>\u00c4l\u00e4 ylit\u00e4 suositeltua vaikutusaikaa.<\/li>\n<li>Hapete sis\u00e4lt\u00e4\u00e4 vetyperoksidia.<\/li>\n<li>Suorita ihotesti 48 tuntia ennen k\u00e4ytt\u00f6\u00e4 allergian poissulkemiseksi.<\/li>\n<li>Vain riitt\u00e4v\u00e4sti koulutetut ammattilaiset saavat k\u00e4ytt\u00e4\u00e4 tuotetta.<\/li>\n<li>K\u00e4yt\u00e4 suojak\u00e4sineit\u00e4 tuotteen levitt\u00e4misess\u00e4.<\/li>\n<li>S\u00e4ilyt\u00e4 viile\u00e4ss\u00e4 ja kuivassa paikassa, suojattuna kuumuudelta ja suoralta auringonvalolta.<\/li>\n<\/ul>\n<h3>K\u00e4ytt\u00f6ohje<\/h3>\n<ol>\n<li>Parhaan lopputuloksen saavuttamiseksi puhdista kulmakarvat <strong>MAXYMOVA-puhdistusvaahdolla<\/strong>.<\/li>\n<li>Sekoita huolellisesti <strong>1 tippa MAXYMOVA-kermahapetetta ja 2 tippaa v\u00e4ri\u00e4<\/strong>.<br \/>\n<strong>Huom! K\u00e4yt\u00e4 vain MAXYMOVA-kermahapetetta.<\/strong><\/li>\n<li>V\u00e4lt\u00e4 metalliesineit\u00e4 \u2013 k\u00e4yt\u00e4 muovi- tai silikonialustaa sekoittamiseen (esim. <strong>Nanopad tai muovikuppi<\/strong>).<\/li>\n<li>Levit\u00e4 v\u00e4ri kulmakarvoille karvan kasvusuuntaan. Valitse luonnollisesti sopiva s\u00e4vy tai <strong>1\u20132 s\u00e4vy\u00e4 vaaleampi<\/strong>asiakkaan hiusv\u00e4rin mukaan.<\/li>\n<\/ol>\n<p><strong>Vaikutusaika:<\/strong><\/p>\n<ul>\n<li><strong>2\u201310 minuuttia<\/strong> \u2013 mit\u00e4 pidemp\u00e4\u00e4n pid\u00e4t, sit\u00e4 intensiivisempi lopputulos.<\/li>\n<\/ul>\n<p><strong>Poistaminen:<\/strong><\/p>\n<ul>\n<li>Puhdista varovasti vanulapulla tai -tikulla, huuhtele sitten huolellisesti vedell\u00e4.<\/li>\n<\/ul>\n<p>Noudattamalla n\u00e4it\u00e4 ohjeita saavutat pitk\u00e4kestoisen ja ammattimaisen lopputuloksen!<\/p>\n","protected":false},"excerpt":{"rendered":"<p><strong>MAXYMOVA Liquid Hybrid Dye \u2013 Pitk\u00e4kestoinen v\u00e4ri ja hoito kulmillesi ja ripsillesi!<\/strong><\/p>\n<p>Nestem\u00e4inen kulmav\u00e4ri on rikastettu luonnollisilla uutteilla, kuten <strong>Phyllanthus Emblica, Aloe Vera, kamomilla ja Damaskoksen ruusu<\/strong>, jotka hoitavat ja suojaavat karvoja koko v\u00e4rj\u00e4ysprosessin ajan.<\/p>\n<ul>\n<li><strong>Luonnollinen hoito ja vahvuus<\/strong> \u2013 kasviuutteet kosteuttavat ja suojaavat kulmia ja ripsi\u00e4<\/li>\n<li><strong>Laaja v\u00e4rivalikoima<\/strong> \u2013 9 intensiivist\u00e4 s\u00e4vy\u00e4 luonnollisen pehme\u00e4st\u00e4 syv\u00e4\u00e4n ja rohkeaan<\/li>\n<li><strong>Pitk\u00e4kestoinen lopputulos<\/strong> \u2013 v\u00e4ri kest\u00e4\u00e4 iholla <strong>5\u20138 p\u00e4iv\u00e4\u00e4<\/strong> ja karvoissa jopa <strong>4\u20135 viikkoa<\/strong><\/li>\n<li><strong>T\u00e4ydellinen peitt\u00e4vyys<\/strong> \u2013 optimaalisen pH-tason ansiosta v\u00e4ri imeytyy syv\u00e4lle ihoon ja takaa tasaisen ja pitk\u00e4kestoisen s\u00e4vyn<\/li>\n<\/ul>\n<p>V\u00e4ri tarjoaa <strong>intensiivisen ja pitk\u00e4kestoisen lopputuloksen<\/strong>, samalla hoitaen ja raviten kulmakarvoja.<\/p>\n","protected":false},"featured_media":31263,"comment_status":"open","ping_status":"closed","template":"","meta":{"_monsterinsights_skip_tracking":false,"_monsterinsights_sitenote_active":false,"_monsterinsights_sitenote_note":"","_monsterinsights_sitenote_category":0},"product_brand":[],"product_cat":[476,909,479],"product_tag":[],"class_list":{"0":"post-31332","1":"product","2":"type-product","3":"status-publish","4":"has-post-thumbnail","6":"product_cat-kulmakarvat","7":"product_cat-kestovari","8":"product_cat-ripsien-ja-kulmakarvojen-varit-fi","9":"pa_brand-maxymova-fi","10":"pa_suurus-15-ml-fi","11":"pa_varv-ash-blonde-fi","12":"pa_varv-cacao-fi","13":"pa_varv-cappuccino-fi","14":"pa_varv-honey-blonde-fi","15":"pa_varv-macchiato-fi","16":"pa_varv-mandorla-fi","17":"pa_varv-moka-black-fi","18":"pa_varv-nocciola-fi","20":"first","21":"instock","22":"taxable","23":"shipping-taxable","24":"purchasable","25":"product-type-variable"},"_links":{"self":[{"href":"https:\/\/pomello.ee\/fi\/wp-json\/wp\/v2\/product\/31332","targetHints":{"allow":["GET"]}}],"collection":[{"href":"https:\/\/pomello.ee\/fi\/wp-json\/wp\/v2\/product"}],"about":[{"href":"https:\/\/pomello.ee\/fi\/wp-json\/wp\/v2\/types\/product"}],"replies":[{"embeddable":true,"href":"https:\/\/pomello.ee\/fi\/wp-json\/wp\/v2\/comments?post=31332"}],"wp:featuredmedia":[{"embeddable":true,"href":"https:\/\/pomello.ee\/fi\/wp-json\/wp\/v2\/media\/31263"}],"wp:attachment":[{"href":"https:\/\/pomello.ee\/fi\/wp-json\/wp\/v2\/media?parent=31332"}],"wp:term":[{"taxonomy":"product_brand","embeddable":true,"href":"https:\/\/pomello.ee\/fi\/wp-json\/wp\/v2\/product_brand?post=31332"},{"taxonomy":"product_cat","embeddable":true,"href":"https:\/\/pomello.ee\/fi\/wp-json\/wp\/v2\/product_cat?post=31332"},{"taxonomy":"product_tag","embeddable":true,"href":"https:\/\/pomello.ee\/fi\/wp-json\/wp\/v2\/product_tag?post=31332"}],"curies":[{"name":"wp","href":"https:\/\/api.w.org\/{rel}","templated":true}]}}