{"id":31343,"date":"2025-02-18T21:52:45","date_gmt":"2025-02-18T19:52:45","guid":{"rendered":"https:\/\/pomello.ee\/toode\/maxymova-cream-developer-3-15-ml\/"},"modified":"2025-02-18T21:52:45","modified_gmt":"2025-02-18T19:52:45","slug":"maxymova-cream-developer-3-15-ml","status":"publish","type":"product","link":"https:\/\/pomello.ee\/fi\/toode\/maxymova-cream-developer-3-15-ml\/","title":{"rendered":"MAXYMOVA Cream Developer 3% 15 ml"},"content":{"rendered":"","protected":false},"excerpt":{"rendered":"<p><strong>MAXYMOVA Cream Developer 3 % \u2013 T\u00c4YDELLINEN YHDISTELM\u00c4 NESTEISTEN HYBRIDIV\u00c4RIV\u00c4RIEN KANSSA<\/strong><\/p>\n<p><strong>Ammattimainen kermavety t\u00e4ydellinen v\u00e4ritulos!<\/strong><\/p>\n<p>MAXYMOVA 3 % Cream vety on erityisesti suunniteltu toimimaan t\u00e4ydellisesti LIQUID HYBRID DYE kulmakarvojen ja ripsien v\u00e4rien kanssa varmistaen tasaisen peitt\u00e4vyyden, pitk\u00e4kestoisen tuloksen ja optimaalisen v\u00e4rin s\u00e4ilymisen.<\/p>\n<p><strong>Miksi valita MAXYMOVA kermavety?<\/strong><br \/>\nTarkkaan tasapainotettu koostumus \u2013 kehitetty erityisesti MAXYMOVA LIQUID HYBRID DYE:lle parhaan mahdollisen tuloksen varmistamiseksi.<br \/>\nTasainen ja syv\u00e4 v\u00e4ritulos \u2013 3 % vetyperoksidipitoisuus aktivoi v\u00e4ripigmenttej\u00e4 ja antaa intensiivisen ja kest\u00e4v\u00e4n s\u00e4vyn.<br \/>\nKermainen rakenne \u2013 varmistaa tasaisen sekoituksen ja tarkan levityksen est\u00e4en v\u00e4rin levi\u00e4misen.<br \/>\nPitk\u00e4kestoinen tulos \u2013 auttaa v\u00e4ri\u00e4 kiinnittym\u00e4\u00e4n paremmin ja pident\u00e4\u00e4 kulmakarvojen ja ripsien kaunista ulkon\u00e4k\u00f6\u00e4.<br \/>\nHygieeninen ja k\u00e4tev\u00e4 \u2013 15 ml:n ilmaton pullo varmistaa tarkan annostelun ja minimoi tuoteh\u00e4vikin.<\/p>\n<p>Vain ammattik\u00e4ytt\u00f6\u00f6n! Noudata k\u00e4ytt\u00f6ohjeita parhaan mahdollisen tuloksen saavuttamiseksi.<\/p>\n","protected":false},"featured_media":31297,"comment_status":"open","ping_status":"closed","template":"","meta":{"_monsterinsights_skip_tracking":false,"_monsterinsights_sitenote_active":false,"_monsterinsights_sitenote_note":"","_monsterinsights_sitenote_category":0},"product_brand":[],"product_cat":[476,901,479],"product_tag":[],"class_list":{"0":"post-31343","1":"product","2":"type-product","3":"status-publish","4":"has-post-thumbnail","6":"product_cat-kulmakarvat","7":"product_cat-developers","8":"product_cat-ripsien-ja-kulmakarvojen-varit-fi","9":"pa_brand-maxymova-fi","10":"pa_suurus-15-ml-fi","12":"first","13":"outofstock","14":"taxable","15":"shipping-taxable","16":"purchasable","17":"product-type-simple"},"_links":{"self":[{"href":"https:\/\/pomello.ee\/fi\/wp-json\/wp\/v2\/product\/31343","targetHints":{"allow":["GET"]}}],"collection":[{"href":"https:\/\/pomello.ee\/fi\/wp-json\/wp\/v2\/product"}],"about":[{"href":"https:\/\/pomello.ee\/fi\/wp-json\/wp\/v2\/types\/product"}],"replies":[{"embeddable":true,"href":"https:\/\/pomello.ee\/fi\/wp-json\/wp\/v2\/comments?post=31343"}],"wp:featuredmedia":[{"embeddable":true,"href":"https:\/\/pomello.ee\/fi\/wp-json\/wp\/v2\/media\/31297"}],"wp:attachment":[{"href":"https:\/\/pomello.ee\/fi\/wp-json\/wp\/v2\/media?parent=31343"}],"wp:term":[{"taxonomy":"product_brand","embeddable":true,"href":"https:\/\/pomello.ee\/fi\/wp-json\/wp\/v2\/product_brand?post=31343"},{"taxonomy":"product_cat","embeddable":true,"href":"https:\/\/pomello.ee\/fi\/wp-json\/wp\/v2\/product_cat?post=31343"},{"taxonomy":"product_tag","embeddable":true,"href":"https:\/\/pomello.ee\/fi\/wp-json\/wp\/v2\/product_tag?post=31343"}],"curies":[{"name":"wp","href":"https:\/\/api.w.org\/{rel}","templated":true}]}}