{"id":31345,"date":"2025-02-18T22:35:44","date_gmt":"2025-02-18T20:35:44","guid":{"rendered":"https:\/\/pomello.ee\/toode\/maxymova-brow-gel-fixgo\/"},"modified":"2025-02-18T22:35:44","modified_gmt":"2025-02-18T20:35:44","slug":"maxymova-brow-gel-fixgo","status":"publish","type":"product","link":"https:\/\/pomello.ee\/fi\/toode\/maxymova-brow-gel-fixgo\/","title":{"rendered":"MAXYMOVA Brow Gel FIX&#038;GO"},"content":{"rendered":"<p><strong>L\u00f6yd\u00e4 Brow Gel Fix&amp;Go, uusi t\u00e4ydellinen tuote, joka yhdist\u00e4\u00e4 kulmien fiksaamisen ja keratiinilla hoitamisen!<\/strong><\/p>\n<p><strong>Tuotteen ominaisuudet:<\/strong><\/p>\n<ul>\n<li><strong>Kaksoistoiminto<\/strong> \u2013 toimii sek\u00e4 kiinnitygeelin\u00e4 ett\u00e4 keratiinihoitotuotteena. Tarjoaa luonnollisen viimeistelyn ja pitk\u00e4kestoisen pidon.<\/li>\n<li><strong>Helppo k\u00e4ytt\u00e4\u00e4<\/strong> \u2013 varmistaa hyvin hoidellut kulmat koko p\u00e4iv\u00e4n ajan. Rikastettu ravitsevilla ainesosilla, jotka tekev\u00e4t kulmista terveemm\u00e4t ja vahvemmat.<\/li>\n<li><strong>Hell\u00e4vaniljainen tuoksu<\/strong> tuo miellytt\u00e4v\u00e4n k\u00e4ytt\u00f6kokemuksen.<\/li>\n<\/ul>\n<p><strong>P\u00e4\u00e4koiosteen osat:<\/strong><\/p>\n<ul>\n<li><strong>Pantheeni<\/strong> \u2013 regeneroiva ja rauhoittava vaikutus, vahvistaa kulmia.<\/li>\n<li><strong>Silkkihydrolysaatti<\/strong> \u2013 kosteuttaa ja luo suojakalvon est\u00e4en kuivumista.<\/li>\n<li><strong>Keratiini<\/strong> \u2013 ravintoaineiden l\u00e4hde, joka ravitsee ja korjaa kulmakarvoja j\u00e4tt\u00e4en ne pehme\u00e4mmiksi ja sile\u00e4mmiksi.<\/li>\n<li><strong>Risiini\u00f6ljy<\/strong> \u2013 E-vitamiini, rasvahappojen ja mineraalien runsaus, stimuloi kasvua ja antaa kulmille kiiltoa.<\/li>\n<\/ul>\n","protected":false},"excerpt":{"rendered":"<p><strong>Maxymova Brow Gel Fix&amp;Go \u2013 T\u00e4ydellinen viimeistely ja hoito yhdess\u00e4!<\/strong><\/p>\n<p>Varmista asiakkaille t\u00e4ydellisesti muotoillut ja hoidellut kulmat my\u00f6s kulmien laminoinnin j\u00e4lkeen! Brow Gel Fix&amp;Go on keratiinilla rikastettu viimeistelygeeli, joka ei ainoastaan kiinnit\u00e4 kulmia, vaan my\u00f6s tarjoaa syv\u00e4hoitoa.<\/p>\n<p><strong>Miksi valita Brow Gel Fix&amp;Go?<\/strong><\/p>\n<ul>\n<li><strong>Kaksoistoiminto<\/strong> \u2013 kiinnitt\u00e4\u00e4 kulmat ja toimii hoitogeelin\u00e4 laminoinnin j\u00e4lkeen<\/li>\n<li><strong>Keratiinilla rikastettu koostumus<\/strong> \u2013 vahvistaa ja suojaa kulmakarvoja<\/li>\n<li><strong>Hell\u00e4 vaniljatuoksu<\/strong> \u2013 tuo luksusmaisen k\u00e4ytt\u00f6kokemuksen<\/li>\n<li><strong>Kompakti 5 ml pakkaus<\/strong> \u2013 t\u00e4ydellinen sek\u00e4 ammattilaisille ett\u00e4 kotik\u00e4ytt\u00f6\u00f6n<\/li>\n<\/ul>\n<p>T\u00e4ydellinen kulmien viimeistely ja hoito \u2013 Fix&amp;Go!<\/p>\n","protected":false},"featured_media":31306,"comment_status":"open","ping_status":"closed","template":"","meta":{"_monsterinsights_skip_tracking":false,"_monsterinsights_sitenote_active":false,"_monsterinsights_sitenote_note":"","_monsterinsights_sitenote_category":0},"product_brand":[],"product_cat":[476,915,917],"product_tag":[],"class_list":{"0":"post-31345","1":"product","2":"type-product","3":"status-publish","4":"has-post-thumbnail","6":"product_cat-kulmakarvat","7":"product_cat-esi-ja-jalkihoito","8":"product_cat-jalkihoito-fi","9":"pa_brand-maxymova-fi","10":"pa_suurus-5-ml-fi","12":"first","13":"instock","14":"sale","15":"taxable","16":"shipping-taxable","17":"purchasable","18":"product-type-simple"},"_links":{"self":[{"href":"https:\/\/pomello.ee\/fi\/wp-json\/wp\/v2\/product\/31345","targetHints":{"allow":["GET"]}}],"collection":[{"href":"https:\/\/pomello.ee\/fi\/wp-json\/wp\/v2\/product"}],"about":[{"href":"https:\/\/pomello.ee\/fi\/wp-json\/wp\/v2\/types\/product"}],"replies":[{"embeddable":true,"href":"https:\/\/pomello.ee\/fi\/wp-json\/wp\/v2\/comments?post=31345"}],"wp:featuredmedia":[{"embeddable":true,"href":"https:\/\/pomello.ee\/fi\/wp-json\/wp\/v2\/media\/31306"}],"wp:attachment":[{"href":"https:\/\/pomello.ee\/fi\/wp-json\/wp\/v2\/media?parent=31345"}],"wp:term":[{"taxonomy":"product_brand","embeddable":true,"href":"https:\/\/pomello.ee\/fi\/wp-json\/wp\/v2\/product_brand?post=31345"},{"taxonomy":"product_cat","embeddable":true,"href":"https:\/\/pomello.ee\/fi\/wp-json\/wp\/v2\/product_cat?post=31345"},{"taxonomy":"product_tag","embeddable":true,"href":"https:\/\/pomello.ee\/fi\/wp-json\/wp\/v2\/product_tag?post=31345"}],"curies":[{"name":"wp","href":"https:\/\/api.w.org\/{rel}","templated":true}]}}