{"id":31347,"date":"2025-02-20T08:15:58","date_gmt":"2025-02-20T06:15:58","guid":{"rendered":"https:\/\/pomello.ee\/toode\/bronsun-kulmakarvojen-shampoo-50-ml\/"},"modified":"2025-04-05T08:07:40","modified_gmt":"2025-04-05T06:07:40","slug":"bronsun-kulmakarvojen-shampoo-50-ml","status":"publish","type":"product","link":"https:\/\/pomello.ee\/fi\/toode\/bronsun-kulmakarvojen-shampoo-50-ml\/","title":{"rendered":"BRONSUN Kulmakarvojen shampoo 50 ml"},"content":{"rendered":"<p><strong>K\u00e4ytt\u00f6ohje:<\/strong><br \/>\nLevit\u00e4 kosteisiin kulmakarvoihin, hiero 30 sekuntia ja pyyhi kostealla vanulapulla. Anna kulmakarvojen kuivua ja aloita haluamasi toimenpide.<\/p>\n<p><strong>Varastointi:<\/strong><br \/>\nS\u00e4ilytett\u00e4v\u00e4 +5 \u00b0C &#8211; +25 \u00b0C l\u00e4mp\u00f6tilassa, suojattuna suoralta auringonvalolta.<\/p>\n<p><strong>Varoitukset<\/strong>:<br \/>\nV\u00e4lt\u00e4 kosketusta silmiin. Vain ulkoiseen k\u00e4ytt\u00f6\u00f6n. Pid\u00e4 poissa lasten ulottuvilta.<\/p>\n<p><strong>K\u00e4ytt\u00f6m\u00e4\u00e4r\u00e4:<\/strong> jopa 420 toimenpidett\u00e4<br \/>\n<strong>S\u00e4ilyvyys:<\/strong> 36 kuukautta avaamattomana, 12 kuukautta avaamisen j\u00e4lkeen<\/p>\n","protected":false},"excerpt":{"rendered":"<p><strong>BRONSUN Kulmakarvojen shampoo 50 ml \u2013 tehokas puhdistus ja hoito kulmakarvoille<\/strong><\/p>\n<p>BRONSUN kulmakarvoshampoo puhdistaa hell\u00e4varaisesti kulmakarvat ja ihon poistaen meikin, lian ja talin. Se valmistelee kulmakarvat v\u00e4rj\u00e4yst\u00e4 tai pitk\u00e4aikaista kulmakarvojen hoitoa varten ja pident\u00e4\u00e4 v\u00e4rin kest\u00e4vyytt\u00e4.<\/p>\n<p><strong>T\u00e4rkeimm\u00e4t vaikuttavat aineet ja edut:<\/strong><\/p>\n<p><strong>Betaiini<\/strong> \u2013 lis\u00e4\u00e4 kulmakarvojen kiiltoa ja parantaa niiden rakennetta<br \/>\n<strong>Panthenol<\/strong> \u2013 kosteuttaa, vahvistaa ja pehment\u00e4\u00e4 kulmakarvoja antaen hoitavan vaikutuksen<br \/>\n<strong>Neutraali pH<\/strong> \u2013 hell\u00e4varainen iholle ja kulmakarvoille<\/p>\n<p><strong>Miksi valita BRONSUN kulmakarvoshampoo?<\/strong><\/p>\n<ul>\n<li>Poistaa tehokkaasti lian ja meikinj\u00e4\u00e4m\u00e4t<\/li>\n<li>Pident\u00e4\u00e4 kulmakarvojen v\u00e4rin kest\u00e4vyytt\u00e4<\/li>\n<li>Yhteensopiva kaikkien v\u00e4rien ja hennan kanssa<\/li>\n<\/ul>\n","protected":false},"featured_media":31322,"comment_status":"open","ping_status":"closed","template":"","meta":{"_monsterinsights_skip_tracking":false,"_monsterinsights_sitenote_active":false,"_monsterinsights_sitenote_note":"","_monsterinsights_sitenote_category":0},"product_brand":[],"product_cat":[476,915,916],"product_tag":[],"class_list":{"0":"post-31347","1":"product","2":"type-product","3":"status-publish","4":"has-post-thumbnail","6":"product_cat-kulmakarvat","7":"product_cat-esi-ja-jalkihoito","8":"product_cat-esihoito-fi","9":"pa_brand-bronsun-fi","10":"pa_suurus-50-ml-fi","12":"first","13":"outofstock","14":"taxable","15":"shipping-taxable","16":"purchasable","17":"product-type-simple"},"_links":{"self":[{"href":"https:\/\/pomello.ee\/fi\/wp-json\/wp\/v2\/product\/31347","targetHints":{"allow":["GET"]}}],"collection":[{"href":"https:\/\/pomello.ee\/fi\/wp-json\/wp\/v2\/product"}],"about":[{"href":"https:\/\/pomello.ee\/fi\/wp-json\/wp\/v2\/types\/product"}],"replies":[{"embeddable":true,"href":"https:\/\/pomello.ee\/fi\/wp-json\/wp\/v2\/comments?post=31347"}],"wp:featuredmedia":[{"embeddable":true,"href":"https:\/\/pomello.ee\/fi\/wp-json\/wp\/v2\/media\/31322"}],"wp:attachment":[{"href":"https:\/\/pomello.ee\/fi\/wp-json\/wp\/v2\/media?parent=31347"}],"wp:term":[{"taxonomy":"product_brand","embeddable":true,"href":"https:\/\/pomello.ee\/fi\/wp-json\/wp\/v2\/product_brand?post=31347"},{"taxonomy":"product_cat","embeddable":true,"href":"https:\/\/pomello.ee\/fi\/wp-json\/wp\/v2\/product_cat?post=31347"},{"taxonomy":"product_tag","embeddable":true,"href":"https:\/\/pomello.ee\/fi\/wp-json\/wp\/v2\/product_tag?post=31347"}],"curies":[{"name":"wp","href":"https:\/\/api.w.org\/{rel}","templated":true}]}}