{"id":31563,"date":"2025-03-04T20:19:13","date_gmt":"2025-03-04T18:19:13","guid":{"rendered":"https:\/\/pomello.ee\/toode\/maxymova-lash-brow-coctail-5ml\/"},"modified":"2025-08-27T07:43:31","modified_gmt":"2025-08-27T05:43:31","slug":"maxymova-lash-brow-coctail-5ml","status":"publish","type":"product","link":"https:\/\/pomello.ee\/fi\/toode\/maxymova-lash-brow-coctail-5ml\/","title":{"rendered":"MAXYMOVA Lash &#038; Brow Coctail 5ml"},"content":{"rendered":"<div class=\"wd-single-content wd-wpb wd-rs-66f417bcd503c vc_custom_1727272897552\">\n<p>MAXYMOVA Lash&amp;Brow Cocktail sis\u00e4lt\u00e4\u00e4 hienon sekoituksen kasviper\u00e4isi\u00e4 aktiivisia ainesosia, jotka auttavat parantamaan hiustupan ja follikkelin terveytt\u00e4 stimuloimalla hiusten uudelleenkasvua. Se sis\u00e4lt\u00e4\u00e4 my\u00f6s biotiinia, joka tunnetaan my\u00f6s nimell\u00e4 H-vitamiini, joka parantaa kynsinauhojen laatua, kasvikeratiinia, joka kerrostuu hiuksiin tehd\u00e4kseen niist\u00e4 volyymimpia ja terveempi\u00e4, ja sis\u00e4lt\u00e4\u00e4 my\u00f6s keramideja, jotka kosteuttavat ja suojaavat hiuksia kaikilta ulkoisilta vaikutuksilta. aggressiota.<\/p>\n<p>&nbsp;<\/p>\n<p><strong>KUINKA K\u00c4YTT\u00c4\u00c4<\/strong><\/p>\n<p>&nbsp;<\/p>\n<p>Levit\u00e4 tuotetta ripsiin tai kulmakarvoihin siveltimell\u00e4 nopein liikkein, tuotetta ei tarvitse huuhdella pois. Tuotetta voidaan k\u00e4ytt\u00e4\u00e4 kahdesti p\u00e4iv\u00e4ss\u00e4.<\/p>\n<p>&nbsp;<\/p>\n<p><strong>AINESOSIEN KUVAUS<\/strong><\/p>\n<p>&nbsp;<\/p>\n<p>Sis\u00e4lt\u00e4\u00e4 hienon sekoituksen aktiivisia kasviper\u00e4isi\u00e4 ainesosia, jotka auttavat parantamaan hiussipulien ja follikkelien terveytt\u00e4 stimuloimalla hiusten kasvua.<\/p>\n<ul>\n<li>Biotiini (H-vitamiini): sill\u00e4 on keskeinen rooli hiusten ja kynsien kasvussa osallistumalla keratiinin synteesiin, parantaa kynsinauhojen laatua ja vahvistaa hiuksia.<\/li>\n<li>Keramidit: auttavat yll\u00e4pit\u00e4m\u00e4\u00e4n asianmukaista nesteytyst\u00e4 sis\u00e4lt\u00e4p\u00e4in ja suojaavat ulkoisilta vaikutuksilta. Keramidit voivat pit\u00e4\u00e4 hiukset paikoillaan tehden niist\u00e4 kirkkaampia ja ennen kaikkea pehmeit\u00e4. Ne k\u00e4sittelev\u00e4t proteiinien palauttamista.<\/li>\n<li>Heksapeptidi-11: K\u00e4ytet\u00e4\u00e4n lis\u00e4\u00e4m\u00e4\u00e4n kollageenin ja elastiinin m\u00e4\u00e4r\u00e4\u00e4 p\u00e4\u00e4nahassa terveellisempien hiusten saamiseksi.<\/li>\n<li>Goji-marjauute: taistelee vapaita radikaaleja vastaan \u200b\u200bantioksidanttisilla ominaisuuksillaan. J\u00e4tt\u00e4\u00e4 ripset elastisiksi ja pehmeiksi. Antaa volyymia, keveytt\u00e4 ja kiiltoa. T\u00e4m\u00e4 ainesosa sis\u00e4lt\u00e4\u00e4 runsaasti A- ja C-vitamiinia sek\u00e4 tehokkaita antioksidantteja: ne est\u00e4v\u00e4t hiusten ik\u00e4\u00e4ntymist\u00e4 ja edist\u00e4v\u00e4t niiden paranemista ja kasvua.<\/li>\n<li>Jericorosa-uute, jota kutsutaan my\u00f6s aavikkoruusuksi: suojaava ja kosteuttava; T\u00e4m\u00e4 uute on m\u00e4\u00e4ritelty todelliseksi \u201dkosteutta s\u00e4ilytt\u00e4v\u00e4ksi kompleksiksi\u201d, joka on t\u00e4ydellinen pitk\u00e4aikaiseen kosteuttavaan vaikutukseen. Toinen poikkeuksellinen aktiivisuus on sen kyky suojata hiuksia ilmansaasteiden aiheuttamilta oksidatiivisilta vaikutuksilta.<\/li>\n<li>Keratiini: suojaava, kosteuttava ja volyymi lis\u00e4\u00e4v\u00e4; Proteiini, jossa on runsaasti kysteiini\u00e4, eri rikkiatomeista koostuvaa aminohappoa, joka mahdollistaa eritt\u00e4in tiheiden ketjujen muodostumisen varmistaen hiusten terveyden ja vahvuuden. Pohjimmiltaan keratiininauhat kiinnittyv\u00e4t hiuksiin ja sulkevat sen muodostavat kuidut, mik\u00e4 auttaa lis\u00e4\u00e4m\u00e4\u00e4n hiuksia sis\u00e4lt\u00e4p\u00e4in ja tekem\u00e4\u00e4n niist\u00e4 vahvempia ja kimmoisampia.<\/li>\n<li>Trehaloosi: lis\u00e4\u00e4 hiusten kosteuspitoisuutta ja auttaa pit\u00e4m\u00e4\u00e4n ripset pehmein\u00e4 ja kosteutettuina. T\u00e4m\u00e4 sokeri muodostaa eritt\u00e4in ohuen kalvon, joka pystyy s\u00e4ilytt\u00e4m\u00e4\u00e4n molekyylit, muodostamaan niiden ymp\u00e4rille er\u00e4\u00e4nlaisen patinan, peitt\u00e4m\u00e4\u00e4n ne ja suojaamaan niit\u00e4 ulkoisilta vaikutuksilta.<\/li>\n<li>Betaiini: on hoitava lis\u00e4aine, sill\u00e4 on pehment\u00e4v\u00e4 vaikutus, suojaa kuivumiselta ja lis\u00e4\u00e4 hiusten vastustuskyky\u00e4. Tekee ripsist\u00e4 pehme\u00e4t ja kiilt\u00e4v\u00e4t. Se my\u00f6s antaa hiuksille volyymia ja keveytt\u00e4 sek\u00e4 parantaa niiden pitoa ja kest\u00e4vyytt\u00e4.<\/li>\n<li>Sitruunauute: Auttaa vahvistamaan hiuksia ja korjaamaan permanenttien ja v\u00e4rj\u00e4ysten aiheuttamia vaurioita.<\/li>\n<li>Biotekninen kasvikompleksi: stimuloi hiusten kasvua ja v\u00e4hent\u00e4\u00e4 hiustenl\u00e4ht\u00f6\u00e4. T\u00e4m\u00e4 biotekninen kasvikompleksi toimii useilla rintamilla kantasolujen ja fibroblastien aktivoimiseksi ja suojaamiseksi. Se v\u00e4hent\u00e4\u00e4 vapaiden radikaalien negatiivista aktiivisuutta ja edist\u00e4\u00e4 hiusten kasvua ja sitkeytt\u00e4.<\/li>\n<\/ul>\n<p>&nbsp;<\/p>\n<p>Kompleksin tavoitteet:<\/p>\n<p>&nbsp;<\/p>\n<ul>\n<li>molekyyli dihydrokversetiiniglukosidi (DHQG), lehtikuusikasvista saatu modifioitu polyfenoli, joka aktivoi follikkelien kantasolujen jakautumisen, suojaa n\u00e4it\u00e4 soluja lis\u00e4\u00e4m\u00e4ll\u00e4 ihon papillafibroblastien aineenvaihduntaa; stimuloi lepotilassa olevien (ei atrofoituneiden) follikkelien uudelleenaktivoitumista hiusten synnyn ja kasvun palauttamiseksi.<\/li>\n<li>EGCG-glukosidimolekyylin l\u00e4sn\u00e4olo, vihre\u00e4n teen lehtien biotekninen johdannainen, joka taistelee vapaita radikaaleja vastaan; Erityisen hy\u00f6dyllinen vaurioituneiden ja hauraiden ripsien hoidossa hiussuonten kasvun stimuloimiseksi ja ripsien ja kulmakarvojen vahvistamiseksi.<\/li>\n<li>glysiini, hiusten t\u00e4rkein aminohappo, joka edist\u00e4\u00e4 niiden kasvua;<\/li>\n<li>sinkki, kysteiinin aktivoija keratiiniin, joka edist\u00e4\u00e4 kasvun aineenvaihduntaa.<\/li>\n<\/ul>\n<\/div>\n","protected":false},"excerpt":{"rendered":"<h3 class=\"\" data-start=\"101\" data-end=\"184\"><strong data-start=\"105\" data-end=\"184\">MAXYMOVA\u00ae\ufe0f Lash &amp; Brow Cocktail 5 ml \u2013 Ylellinen hoito ripsille ja kulmille<\/strong><\/h3>\n<p class=\"\" data-start=\"186\" data-end=\"462\">Tutustu ammattitason seerumiin, joka antaa ripsille ja kulmille silkinpehme\u00e4n tunteen ja luonnollisen kiillon!<br data-start=\"296\" data-end=\"299\" \/><strong data-start=\"299\" data-end=\"334\">MAXYMOVA\u00ae\ufe0f Lash &amp; Brow Cocktail<\/strong> on suunniteltu erityisesti laminointik\u00e4sittelyn viimeistelyvaiheeksi, tarjoten intensiivist\u00e4 kosteutusta, suojaa ja ravinteita.<\/p>\n<p class=\"\" data-start=\"464\" data-end=\"588\">T\u00e4ydellinen valinta niin <strong data-start=\"489\" data-end=\"508\">salonkik\u00e4ytt\u00f6\u00f6n<\/strong> kuin <strong data-start=\"514\" data-end=\"529\">kotihoitoon<\/strong>, auttaen s\u00e4ilytt\u00e4m\u00e4\u00e4n ja pident\u00e4m\u00e4\u00e4n laminoinnin tuloksia.<\/p>\n<p class=\"\" data-start=\"590\" data-end=\"610\"><strong data-start=\"590\" data-end=\"610\">T\u00e4rkeimm\u00e4t edut:<\/strong><\/p>\n<ul data-start=\"611\" data-end=\"924\">\n<li class=\"\" data-start=\"611\" data-end=\"699\">\n<p class=\"\" data-start=\"613\" data-end=\"699\"><strong data-start=\"613\" data-end=\"636\">Korjaa ja vahvistaa<\/strong> karvojen rakennetta, tehden niist\u00e4 terveemm\u00e4t ja kest\u00e4v\u00e4mm\u00e4t<\/p>\n<\/li>\n<li class=\"\" data-start=\"700\" data-end=\"770\">\n<p class=\"\" data-start=\"702\" data-end=\"770\"><strong data-start=\"702\" data-end=\"720\">Syv\u00e4kosteuttaa<\/strong>, pit\u00e4en ripset ja kulmat joustavina ja pehmein\u00e4<\/p>\n<\/li>\n<li class=\"\" data-start=\"771\" data-end=\"853\">\n<p class=\"\" data-start=\"773\" data-end=\"853\"><strong data-start=\"773\" data-end=\"802\">Lis\u00e4\u00e4 kiiltoa ja volyymia<\/strong>, korostaen luonnollista ja huoliteltua ulkon\u00e4k\u00f6\u00e4<\/p>\n<\/li>\n<li class=\"\" data-start=\"854\" data-end=\"924\">\n<p class=\"\" data-start=\"856\" data-end=\"924\"><strong data-start=\"856\" data-end=\"889\">Suojaa ulkoisilta rasitteilta<\/strong>, v\u00e4hent\u00e4en kuivumista ja vaurioita<\/p>\n<\/li>\n<\/ul>\n<p class=\"\" data-start=\"926\" data-end=\"952\"><strong data-start=\"926\" data-end=\"952\">Vaikuttavat ainesosat:<\/strong><\/p>\n<ul data-start=\"953\" data-end=\"1542\">\n<li class=\"\" data-start=\"953\" data-end=\"1051\">\n<p class=\"\" data-start=\"955\" data-end=\"1051\"><strong data-start=\"955\" data-end=\"982\">Biotiini (vitamiini H):<\/strong> Tukee keratiinin tuotantoa, parantaen karvojen laatua ja vahvuutta<\/p>\n<\/li>\n<li class=\"\" data-start=\"1052\" data-end=\"1130\">\n<p class=\"\" data-start=\"1054\" data-end=\"1130\"><strong data-start=\"1054\" data-end=\"1068\">Keramidit:<\/strong> Sitovat kosteutta ja suojaavat hiusta ulkoisilta tekij\u00f6ilt\u00e4<\/p>\n<\/li>\n<li class=\"\" data-start=\"1131\" data-end=\"1232\">\n<p class=\"\" data-start=\"1133\" data-end=\"1232\"><strong data-start=\"1133\" data-end=\"1153\">Heksapeptidi-11:<\/strong> Lis\u00e4\u00e4 kollageenin ja elastiinin tuotantoa, edist\u00e4en karvojen tervett\u00e4 kasvua<\/p>\n<\/li>\n<li class=\"\" data-start=\"1233\" data-end=\"1314\">\n<p class=\"\" data-start=\"1235\" data-end=\"1314\"><strong data-start=\"1235\" data-end=\"1254\">Goji-marjauute:<\/strong> Antioksidanttinen vaikutus, joka pehment\u00e4\u00e4 ja tuo kiiltoa<\/p>\n<\/li>\n<li class=\"\" data-start=\"1315\" data-end=\"1375\">\n<p class=\"\" data-start=\"1317\" data-end=\"1375\"><strong data-start=\"1317\" data-end=\"1339\">Jericho-ruusuuute:<\/strong> Kosteuttaa ja suojaa kuivumiselta<\/p>\n<\/li>\n<li class=\"\" data-start=\"1376\" data-end=\"1456\">\n<p class=\"\" data-start=\"1378\" data-end=\"1456\"><strong data-start=\"1378\" data-end=\"1392\">Keratiini:<\/strong> Vahvistaa ja lis\u00e4\u00e4 volyymia, tukee hiusrakennetta sis\u00e4lt\u00e4p\u00e4in<\/p>\n<\/li>\n<li class=\"\" data-start=\"1457\" data-end=\"1542\">\n<p class=\"\" data-start=\"1459\" data-end=\"1542\"><strong data-start=\"1459\" data-end=\"1474\">Trehaloosi:<\/strong> Lis\u00e4\u00e4 kosteuspitoisuutta ja pit\u00e4\u00e4 ripset kosteutettuina ja pehmein\u00e4<\/p>\n<\/li>\n<\/ul>\n<p class=\"\" data-start=\"1544\" data-end=\"1559\"><strong data-start=\"1544\" data-end=\"1559\">K\u00e4ytt\u00f6ohje:<\/strong><\/p>\n<ul data-start=\"1560\" data-end=\"1882\">\n<li class=\"\" data-start=\"1560\" data-end=\"1731\">\n<p class=\"\" data-start=\"1562\" data-end=\"1731\"><strong data-start=\"1562\" data-end=\"1586\">Ammattilaisk\u00e4ytt\u00f6\u00f6n:<\/strong> Kun laminointi on valmis, puhdista ripset ja kulmat v\u00e4rij\u00e4\u00e4mist\u00e4. Levit\u00e4 seerumia juuresta latvaan harjalla tai aplikaattorilla. \u00c4l\u00e4 huuhtele.<\/p>\n<\/li>\n<li class=\"\" data-start=\"1732\" data-end=\"1882\">\n<p class=\"\" data-start=\"1734\" data-end=\"1882\"><strong data-start=\"1734\" data-end=\"1750\">Kotihoitoon:<\/strong> Levit\u00e4 seerumi ripsille ja kulmille koko pituudelta ja harjaa kevyesti l\u00e4pi. K\u00e4yt\u00e4 p\u00e4ivitt\u00e4in laminoinnin tulosten yll\u00e4pit\u00e4miseksi.<\/p>\n<\/li>\n<\/ul>\n<p class=\"\" data-start=\"1974\" data-end=\"2115\"><strong data-start=\"1977\" data-end=\"2012\">MAXYMOVA\u00ae\ufe0f Lash &amp; Brow Cocktail<\/strong> \u2013 Luotettava valinta terveiden, kiilt\u00e4vien ja kauniisti hoidettujen ripsien ja kulmien saavuttamiseen.<\/p>\n","protected":false},"featured_media":31491,"comment_status":"open","ping_status":"closed","template":"","meta":{"_monsterinsights_skip_tracking":false,"_monsterinsights_sitenote_active":false,"_monsterinsights_sitenote_note":"","_monsterinsights_sitenote_category":0},"product_brand":[],"product_cat":[476,518,917,923,1249,516,475,514],"product_tag":[],"class_list":{"0":"post-31563","1":"product","2":"type-product","3":"status-publish","4":"has-post-thumbnail","6":"product_cat-kulmakarvat","7":"product_cat-jalkihoito","8":"product_cat-jalkihoito-fi","9":"product_cat-jalkihoito-ja-kosteuttaminen","10":"product_cat-korean-lash-lift-fi","11":"product_cat-lash-lift-fi","12":"product_cat-ripset","13":"product_cat-ripsi-ja-kulmakarvojen-seerumit","14":"pa_brand-maxymova-fi","15":"pa_suurus-5-ml-fi","17":"first","18":"instock","19":"taxable","20":"shipping-taxable","21":"purchasable","22":"product-type-simple"},"_links":{"self":[{"href":"https:\/\/pomello.ee\/fi\/wp-json\/wp\/v2\/product\/31563","targetHints":{"allow":["GET"]}}],"collection":[{"href":"https:\/\/pomello.ee\/fi\/wp-json\/wp\/v2\/product"}],"about":[{"href":"https:\/\/pomello.ee\/fi\/wp-json\/wp\/v2\/types\/product"}],"replies":[{"embeddable":true,"href":"https:\/\/pomello.ee\/fi\/wp-json\/wp\/v2\/comments?post=31563"}],"wp:featuredmedia":[{"embeddable":true,"href":"https:\/\/pomello.ee\/fi\/wp-json\/wp\/v2\/media\/31491"}],"wp:attachment":[{"href":"https:\/\/pomello.ee\/fi\/wp-json\/wp\/v2\/media?parent=31563"}],"wp:term":[{"taxonomy":"product_brand","embeddable":true,"href":"https:\/\/pomello.ee\/fi\/wp-json\/wp\/v2\/product_brand?post=31563"},{"taxonomy":"product_cat","embeddable":true,"href":"https:\/\/pomello.ee\/fi\/wp-json\/wp\/v2\/product_cat?post=31563"},{"taxonomy":"product_tag","embeddable":true,"href":"https:\/\/pomello.ee\/fi\/wp-json\/wp\/v2\/product_tag?post=31563"}],"curies":[{"name":"wp","href":"https:\/\/api.w.org\/{rel}","templated":true}]}}