{"id":31572,"date":"2025-03-04T20:32:38","date_gmt":"2025-03-04T18:32:38","guid":{"rendered":"https:\/\/pomello.ee\/toode\/maxymova-lash-lift-glue-5-ml\/"},"modified":"2026-02-21T09:18:18","modified_gmt":"2026-02-21T07:18:18","slug":"maxymova-lash-lift-glue-5-ml","status":"publish","type":"product","link":"https:\/\/pomello.ee\/fi\/toode\/maxymova-lash-lift-glue-5-ml\/","title":{"rendered":"MAXYMOVA Lash Lift Glue 5 ml"},"content":{"rendered":"<h3><strong>Edut, jotka tekev\u00e4t ripsien laminoinnista helpompaa:<\/strong><\/h3>\n<p>\u2705 <strong>Nopeasti kuivuva:<\/strong> S\u00e4\u00e4st\u00e4\u00e4 aikaa ja mahdollistaa sujuvan siirtymisen laminointiprosessin seuraavaan vaiheeseen.<br \/>\n\u2705 <strong>Vesiliukoinen koostumus:<\/strong> Helppo poistaa vedell\u00e4, mik\u00e4 takaa puhtaan ja miellytt\u00e4v\u00e4n kokemuksen sek\u00e4 sinulle ett\u00e4 asiakkaallesi.<br \/>\n\u2705 <strong>Turvallinen ja hell\u00e4varainen:<\/strong> Lateksiton, formaldehydit\u00f6n ja hajuton \u2013 sopii my\u00f6s herkille silmille.<br \/>\n\u2705 <strong>Monipuolinen k\u00e4ytt\u00f6:<\/strong> Ihanteellinen ohuiden, keskivahvojen ja paksujen ripsien kiinnitt\u00e4miseen silikonityynyille.<br \/>\n\u2705 <strong>Helppo poistaa:<\/strong> Liima irtoaa helposti vedell\u00e4, mik\u00e4 s\u00e4\u00e4st\u00e4\u00e4 aikaa ja vaivaa.<br \/>\n\u2705 <strong>Ammattik\u00e4ytt\u00f6\u00f6n:<\/strong> Kehitetty erityisesti ripsien laminoinnin ammattilaisille.<\/p>\n<h3><strong>K\u00e4ytt\u00f6ohjeet:<\/strong><\/h3>\n<p>1\ufe0f\u20e3 Levit\u00e4 ohut kerros <strong>Maxymova ripsien laminointiliimaa<\/strong> silikonityynyn yl\u00e4osaan.<br \/>\n2\ufe0f\u20e3 K\u00e4yt\u00e4 <strong>Y-kampaa<\/strong> ja kiinnit\u00e4 ripset varovasti silikonityynyyn varmistaen, ett\u00e4 ne asettuvat oikeaan asentoon.<br \/>\n3\ufe0f\u20e3 <strong>Laminointiprosessin j\u00e4lkeen poista liima helposti vedell\u00e4.<\/strong><\/p>\n","protected":false},"excerpt":{"rendered":"<h3><strong>MAXYMOVA Lash Lift Glue \u2013 T\u00e4ydellinen liima ripsien kiinnitykseen<\/strong><\/h3>\n<p>T\u00e4m\u00e4 liima tarjoaa miellytt\u00e4v\u00e4n ohuen koostumuksen, jonka ansiosta sit\u00e4 tarvitaan vain v\u00e4h\u00e4n ripsien kiinnitt\u00e4miseen silikonityynyyn. <strong>Ohut liimakerros ei h\u00e4iritse ripsien emulsioiden vaikutusta<\/strong>, varmistaen, ett\u00e4 ainesosat imeytyv\u00e4t ripsiin ja tuloksena on t\u00e4ydellinen lash lift.<\/p>\n<p>\u2705 <strong>Helppo poistaa:<\/strong> Ei ep\u00e4miellytt\u00e4v\u00e4\u00e4 hajua, lateksiton ja formaldehydit\u00f6n, liukenee helposti veteen.<br \/>\n\u2705 <strong>Monipuolinen k\u00e4ytt\u00f6:<\/strong> Sopii ohuille, keskivahvoille ja paksuille ripsille.<br \/>\n\u2705 <strong>Ammattik\u00e4ytt\u00f6\u00f6n:<\/strong> Kehitetty erityisesti ripsien laminointiin.<\/p>\n<p><strong>Vain ammattik\u00e4ytt\u00f6\u00f6n!<\/strong><\/p>\n","protected":false},"featured_media":31495,"comment_status":"open","ping_status":"closed","template":"","meta":{"_monsterinsights_skip_tracking":false,"_monsterinsights_sitenote_active":false,"_monsterinsights_sitenote_note":"","_monsterinsights_sitenote_category":0},"product_brand":[],"product_cat":[475,516,519],"product_tag":[],"class_list":{"0":"post-31572","1":"product","2":"type-product","3":"status-publish","4":"has-post-thumbnail","6":"product_cat-ripset","7":"product_cat-lash-lift-fi","8":"product_cat-liimat","9":"pa_brand-maxymova-fi","10":"pa_suurus-5-ml-fi","12":"first","13":"instock","14":"taxable","15":"shipping-taxable","16":"purchasable","17":"product-type-simple"},"_links":{"self":[{"href":"https:\/\/pomello.ee\/fi\/wp-json\/wp\/v2\/product\/31572","targetHints":{"allow":["GET"]}}],"collection":[{"href":"https:\/\/pomello.ee\/fi\/wp-json\/wp\/v2\/product"}],"about":[{"href":"https:\/\/pomello.ee\/fi\/wp-json\/wp\/v2\/types\/product"}],"replies":[{"embeddable":true,"href":"https:\/\/pomello.ee\/fi\/wp-json\/wp\/v2\/comments?post=31572"}],"wp:featuredmedia":[{"embeddable":true,"href":"https:\/\/pomello.ee\/fi\/wp-json\/wp\/v2\/media\/31495"}],"wp:attachment":[{"href":"https:\/\/pomello.ee\/fi\/wp-json\/wp\/v2\/media?parent=31572"}],"wp:term":[{"taxonomy":"product_brand","embeddable":true,"href":"https:\/\/pomello.ee\/fi\/wp-json\/wp\/v2\/product_brand?post=31572"},{"taxonomy":"product_cat","embeddable":true,"href":"https:\/\/pomello.ee\/fi\/wp-json\/wp\/v2\/product_cat?post=31572"},{"taxonomy":"product_tag","embeddable":true,"href":"https:\/\/pomello.ee\/fi\/wp-json\/wp\/v2\/product_tag?post=31572"}],"curies":[{"name":"wp","href":"https:\/\/api.w.org\/{rel}","templated":true}]}}