{"id":31574,"date":"2025-03-04T20:43:32","date_gmt":"2025-03-04T18:43:32","guid":{"rendered":"https:\/\/pomello.ee\/toode\/maxymova-power-lash-lift-glue-10-ml\/"},"modified":"2025-03-04T20:43:32","modified_gmt":"2025-03-04T18:43:32","slug":"maxymova-power-lash-lift-glue-10-ml","status":"publish","type":"product","link":"https:\/\/pomello.ee\/fi\/toode\/maxymova-power-lash-lift-glue-10-ml\/","title":{"rendered":"MAXYMOVA Power Lash Lift Glue 10 ml"},"content":{"rendered":"","protected":false},"excerpt":{"rendered":"<h3><strong>MAXYMOVA Power Lash Lift Glue \u2013 Nopea ja tehokas ripsien laminointi<\/strong><\/h3>\n<p>Maxymova ammattilaisk\u00e4ytt\u00f6\u00f6n tarkoitettu ripsien laminointiliima on suunniteltu <strong>ripsimuotoilijoille<\/strong>, jotka arvostavat nopeutta ja helppok\u00e4ytt\u00f6isyytt\u00e4. <strong>10 ml tuubissa<\/strong> oleva liima on t\u00e4ydellinen valinta niille, jotka haluavat <strong>luotettavia ja pitk\u00e4kestoisia tuloksia<\/strong>.<\/p>\n<h3><strong>T\u00e4rkeimm\u00e4t ominaisuudet:<\/strong><\/h3>\n<p>\u2714 <strong>Ammattimainen laminointiliima<\/strong> \u2013 Erityisesti ammattilaisille kehitetty koostumus, joka takaa <strong>tasaiset ja luotettavat tulokset<\/strong>.<br \/>\n\u2714 <strong>Eritt\u00e4in nopea kuivumisaika<\/strong> \u2013 S\u00e4\u00e4st\u00e4\u00e4 aikaa ja mahdollistaa <strong>nopean ja sujuvan laminointiprosessin<\/strong>.<br \/>\n\u2714 <strong>K\u00e4yt\u00e4nn\u00f6llinen ja hygieeninen 10 ml tuubi<\/strong> \u2013 Helppo k\u00e4ytt\u00e4\u00e4 ja s\u00e4ilytt\u00e4\u00e4, mik\u00e4 varmistaa tuotteen pitk\u00e4aikaisen tuoreuden.<br \/>\n\u2714 <strong>Vesiliukoinen koostumus<\/strong> \u2013 Helppo poistaa vedell\u00e4, mik\u00e4 tekee k\u00e4yt\u00f6st\u00e4 <strong>puhtaan ja vaivattoman<\/strong>.<br \/>\n\u2714 <strong>Vahva ja nopeasti kiinnittyv\u00e4<\/strong> \u2013 Pit\u00e4\u00e4 ripset <strong>tiukasti paikallaan<\/strong> silikoonityynyll\u00e4 koko k\u00e4sittelyn ajan.<\/p>\n<p>Maxymova <strong>Power Lash Lift Glue<\/strong> on t\u00e4ydellinen valinta <strong>t\u00e4ydellisten ja pitk\u00e4kestoisten ripsien laminointitulosten<\/strong>saavuttamiseksi.<\/p>\n","protected":false},"featured_media":31499,"comment_status":"open","ping_status":"closed","template":"","meta":{"_monsterinsights_skip_tracking":false,"_monsterinsights_sitenote_active":false,"_monsterinsights_sitenote_note":"","_monsterinsights_sitenote_category":0},"product_brand":[],"product_cat":[475,516,519],"product_tag":[],"class_list":{"0":"post-31574","1":"product","2":"type-product","3":"status-publish","4":"has-post-thumbnail","6":"product_cat-ripset","7":"product_cat-lash-lift-fi","8":"product_cat-liimat","9":"pa_brand-maxymova-fi","10":"pa_suurus-10-ml-fi","12":"first","13":"instock","14":"taxable","15":"shipping-taxable","16":"purchasable","17":"product-type-simple"},"_links":{"self":[{"href":"https:\/\/pomello.ee\/fi\/wp-json\/wp\/v2\/product\/31574","targetHints":{"allow":["GET"]}}],"collection":[{"href":"https:\/\/pomello.ee\/fi\/wp-json\/wp\/v2\/product"}],"about":[{"href":"https:\/\/pomello.ee\/fi\/wp-json\/wp\/v2\/types\/product"}],"replies":[{"embeddable":true,"href":"https:\/\/pomello.ee\/fi\/wp-json\/wp\/v2\/comments?post=31574"}],"wp:featuredmedia":[{"embeddable":true,"href":"https:\/\/pomello.ee\/fi\/wp-json\/wp\/v2\/media\/31499"}],"wp:attachment":[{"href":"https:\/\/pomello.ee\/fi\/wp-json\/wp\/v2\/media?parent=31574"}],"wp:term":[{"taxonomy":"product_brand","embeddable":true,"href":"https:\/\/pomello.ee\/fi\/wp-json\/wp\/v2\/product_brand?post=31574"},{"taxonomy":"product_cat","embeddable":true,"href":"https:\/\/pomello.ee\/fi\/wp-json\/wp\/v2\/product_cat?post=31574"},{"taxonomy":"product_tag","embeddable":true,"href":"https:\/\/pomello.ee\/fi\/wp-json\/wp\/v2\/product_tag?post=31574"}],"curies":[{"name":"wp","href":"https:\/\/api.w.org\/{rel}","templated":true}]}}