{"id":31576,"date":"2025-03-04T20:50:27","date_gmt":"2025-03-04T18:50:27","guid":{"rendered":"https:\/\/pomello.ee\/toode\/maxymova-green-lash-balm-15g\/"},"modified":"2025-03-04T20:50:27","modified_gmt":"2025-03-04T18:50:27","slug":"maxymova-green-lash-balm-15g","status":"publish","type":"product","link":"https:\/\/pomello.ee\/fi\/toode\/maxymova-green-lash-balm-15g\/","title":{"rendered":"MAXYMOVA Green Lash Balm 15g"},"content":{"rendered":"<p><strong>K\u00e4ytt\u00f6ohjeet:<\/strong><\/p>\n<ol>\n<li>Levit\u00e4 <strong>Green Lash Balm<\/strong> silikonialustalle.<\/li>\n<li>Aseta ripset alustalle, tarvittaessa k\u00e4yt\u00e4 <strong>Y-kampaa<\/strong>.<\/li>\n<li><strong>Huomio!<\/strong> Jos levit\u00e4t useita kerroksia, lis\u00e4\u00e4 <strong>vaiheeseen 1<\/strong> 1-2 minuuttia lis\u00e4aikaa. Tarkista aina ripsien pehmeys.<\/li>\n<\/ol>\n<p><strong>Ominaisuudet:<\/strong><\/p>\n<p>\u2714 <strong>15 ml pakkaus<\/strong><br \/>\n\u2714 <strong>Aloe-veran tuoksu<\/strong><\/p>\n","protected":false},"excerpt":{"rendered":"<h3><strong>MAXYMOVA Green Lash Balm: Uusi Aikakausi Ripsien Laminoinnissa<\/strong><\/h3>\n<p><strong>MAXYMOVA Green Lash Balm<\/strong> on vallankumouksellinen tuote ripsien laminointiin, tarjoten perinteisille liimoille ylivoimaisen vaihtoehdon.<\/p>\n<h3><strong>Miksi valita Green Lash Balm?<\/strong><\/h3>\n<p>\u2714 <strong>Innovatiivinen koostumus<\/strong> \u2013 Korvaa perinteisen liiman, tarjoten ainutlaatuisen ja tehokkaan k\u00e4ytt\u00f6kokemuksen.<br \/>\n\u2714 <strong>Helppo k\u00e4ytt\u00e4\u00e4<\/strong> \u2013 Mahdollistaa ripsien nopean asettamisen jo ensimm\u00e4isell\u00e4 vedolla.<br \/>\n\u2714 <strong>Aikaa korjauksille<\/strong> \u2013 Ei kuivu v\u00e4litt\u00f6m\u00e4sti, antaen aikaa s\u00e4\u00e4t\u00f6ihin t\u00e4ydellisen lopputuloksen saavuttamiseksi.<br \/>\n\u2714 <strong>Monik\u00e4ytt\u00f6isyys<\/strong> \u2013 Mahdollistaa useiden kerrosten levitt\u00e4misen.<br \/>\n\u2714 <strong>Aloe-veran tuoksu<\/strong> \u2013 Raikas ja miellytt\u00e4v\u00e4 tuoksu.<\/p>\n<p><strong>MAXYMOVA Green Lash Balm<\/strong> auttaa saavuttamaan t\u00e4ydelliset laminointitulokset helposti ja vaivattomasti!<\/p>\n","protected":false},"featured_media":31503,"comment_status":"open","ping_status":"closed","template":"","meta":{"_monsterinsights_skip_tracking":false,"_monsterinsights_sitenote_active":false,"_monsterinsights_sitenote_note":"","_monsterinsights_sitenote_category":0},"product_brand":[],"product_cat":[475,1249,516,519],"product_tag":[],"class_list":{"0":"post-31576","1":"product","2":"type-product","3":"status-publish","4":"has-post-thumbnail","6":"product_cat-ripset","7":"product_cat-korean-lash-lift-fi","8":"product_cat-lash-lift-fi","9":"product_cat-liimat","10":"pa_brand-maxymova-fi","11":"pa_suurus-15-g-fi","13":"first","14":"instock","15":"sale","16":"taxable","17":"shipping-taxable","18":"purchasable","19":"product-type-simple"},"_links":{"self":[{"href":"https:\/\/pomello.ee\/fi\/wp-json\/wp\/v2\/product\/31576","targetHints":{"allow":["GET"]}}],"collection":[{"href":"https:\/\/pomello.ee\/fi\/wp-json\/wp\/v2\/product"}],"about":[{"href":"https:\/\/pomello.ee\/fi\/wp-json\/wp\/v2\/types\/product"}],"replies":[{"embeddable":true,"href":"https:\/\/pomello.ee\/fi\/wp-json\/wp\/v2\/comments?post=31576"}],"wp:featuredmedia":[{"embeddable":true,"href":"https:\/\/pomello.ee\/fi\/wp-json\/wp\/v2\/media\/31503"}],"wp:attachment":[{"href":"https:\/\/pomello.ee\/fi\/wp-json\/wp\/v2\/media?parent=31576"}],"wp:term":[{"taxonomy":"product_brand","embeddable":true,"href":"https:\/\/pomello.ee\/fi\/wp-json\/wp\/v2\/product_brand?post=31576"},{"taxonomy":"product_cat","embeddable":true,"href":"https:\/\/pomello.ee\/fi\/wp-json\/wp\/v2\/product_cat?post=31576"},{"taxonomy":"product_tag","embeddable":true,"href":"https:\/\/pomello.ee\/fi\/wp-json\/wp\/v2\/product_tag?post=31576"}],"curies":[{"name":"wp","href":"https:\/\/api.w.org\/{rel}","templated":true}]}}