{"id":31578,"date":"2025-03-04T21:05:28","date_gmt":"2025-03-04T19:05:28","guid":{"rendered":"https:\/\/pomello.ee\/toode\/maxymova-glow-serum-silmavoide\/"},"modified":"2025-03-04T21:05:28","modified_gmt":"2025-03-04T19:05:28","slug":"maxymova-glow-serum-silmavoide","status":"publish","type":"product","link":"https:\/\/pomello.ee\/fi\/toode\/maxymova-glow-serum-silmavoide\/","title":{"rendered":"MAXYMOVA Glow Serum silm\u00e4voide"},"content":{"rendered":"<p><strong>K\u00e4ytt\u00f6ohjeet:<\/strong><\/p>\n<p><strong>P\u00e4ivitt\u00e4inen hoito:<\/strong><\/p>\n<ul>\n<li>Levit\u00e4 hell\u00e4varaisesti silm\u00e4nymp\u00e4rysiholle aamulla ja illalla.<\/li>\n<li>Lis\u00e4\u00e4 seerumin p\u00e4\u00e4lle suosikki silm\u00e4nymp\u00e4rysvoiteesi.<\/li>\n<\/ul>\n<p><strong>Tehokas hoito:<\/strong><\/p>\n<ul>\n<li>Levit\u00e4 silm\u00e4n alle runsaampi m\u00e4\u00e4r\u00e4 seerumia.<\/li>\n<li>Aseta p\u00e4\u00e4lle <strong>uudelleenk\u00e4ytett\u00e4v\u00e4t silikonityynyt<\/strong> ja anna vaikuttaa <strong>15 minuuttia<\/strong>.<\/li>\n<li>Poista tyynyt ja hiero j\u00e4ljelle j\u00e4\u00e4nyt tuote hell\u00e4sti sormenp\u00e4ill\u00e4 ihoon.<\/li>\n<li>Lis\u00e4\u00e4 seerumin p\u00e4\u00e4lle suosikki silm\u00e4nymp\u00e4rysvoiteesi.<\/li>\n<\/ul>\n<h4><strong>Seerumin k\u00e4ytt\u00f6 ripsien laminoinnin aikana:<\/strong><\/h4>\n<ul>\n<li>Levit\u00e4 pieni m\u00e4\u00e4r\u00e4 <strong>Glow Serum<\/strong> -seerumia <strong>Maxymova silikonityynyn alle<\/strong>.<\/li>\n<li>J\u00e4t\u00e4 tyyny paikalleen ensimm\u00e4isten <strong>20 minuutin<\/strong> ajaksi laminointiprosessissa.<\/li>\n<li>Poista tyyny <strong>20 minuutin j\u00e4lkeen<\/strong>.<\/li>\n<li>Pyyhi ylim\u00e4\u00e4r\u00e4inen seerumi pois ja imeyt\u00e4 loput hell\u00e4sti vanupuikon tai siveltimen avulla.<\/li>\n<\/ul>\n<h4><strong>Lis\u00e4tietoa:<\/strong><\/h4>\n<p>T\u00e4m\u00e4 <strong>monik\u00e4ytt\u00f6inen seerumi<\/strong> on kehitetty tarjoamaan sek\u00e4 <strong>p\u00e4ivitt\u00e4ist\u00e4 kosteutusta<\/strong> ett\u00e4 <strong>tehokasta hoitoa silm\u00e4nymp\u00e4rysiholle<\/strong>. Lis\u00e4ksi sit\u00e4 voidaan k\u00e4ytt\u00e4\u00e4 <strong>ripsien laminointiprosessin aikana<\/strong> antamaan lis\u00e4kosteutusta ja hoitoa.<\/p>\n","protected":false},"excerpt":{"rendered":"<p><strong>MAXYMOVA Glow Serum silm\u00e4voide<\/strong><\/p>\n<p>L\u00f6yd\u00e4 ylellinen <strong>silm\u00e4nymp\u00e4rysseerumi<\/strong>, joka on rikastettu <strong>23K kullalla<\/strong>! <strong>UNDER PATCH GLOW SERUM<\/strong> on innovatiivinen geeliseerumi, joka tarjoaa virkist\u00e4v\u00e4n ja kosteuttavan kokemuksen. <strong>Hyaluronihappo ja keramidit<\/strong>vahvistavat ja elvytt\u00e4v\u00e4t herkk\u00e4\u00e4 silm\u00e4nymp\u00e4rysihoa, j\u00e4tt\u00e4en sen <strong>s\u00e4dehtiv\u00e4ksi ja kiinte\u00e4ksi<\/strong>.<\/p>\n<p><strong>Miksi valita Glow Serum?<\/strong><\/p>\n<p>\u2714 <strong>23K kulta<\/strong> \u2013 Antaa iholle ylellisen hehkun ja edist\u00e4\u00e4 sen uudistumista.<br \/>\n\u2714 <strong>Hyaluronihappo &amp; keramidit<\/strong> \u2013 Syv\u00e4kosteuttavat ja vahvistavat ihon suojakerrosta.<br \/>\n\u2714 <strong>Luonnolliset uutteet<\/strong> \u2013 <strong>Macrocystis pyrifera<\/strong>&#8211; ja <strong>hevoskastanjauute<\/strong> ravitsevat ja elvytt\u00e4v\u00e4t silm\u00e4nymp\u00e4rysihoa.<br \/>\n\u2714 <strong>Kevyt geelitekstuur<\/strong> \u2013 Raikastava ja nopeasti imeytyv\u00e4 koostumus.<br \/>\n\u2714 <strong>Kirkastava &amp; kiinteytt\u00e4v\u00e4 vaikutus<\/strong> \u2013 V\u00e4hent\u00e4\u00e4 v\u00e4symyksen merkkej\u00e4 ja antaa silmille nuorekasta hehkua.<br \/>\n\u2714 <strong>Suojaava vaikutus<\/strong> \u2013 <strong>Sodium tocopheryl phosphate<\/strong> ja <strong>lesitiini<\/strong> suojaavat ja uudistavat ihoa.<\/p>\n<p>T\u00e4ydellinen valinta kosteuttamaan, kirkastamaan ja hoitamaan silm\u00e4nymp\u00e4rysihoa!<\/p>\n","protected":false},"featured_media":31508,"comment_status":"open","ping_status":"closed","template":"","meta":{"_monsterinsights_skip_tracking":false,"_monsterinsights_sitenote_active":false,"_monsterinsights_sitenote_note":"","_monsterinsights_sitenote_category":0},"product_brand":[],"product_cat":[976,518,516,475,931],"product_tag":[],"class_list":{"0":"post-31578","1":"product","2":"type-product","3":"status-publish","4":"has-post-thumbnail","6":"product_cat-kasvot","7":"product_cat-jalkihoito","8":"product_cat-lash-lift-fi","9":"product_cat-ripset","10":"product_cat-valmistus-ja-suojavoiteet","11":"pa_brand-maxymova-fi","12":"pa_suurus-15-ml-fi","14":"first","15":"instock","16":"taxable","17":"shipping-taxable","18":"purchasable","19":"product-type-simple"},"_links":{"self":[{"href":"https:\/\/pomello.ee\/fi\/wp-json\/wp\/v2\/product\/31578","targetHints":{"allow":["GET"]}}],"collection":[{"href":"https:\/\/pomello.ee\/fi\/wp-json\/wp\/v2\/product"}],"about":[{"href":"https:\/\/pomello.ee\/fi\/wp-json\/wp\/v2\/types\/product"}],"replies":[{"embeddable":true,"href":"https:\/\/pomello.ee\/fi\/wp-json\/wp\/v2\/comments?post=31578"}],"wp:featuredmedia":[{"embeddable":true,"href":"https:\/\/pomello.ee\/fi\/wp-json\/wp\/v2\/media\/31508"}],"wp:attachment":[{"href":"https:\/\/pomello.ee\/fi\/wp-json\/wp\/v2\/media?parent=31578"}],"wp:term":[{"taxonomy":"product_brand","embeddable":true,"href":"https:\/\/pomello.ee\/fi\/wp-json\/wp\/v2\/product_brand?post=31578"},{"taxonomy":"product_cat","embeddable":true,"href":"https:\/\/pomello.ee\/fi\/wp-json\/wp\/v2\/product_cat?post=31578"},{"taxonomy":"product_tag","embeddable":true,"href":"https:\/\/pomello.ee\/fi\/wp-json\/wp\/v2\/product_tag?post=31578"}],"curies":[{"name":"wp","href":"https:\/\/api.w.org\/{rel}","templated":true}]}}