{"id":31582,"date":"2025-03-04T21:32:37","date_gmt":"2025-03-04T19:32:37","guid":{"rendered":"https:\/\/pomello.ee\/toode\/maxymova-vitamin-brow-oil-34ml\/"},"modified":"2025-06-04T13:59:49","modified_gmt":"2025-06-04T11:59:49","slug":"maxymova-vitamin-brow-oil-34ml","status":"publish","type":"product","link":"https:\/\/pomello.ee\/fi\/toode\/maxymova-vitamin-brow-oil-34ml\/","title":{"rendered":"MAXYMOVA Vitamin Brow Oil 3,4ml"},"content":{"rendered":"<h3><strong>K\u00e4ytt\u00f6ohjeet:<\/strong><\/h3>\n<ul>\n<li>Levit\u00e4 <strong>2-3 tippaa<\/strong> \u00f6ljy\u00e4 puhtaille kulmakarvoille.<\/li>\n<li>Hiero \u00f6ljy <strong>hell\u00e4varaisesti<\/strong> kulmakarvoihin sormilla tai siveltimell\u00e4 varmistaen tasaisen levityksen.<\/li>\n<li>Lis\u00e4\u00e4 <strong>MAXYMOVA kulma\u00f6ljy<\/strong> p\u00e4ivitt\u00e4iseen kulmanhoitorutiiniisi saadaksesi <strong>terveet ja kiilt\u00e4v\u00e4t kulmat<\/strong>.<\/li>\n<\/ul>\n<h3><strong>T\u00e4rkeimm\u00e4t ominaisuudet:<\/strong><\/h3>\n<p>\u2714 <strong>Kevyt ja miellytt\u00e4v\u00e4 tuoksu<\/strong>, jossa makeat vanilja- ja mansikkakerman vivahteet.<br \/>\n\u2714 <strong>Laadukkaiden \u00f6ljyjen seos<\/strong> syv\u00e4kosteutukseen ja ravitsemukseen.<br \/>\n\u2714 Rikastettu <strong>A-, E- ja C-vitamiineilla<\/strong>, jotka vahvistavat ja suojaavat kulmakarvoja.<\/p>\n","protected":false},"excerpt":{"rendered":"<h3><strong>MAXYMOVA Vitamin Brow Oil: Ylellinen hoito kulmakarvoillesi<\/strong><\/h3>\n<p><strong>MAXYMOVA Vitamin Brow Oil<\/strong> on erityisesti kehitetty kulma\u00f6ljy, joka tarjoaa intensiivist\u00e4 hoitoa <strong>henna- tai v\u00e4rj\u00e4ysk\u00e4sittelyn j\u00e4lkeen<\/strong>. T\u00e4m\u00e4 \u00f6ljy <strong>suojaa v\u00e4ri\u00e4<\/strong> ja s\u00e4ilytt\u00e4\u00e4 kulmakarvojen <strong>luonnollisen elinvoiman<\/strong>.<\/p>\n<h3><strong>Miksi valita MAXYMOVA Vitamin Brow Oil?<\/strong><\/h3>\n<p>\u2714 <strong>Ravitseva \u00f6ljyseos:<\/strong> Sis\u00e4lt\u00e4\u00e4 <strong>manteli-, risiini-, abessiinialaista krambe-, pellava-, argan-, jojoba-, avokado-, auringonkukka- ja oliivi\u00f6ljy\u00e4<\/strong>, jotka kosteuttavat syv\u00e4lt\u00e4.<\/p>\n<p>\u2714 <strong>Vitamiinirikas koostumus:<\/strong> Sis\u00e4lt\u00e4\u00e4 <strong>A-, E- ja C-vitamiineja<\/strong>, jotka ravitsevat ja vahvistavat kulmakarvoja.<\/p>\n<p>\u2714 <strong>Aromaterapeuttinen vaikutus:<\/strong> Kevyt ja miellytt\u00e4v\u00e4 <strong>vanilja- ja mansikkakermainen tuoksu<\/strong> tuo ylellisen tunteen hoitorutiiniin.<\/p>\n<p>\u2714 <strong>V\u00e4risuojatekniikka:<\/strong> Auttaa <strong>s\u00e4ilytt\u00e4m\u00e4\u00e4n henna- ja kulmav\u00e4rien intensiivisyyden<\/strong> pidemp\u00e4\u00e4n.<\/p>\n<p>\u2714 <strong>Elinvoimaa ja kiiltoa:<\/strong> Palauttaa kulmakarvojen <strong>luonnollisen kiillon ja terveellisen ulkon\u00e4\u00f6n<\/strong>.<\/p>\n","protected":false},"featured_media":31524,"comment_status":"open","ping_status":"closed","template":"","meta":{"_monsterinsights_skip_tracking":false,"_monsterinsights_sitenote_active":false,"_monsterinsights_sitenote_note":"","_monsterinsights_sitenote_category":0},"product_brand":[],"product_cat":[476,514],"product_tag":[],"class_list":{"0":"post-31582","1":"product","2":"type-product","3":"status-publish","4":"has-post-thumbnail","6":"product_cat-kulmakarvat","7":"product_cat-ripsi-ja-kulmakarvojen-seerumit","8":"pa_brand-maxymova-fi","9":"pa_suurus-34-ml-fi","11":"first","12":"instock","13":"taxable","14":"shipping-taxable","15":"purchasable","16":"product-type-simple"},"_links":{"self":[{"href":"https:\/\/pomello.ee\/fi\/wp-json\/wp\/v2\/product\/31582","targetHints":{"allow":["GET"]}}],"collection":[{"href":"https:\/\/pomello.ee\/fi\/wp-json\/wp\/v2\/product"}],"about":[{"href":"https:\/\/pomello.ee\/fi\/wp-json\/wp\/v2\/types\/product"}],"replies":[{"embeddable":true,"href":"https:\/\/pomello.ee\/fi\/wp-json\/wp\/v2\/comments?post=31582"}],"wp:featuredmedia":[{"embeddable":true,"href":"https:\/\/pomello.ee\/fi\/wp-json\/wp\/v2\/media\/31524"}],"wp:attachment":[{"href":"https:\/\/pomello.ee\/fi\/wp-json\/wp\/v2\/media?parent=31582"}],"wp:term":[{"taxonomy":"product_brand","embeddable":true,"href":"https:\/\/pomello.ee\/fi\/wp-json\/wp\/v2\/product_brand?post=31582"},{"taxonomy":"product_cat","embeddable":true,"href":"https:\/\/pomello.ee\/fi\/wp-json\/wp\/v2\/product_cat?post=31582"},{"taxonomy":"product_tag","embeddable":true,"href":"https:\/\/pomello.ee\/fi\/wp-json\/wp\/v2\/product_tag?post=31582"}],"curies":[{"name":"wp","href":"https:\/\/api.w.org\/{rel}","templated":true}]}}