{"id":31584,"date":"2025-03-04T21:42:24","date_gmt":"2025-03-04T19:42:24","guid":{"rendered":"https:\/\/pomello.ee\/toode\/maxymova-after-lift-regenerator-15-ml\/"},"modified":"2025-03-04T21:42:24","modified_gmt":"2025-03-04T19:42:24","slug":"maxymova-after-lift-regenerator-15-ml","status":"publish","type":"product","link":"https:\/\/pomello.ee\/fi\/toode\/maxymova-after-lift-regenerator-15-ml\/","title":{"rendered":"MAXYMOVA After Lift REGENERATOR 1,5 ml"},"content":{"rendered":"<p><strong>K\u00e4ytt\u00f6:<\/strong><\/p>\n<p>Levit\u00e4 seerumia laminoinnin aikana ja suosittele asiakkaalle kotihoitoon sek\u00e4 ripsien ett\u00e4 kulmakarvojen laminointiin.<\/p>\n<p>T\u00e4ydenn\u00e4 hoitorutiini Ultimate Eyelash Lamination Enhancer -tuotteella ja nauti terveellisimmist\u00e4, vahvemmista ja pidemp\u00e4\u00e4n kest\u00e4vist\u00e4 tuloksista!<\/p>\n","protected":false},"excerpt":{"rendered":"<p><strong>MAXYMOVA After Lift REGENERATOR<\/strong> \u2013 L\u00f6yd\u00e4 innovatiivinen ratkaisu ripsien laminoinnin parantamiseen!<\/p>\n<p>&nbsp;<\/p>\n<p>Ultimate Eyelash Lamination Enhancer on erityisesti suunniteltu tehostamaan ripsien laminointiprosessia tarjoamalla tarvittavan lujuuden, suojan ja palautuksen vaurioituneille ripsille. Sen innovatiivinen koostumus, joka on rikastettu bambusta per\u00e4isin olevilla biosilikaateilla, auttaa tiivist\u00e4m\u00e4\u00e4n ja korjaamaan ripsien kuituja tehden niist\u00e4 vahvoja ja kest\u00e4vi\u00e4.<\/p>\n<p>T\u00e4m\u00e4 seerumi vie laminoinnin aivan uudelle tasolle \u2013 LIFT Step 1:n k\u00e4yt\u00f6n j\u00e4lkeen tuote auttaa puhdistamaan ripset t\u00e4ydellisesti ja valmistamaan ne seuraaviin vaiheisiin. Lis\u00e4ksi se pident\u00e4\u00e4 laminointitulosten kest\u00e4vyytt\u00e4 ja tarjoaa maksimaalisen yll\u00e4pidon sek\u00e4 salongissa ett\u00e4 kotona.<\/p>\n<p><strong>Seerumin salaisuus piilee sen ainutlaatuisessa koostumuksessa:<\/strong><\/p>\n<ol>\n<li>Bambubiosilikaatit j\u00e4rjest\u00e4v\u00e4t ja suojaavat ripsi\u00e4 antaen niille kest\u00e4vyytt\u00e4.<\/li>\n<li>Keramidit s\u00e4ilytt\u00e4v\u00e4t kosteuden ja suojaavat ulkoisilta vaurioilta.<\/li>\n<li>Kasviskeratiinit paksuntavat ja vahvistavat ripsi\u00e4 antaen niille volyymia.<\/li>\n<li>Biopolymeerikompleksi takaa pitk\u00e4aikaisen kosteutuksen ja hoidon.<\/li>\n<li>Pantenoli kosteuttaa ja palauttaa ripsien kuituja est\u00e4en niiden heikkenemist\u00e4.<\/li>\n<li>Niasiiniamidi vahvistaa ripsien kuituja ja auttaa palauttamaan niiden rakenteen.<\/li>\n<\/ol>\n","protected":false},"featured_media":31531,"comment_status":"open","ping_status":"closed","template":"","meta":{"_monsterinsights_skip_tracking":false,"_monsterinsights_sitenote_active":false,"_monsterinsights_sitenote_note":"","_monsterinsights_sitenote_category":0},"product_brand":[],"product_cat":[475,518,1249,516,931],"product_tag":[],"class_list":{"0":"post-31584","1":"product","2":"type-product","3":"status-publish","4":"has-post-thumbnail","6":"product_cat-ripset","7":"product_cat-jalkihoito","8":"product_cat-korean-lash-lift-fi","9":"product_cat-lash-lift-fi","10":"product_cat-valmistus-ja-suojavoiteet","11":"pa_brand-maxymova-fi","12":"pa_suurus-15-ml-2-fi","14":"first","15":"instock","16":"taxable","17":"shipping-taxable","18":"purchasable","19":"product-type-simple"},"_links":{"self":[{"href":"https:\/\/pomello.ee\/fi\/wp-json\/wp\/v2\/product\/31584","targetHints":{"allow":["GET"]}}],"collection":[{"href":"https:\/\/pomello.ee\/fi\/wp-json\/wp\/v2\/product"}],"about":[{"href":"https:\/\/pomello.ee\/fi\/wp-json\/wp\/v2\/types\/product"}],"replies":[{"embeddable":true,"href":"https:\/\/pomello.ee\/fi\/wp-json\/wp\/v2\/comments?post=31584"}],"wp:featuredmedia":[{"embeddable":true,"href":"https:\/\/pomello.ee\/fi\/wp-json\/wp\/v2\/media\/31531"}],"wp:attachment":[{"href":"https:\/\/pomello.ee\/fi\/wp-json\/wp\/v2\/media?parent=31584"}],"wp:term":[{"taxonomy":"product_brand","embeddable":true,"href":"https:\/\/pomello.ee\/fi\/wp-json\/wp\/v2\/product_brand?post=31584"},{"taxonomy":"product_cat","embeddable":true,"href":"https:\/\/pomello.ee\/fi\/wp-json\/wp\/v2\/product_cat?post=31584"},{"taxonomy":"product_tag","embeddable":true,"href":"https:\/\/pomello.ee\/fi\/wp-json\/wp\/v2\/product_tag?post=31584"}],"curies":[{"name":"wp","href":"https:\/\/api.w.org\/{rel}","templated":true}]}}