{"id":31589,"date":"2025-03-04T22:20:41","date_gmt":"2025-03-04T20:20:41","guid":{"rendered":"https:\/\/pomello.ee\/toode\/zola-nude-skin-foundation\/"},"modified":"2025-03-04T22:20:41","modified_gmt":"2025-03-04T20:20:41","slug":"zola-nude-skin-foundation","status":"publish","type":"product","link":"https:\/\/pomello.ee\/fi\/toode\/zola-nude-skin-foundation\/","title":{"rendered":"ZOLA Nude Skin Foundation"},"content":{"rendered":"<div style=\"width: 1080px;\" class=\"wp-video\"><video class=\"wp-video-shortcode\" id=\"video-31589-1\" width=\"1080\" height=\"1920\" preload=\"metadata\" controls=\"controls\"><source type=\"video\/mp4\" src=\"https:\/\/pomello.ee\/wp-content\/uploads\/2025\/03\/ZOLA-Nude-Skin-jumestuskreem-44.mp4?_=1\" \/><a href=\"https:\/\/pomello.ee\/wp-content\/uploads\/2025\/03\/ZOLA-Nude-Skin-jumestuskreem-44.mp4\">https:\/\/pomello.ee\/wp-content\/uploads\/2025\/03\/ZOLA-Nude-Skin-jumestuskreem-44.mp4<\/a><\/video><\/div>\n<h3><strong>Meikkivoiteen levitys<\/strong><\/h3>\n<h4><strong>Pieni m\u00e4\u00e4r\u00e4:<\/strong><\/h4>\n<p>Levit\u00e4 pieni m\u00e4\u00e4r\u00e4 <strong>Zola &#8221;Nude Skin&#8221;<\/strong> -meikkivoidetta k\u00e4mmensel\u00e4lle.<\/p>\n<h4><strong>Levitystekniikka:<\/strong><\/h4>\n<ul>\n<li>K\u00e4yt\u00e4 <strong>sivellint\u00e4, meikkisient\u00e4 tai sormia<\/strong> levitt\u00e4\u00e4ksesi meikkivoidetta tasaisesti kasvoille.<\/li>\n<li>Aloita <strong>kasvojen keskiosasta<\/strong> ja h\u00e4ivyt\u00e4 ulosp\u00e4in.<\/li>\n<li>Saavuttaaksesi <strong>luonnollisen lopputuloksen<\/strong>, k\u00e4yt\u00e4 kevyit\u00e4 taputtelevia liikkeit\u00e4.<\/li>\n<li>Suuremman peitt\u00e4vyyden saamiseksi levit\u00e4 tarvittaessa <strong>toinen ohut kerros<\/strong>.<\/li>\n<\/ul>\n<h4><strong>H\u00e4ivytys:<\/strong><\/h4>\n<ul>\n<li>Anna meikkivoiteen asettua muutaman minuutin ajan, jotta se sulautuu ihoon t\u00e4ydellisesti.<\/li>\n<li>Tarkista hyv\u00e4ss\u00e4 valaistuksessa, ett\u00e4 meikkivoide on tasaisesti levitetty, erityisesti <strong>hiusrajan ja leukalinjan kohdalla<\/strong>.<\/li>\n<\/ul>\n<h3><strong>Vinkkej\u00e4 virheett\u00f6m\u00e4\u00e4n lopputulokseen<\/strong><\/h3>\n<p>\u2714 <strong>Kerrostaminen:<\/strong> Aloita ohuella kerroksella ja lis\u00e4\u00e4 tarvittaessa peitt\u00e4vyytt\u00e4 \u2013 t\u00e4m\u00e4 est\u00e4\u00e4 raskaan tai &#8221;kakkuisen&#8221; lopputuloksen.<br \/>\n\u2714 <strong>Keskity kasvojen keskiosaan:<\/strong> Levit\u00e4 enemm\u00e4n tuotetta <strong>otsaan, nen\u00e4\u00e4n ja leukaan<\/strong>, ja h\u00e4ivyt\u00e4 ulosp\u00e4in.<br \/>\n\u2714 <strong>K\u00e4yt\u00e4 kosteaa meikkisient\u00e4:<\/strong> Se auttaa luomaan luonnollisemman lopputuloksen.<br \/>\n\u2714 <strong>Kiinnit\u00e4 puuterilla:<\/strong> Levit\u00e4 kevyt kerros <strong>l\u00e4pin\u00e4kyv\u00e4\u00e4 puuteria<\/strong> meikin kiinnitt\u00e4miseksi ja kiillon est\u00e4miseksi.<\/p>\n<p>Noudattamalla n\u00e4it\u00e4 vaiheita saavutat <strong>Zola Nude Skin Foundation<\/strong>\u00a0-meikkivoiteella t\u00e4ydellisen ja luonnollisen lopputuloksen!<\/p>\n","protected":false},"excerpt":{"rendered":"<h3><strong>Zola Nude Skin Foundation: Luonnollista hehkua joka p\u00e4iv\u00e4<\/strong><\/h3>\n<p>Saavuta virheet\u00f6n <strong>&#8221;Nude Skin&#8221;<\/strong> -efekti <strong>Zola Nude Skin Foundation<\/strong> -meikkivoiteella! T\u00e4m\u00e4 kevyt ja kosteuttava meikkivoide tasoittaa ihons\u00e4vy\u00e4, peitt\u00e4\u00e4 pienet virheet ja antaa iholle luonnollisen hehkun ilman maskimaista lopputulosta.<\/p>\n<h3><strong>Miksi valita Zola Nude Skin Foundation?<\/strong><\/h3>\n<p>\u2714 <strong>Luonnollinen peitt\u00e4vyys<\/strong> \u2013 Kevyt tai keskitasoinen peitt\u00e4vyys, jota voi kerrostaa tarpeen mukaan.<br \/>\n\u2714 <strong>Posliinimainen iho<\/strong> \u2013 Rikastettu <strong>8 luonnollisella uutteella<\/strong>, jotka kosteuttavat ja pehment\u00e4v\u00e4t ihoa.<br \/>\n\u2714 <strong>Kevyt koostumus<\/strong> \u2013 Ei j\u00e4t\u00e4 tahmeaa tunnetta eik\u00e4 rasita ihoa.<br \/>\n\u2714 <strong>Kosteuttava koostumus<\/strong> \u2013 Sis\u00e4lt\u00e4\u00e4 luonnollista betaiinia, joka ehk\u00e4isee ihon kuivumista ja hilseily\u00e4.<br \/>\n\u2714 <strong>Hengitt\u00e4v\u00e4<\/strong> \u2013 Kevyt koostumus antaa ihon hengitt\u00e4\u00e4.<br \/>\n\u2714 <strong>Kolme eri s\u00e4vy\u00e4<\/strong> \u2013 L\u00f6yd\u00e4 juuri sinulle sopivin s\u00e4vy.<\/p>\n<h3><strong>K\u00e4ytt\u00f6ohje<\/strong><\/h3>\n<p>Levit\u00e4 pieni m\u00e4\u00e4r\u00e4 meikkivoidetta kasvoille sormin, meikkisienell\u00e4 tai siveltimell\u00e4. H\u00e4ivyt\u00e4 huolellisesti tasaisen ja luonnollisen lopputuloksen saamiseksi.<\/p>\n<h3><strong>P\u00e4\u00e4ominaisuudet<\/strong><\/h3>\n<ul>\n<li>Kevyt-keskitasoinen peitt\u00e4vyys<\/li>\n<li>8 luonnollista uutetta<\/li>\n<li>Luonnollinen betaiini<\/li>\n<li>Kevyt ja hengitt\u00e4v\u00e4 koostumus<\/li>\n<li>3 s\u00e4vyvaihtoehtoa<\/li>\n<\/ul>\n<p><strong>Zola Nude Skin Foundation<\/strong> on t\u00e4ydellinen valinta, jos haluat luonnollisen ja hele\u00e4n lopputuloksen ilman raskasta tunnetta iholla!<\/p>\n","protected":false},"featured_media":31553,"comment_status":"open","ping_status":"closed","template":"","meta":{"_monsterinsights_skip_tracking":false,"_monsterinsights_sitenote_active":false,"_monsterinsights_sitenote_note":"","_monsterinsights_sitenote_category":0},"product_brand":[],"product_cat":[976],"product_tag":[],"class_list":{"0":"post-31589","1":"product","2":"type-product","3":"status-publish","4":"has-post-thumbnail","6":"product_cat-kasvot","7":"pa_brand-zola-fi","8":"pa_varv-01-light","9":"pa_varv-02-medium","10":"pa_varv-03-tan","12":"first","13":"instock","14":"taxable","15":"shipping-taxable","16":"purchasable","17":"product-type-variable"},"_links":{"self":[{"href":"https:\/\/pomello.ee\/fi\/wp-json\/wp\/v2\/product\/31589","targetHints":{"allow":["GET"]}}],"collection":[{"href":"https:\/\/pomello.ee\/fi\/wp-json\/wp\/v2\/product"}],"about":[{"href":"https:\/\/pomello.ee\/fi\/wp-json\/wp\/v2\/types\/product"}],"replies":[{"embeddable":true,"href":"https:\/\/pomello.ee\/fi\/wp-json\/wp\/v2\/comments?post=31589"}],"wp:featuredmedia":[{"embeddable":true,"href":"https:\/\/pomello.ee\/fi\/wp-json\/wp\/v2\/media\/31553"}],"wp:attachment":[{"href":"https:\/\/pomello.ee\/fi\/wp-json\/wp\/v2\/media?parent=31589"}],"wp:term":[{"taxonomy":"product_brand","embeddable":true,"href":"https:\/\/pomello.ee\/fi\/wp-json\/wp\/v2\/product_brand?post=31589"},{"taxonomy":"product_cat","embeddable":true,"href":"https:\/\/pomello.ee\/fi\/wp-json\/wp\/v2\/product_cat?post=31589"},{"taxonomy":"product_tag","embeddable":true,"href":"https:\/\/pomello.ee\/fi\/wp-json\/wp\/v2\/product_tag?post=31589"}],"curies":[{"name":"wp","href":"https:\/\/api.w.org\/{rel}","templated":true}]}}