{"id":31594,"date":"2025-03-04T22:40:43","date_gmt":"2025-03-04T20:40:43","guid":{"rendered":"https:\/\/pomello.ee\/toode\/zola-lash-brow-lifting-set\/"},"modified":"2025-03-04T22:40:43","modified_gmt":"2025-03-04T20:40:43","slug":"zola-lash-brow-lifting-set","status":"publish","type":"product","link":"https:\/\/pomello.ee\/fi\/toode\/zola-lash-brow-lifting-set\/","title":{"rendered":"ZOLA Lash &#038; Brow Lifting SET"},"content":{"rendered":"<h3><strong>Setti sis\u00e4lt\u00e4\u00e4:<\/strong><\/h3>\n<p><strong>1. Step 1 Lifting Gel \u2013 Kohotusgeeli (10 ml)<\/strong><br \/>\nEnsimm\u00e4inen vaihe Zola kulmakarvojen laminointij\u00e4rjestelm\u00e4ss\u00e4.<\/p>\n<ul>\n<li>P\u00e4\u00e4asiallinen vaikuttava aine on <strong>tioglykolaatti<\/strong>, joka hajottaa hiusten rikkisidoksia.<\/li>\n<li>Seuraavaksi <strong>ammoniumhydroksidi<\/strong> avaa hiussuomut ja nopeuttaa prosessia.<\/li>\n<li>T\u00e4m\u00e4 vaihe tekee karvasta joustavan ja muotoiltavan.<\/li>\n<\/ul>\n<p><strong>2. Step 2 Volume Fixer (10 ml)<\/strong><br \/>\nToinen vaihe Zola kulmakarvojen laminointij\u00e4rjestelm\u00e4ss\u00e4.<\/p>\n<ul>\n<li>T\u00e4m\u00e4 vaihe <strong>kiinnitt\u00e4\u00e4 karvat haluttuun asentoon<\/strong>.<\/li>\n<li>Levit\u00e4 <strong>vaihe 2 samalla tavalla ja samassa m\u00e4\u00e4r\u00e4ss\u00e4 kuin vaihe 1<\/strong>.<\/li>\n<\/ul>\n<p><strong>3. Step 3 Keratin Serum \u2013 Keratiini Seerumi (10 ml)<\/strong><br \/>\nKolmas vaihe Zola kulmakarvojen laminointij\u00e4rjestelm\u00e4ss\u00e4, joka on ainutlaatuinen hoitotuote kulmakarvoille ja ripsille.<\/p>\n<ul>\n<li>Sis\u00e4lt\u00e4\u00e4 ravitsevia ainesosia, kuten:\n<ul>\n<li><strong>Hydrolysoitu keratiini<\/strong> \u2013 vahvistaa ja suojaa<\/li>\n<li><strong>Glyseriini<\/strong> \u2013 kosteuttaa<\/li>\n<li><strong>Pantenoli<\/strong> \u2013 rauhoittaa ja uudistaa<\/li>\n<li><strong>Maitohappo<\/strong> \u2013 edist\u00e4\u00e4 hiusten hyvinvointia<\/li>\n<\/ul>\n<\/li>\n<li>Hoitavat ainesosat <strong>imeytyv\u00e4t karvoihin muutamassa minuutissa<\/strong>, tunkeutuvat syv\u00e4lle ja vahvistavat niit\u00e4.<\/li>\n<li>Ei j\u00e4t\u00e4 rasvaista lopputulosta.<\/li>\n<\/ul>\n<p>\ud83d\udce6 <strong>Sis\u00e4lt\u00f6:<\/strong> 10 ml<br \/>\n\ud83d\udcc6 <strong>Kestoavaamisen j\u00e4lkeen:<\/strong> 6 kuukautta<\/p>\n<hr \/>\n<h3><strong>Ripsien laminointi<\/strong><\/h3>\n<p>\ud83d\udd39 <strong>Toimenpide:<\/strong><\/p>\n<ol>\n<li>Suojaa alaripset <strong>silm\u00e4lapuilla<\/strong>.<\/li>\n<li><strong>Puhdista ja valmistele yl\u00e4luomen ripset<\/strong> primerilla.<\/li>\n<li>Valitse <strong>silikonimuotti<\/strong>, kiinnit\u00e4 se <strong>l\u00e4pin\u00e4kyv\u00e4ll\u00e4 liimalla<\/strong> ja aseta ripset sen p\u00e4\u00e4lle.<\/li>\n<li>Levit\u00e4 <strong>Step 1<\/strong> ja anna vaikuttaa <strong>5-8-10 minuuttia<\/strong>.<\/li>\n<li>Pyyhi pois <strong>Step 1<\/strong> ja levit\u00e4 <strong>Step 2<\/strong>. Anna vaikuttaa <strong>5-8-10 minuuttia<\/strong>.<\/li>\n<li>Pyyhi pois <strong>Step 2<\/strong>, poista silikonimuotti ja levit\u00e4 lopuksi <strong>keratiinihoito<\/strong>.<\/li>\n<\/ol>\n<hr \/>\n<h3><strong>Kulmien laminointi<\/strong><\/h3>\n<p>\ud83d\udd39 <strong>K\u00e4ytt\u00f6ohje:<\/strong><\/p>\n<ol>\n<li><strong>Levit\u00e4 runsas kerros<\/strong> Step 1 -emulsiota kulmakarvoille yl\u00f6sp\u00e4in suuntautuvin vedoin.<\/li>\n<li>Kun emulsio on levitetty, <strong>peit\u00e4 kulmat muovikelmulla<\/strong> ja toista toiselle kulmalle.<\/li>\n<li>T\u00e4m\u00e4 vaihe <strong>pehment\u00e4\u00e4 luonnollisia karvoja<\/strong>, jolloin niit\u00e4 voidaan muotoilla haluttuun suuntaan.<\/li>\n<li><strong>Toista prosessi 2 minuutin v\u00e4lein<\/strong>, kunnes karvat ovat asettuneet haluttuun muotoon. \u00c4l\u00e4 unohda <strong>peitt\u00e4\u00e4 kulmia muovikelmulla jokaisen k\u00e4sittelyn j\u00e4lkeen<\/strong>.<\/li>\n<li><strong>Kokonaisk\u00e4sittelyaika on 12-14 minuuttia<\/strong> riippuen asiakkaan karvan rakenteesta ja paksuudesta.<\/li>\n<li><strong>Pyyhi pois Step 1 huolellisesti<\/strong>, varmistaen, ettei j\u00e4\u00e4mi\u00e4 ole.<\/li>\n<li><strong>Levit\u00e4 Step 2 haluttuun suuntaan<\/strong> ja peit\u00e4 muovikelmulla. <strong>Toista prosessi 2 minuutin v\u00e4lein<\/strong>. Kokonaisaika <strong>8-10 minuuttia<\/strong>.<\/li>\n<li><strong>Poista Step 2<\/strong>, levit\u00e4 <strong>keratiinihoito<\/strong> ja anna vaikuttaa <strong>5 minuuttia<\/strong>.<\/li>\n<\/ol>\n<p>Tuloksena <strong>t\u00e4ydellisesti muotoillut ja ravitut kulmat &amp; ripset!<\/strong><\/p>\n","protected":false},"excerpt":{"rendered":"<p><strong>ZOLA Lash &amp; Brow Lifting SET \u2013 Ammattimainen ratkaisu ripsien ja kulmien laminointiin<\/strong><\/p>\n<p>ZOLA Lash &amp; Brow Lifting SET tarjoaa t\u00e4ydellisen ammattitason ratkaisun ripsien ja kulmien laminointiin sek\u00e4 kiinnitykseen.<\/p>\n<p>Setti sis\u00e4lt\u00e4\u00e4 <strong>kolme v\u00e4ltt\u00e4m\u00e4t\u00f6nt\u00e4 vaihetta<\/strong>, jotka takaavat onnistuneen ripsien lash lift -k\u00e4sittelyn ja kulmien laminoinnin.<\/p>\n<p><strong>ZOLA Kulmien ja Ripsien Laminointij\u00e4rjestelm\u00e4<\/strong> toimii nopeasti ja luotettavasti samalla, kun sen miellytt\u00e4v\u00e4 koostumus helpottaa k\u00e4ytt\u00f6\u00e4.<\/p>\n<p>\ud83d\udd39 <strong>Keskeiset ainesosat:<\/strong><\/p>\n<ul>\n<li><strong>Hydrolysoitu keratiini<\/strong> \u2013 vahvistaa ja suojaa karvoja<\/li>\n<li><strong>Setearyylialkoholi<\/strong> \u2013 kosteuttaa ja pehment\u00e4\u00e4<\/li>\n<li><strong>Urea<\/strong> \u2013 auttaa v\u00e4hent\u00e4m\u00e4\u00e4n hiusten vaurioita ja ehk\u00e4isee kuivumista<\/li>\n<\/ul>\n<p>ZOLA Lash &amp; Brow Lifting SET on ihanteellinen valinta kauniiden, kest\u00e4vien ja ravittujen ripsien ja kulmien saavuttamiseksi.<\/p>\n","protected":false},"featured_media":31557,"comment_status":"open","ping_status":"closed","template":"","meta":{"_monsterinsights_skip_tracking":false,"_monsterinsights_sitenote_active":false,"_monsterinsights_sitenote_note":"","_monsterinsights_sitenote_category":0},"product_brand":[],"product_cat":[476,517,899,477,516,1206,475],"product_tag":[],"class_list":{"0":"post-31594","1":"product","2":"type-product","3":"status-publish","4":"has-post-thumbnail","6":"product_cat-kulmakarvat","7":"product_cat-emulsiot","8":"product_cat-emulsiot-fi","9":"product_cat-kulmien-laminointi","10":"product_cat-lash-lift-fi","11":"product_cat-lash-lift-laminointisetit","12":"product_cat-ripset","13":"pa_brand-zola-fi","14":"pa_suurus-3-x-10-ml-fi","16":"first","17":"instock","18":"sale","19":"taxable","20":"shipping-taxable","21":"purchasable","22":"product-type-simple"},"_links":{"self":[{"href":"https:\/\/pomello.ee\/fi\/wp-json\/wp\/v2\/product\/31594","targetHints":{"allow":["GET"]}}],"collection":[{"href":"https:\/\/pomello.ee\/fi\/wp-json\/wp\/v2\/product"}],"about":[{"href":"https:\/\/pomello.ee\/fi\/wp-json\/wp\/v2\/types\/product"}],"replies":[{"embeddable":true,"href":"https:\/\/pomello.ee\/fi\/wp-json\/wp\/v2\/comments?post=31594"}],"wp:featuredmedia":[{"embeddable":true,"href":"https:\/\/pomello.ee\/fi\/wp-json\/wp\/v2\/media\/31557"}],"wp:attachment":[{"href":"https:\/\/pomello.ee\/fi\/wp-json\/wp\/v2\/media?parent=31594"}],"wp:term":[{"taxonomy":"product_brand","embeddable":true,"href":"https:\/\/pomello.ee\/fi\/wp-json\/wp\/v2\/product_brand?post=31594"},{"taxonomy":"product_cat","embeddable":true,"href":"https:\/\/pomello.ee\/fi\/wp-json\/wp\/v2\/product_cat?post=31594"},{"taxonomy":"product_tag","embeddable":true,"href":"https:\/\/pomello.ee\/fi\/wp-json\/wp\/v2\/product_tag?post=31594"}],"curies":[{"name":"wp","href":"https:\/\/api.w.org\/{rel}","templated":true}]}}