{"id":31613,"date":"2025-03-05T13:16:02","date_gmt":"2025-03-05T11:16:02","guid":{"rendered":"https:\/\/pomello.ee\/toode\/alemmat-silikonityynyt-pinkki\/"},"modified":"2025-03-05T13:16:02","modified_gmt":"2025-03-05T11:16:02","slug":"alemmat-silikonityynyt-pinkki","status":"publish","type":"product","link":"https:\/\/pomello.ee\/fi\/toode\/alemmat-silikonityynyt-pinkki\/","title":{"rendered":"Alemmat silikonityynyt Pinkki"},"content":{"rendered":"","protected":false},"excerpt":{"rendered":"<p><strong>Alemmat silikonityynyt Pinkki<\/strong> on suunniteltu leve\u00e4ll\u00e4 pinnalla ja niiss\u00e4 on tarttuva kerros, jonka avulla ne tarttuvat ihoon hydrogeelilaastareina ja toimivat samalla suojana silm\u00e4nymp\u00e4rysiholle kemiallisen v\u00e4rj\u00e4yksen ja alempien ripsien taivutuksen aikana. T\u00e4m\u00e4 2-in-1-toiminto tarjoaa vertaansa vailla olevan monipuolisuuden ja mukavuuden saumattomaan kokemukseen.<\/p>\n","protected":false},"featured_media":31603,"comment_status":"open","ping_status":"closed","template":"","meta":{"_monsterinsights_skip_tracking":false,"_monsterinsights_sitenote_active":false,"_monsterinsights_sitenote_note":"","_monsterinsights_sitenote_category":0},"product_brand":[],"product_cat":[516,521,972],"product_tag":[],"class_list":{"0":"post-31613","1":"product","2":"type-product","3":"status-publish","4":"has-post-thumbnail","6":"product_cat-lash-lift-fi","7":"product_cat-silikonityynyt","8":"product_cat-silikonimuotit-alemmille-ripsille","9":"pa_brand-pomello-fi","11":"first","12":"outofstock","13":"taxable","14":"shipping-taxable","15":"purchasable","16":"product-type-simple"},"_links":{"self":[{"href":"https:\/\/pomello.ee\/fi\/wp-json\/wp\/v2\/product\/31613","targetHints":{"allow":["GET"]}}],"collection":[{"href":"https:\/\/pomello.ee\/fi\/wp-json\/wp\/v2\/product"}],"about":[{"href":"https:\/\/pomello.ee\/fi\/wp-json\/wp\/v2\/types\/product"}],"replies":[{"embeddable":true,"href":"https:\/\/pomello.ee\/fi\/wp-json\/wp\/v2\/comments?post=31613"}],"wp:featuredmedia":[{"embeddable":true,"href":"https:\/\/pomello.ee\/fi\/wp-json\/wp\/v2\/media\/31603"}],"wp:attachment":[{"href":"https:\/\/pomello.ee\/fi\/wp-json\/wp\/v2\/media?parent=31613"}],"wp:term":[{"taxonomy":"product_brand","embeddable":true,"href":"https:\/\/pomello.ee\/fi\/wp-json\/wp\/v2\/product_brand?post=31613"},{"taxonomy":"product_cat","embeddable":true,"href":"https:\/\/pomello.ee\/fi\/wp-json\/wp\/v2\/product_cat?post=31613"},{"taxonomy":"product_tag","embeddable":true,"href":"https:\/\/pomello.ee\/fi\/wp-json\/wp\/v2\/product_tag?post=31613"}],"curies":[{"name":"wp","href":"https:\/\/api.w.org\/{rel}","templated":true}]}}