{"id":31615,"date":"2025-03-05T13:33:55","date_gmt":"2025-03-05T11:33:55","guid":{"rendered":"https:\/\/pomello.ee\/toode\/zola-btx-cure-15ml\/"},"modified":"2025-03-07T12:46:21","modified_gmt":"2025-03-07T10:46:21","slug":"zola-btx-cure-15ml","status":"publish","type":"product","link":"https:\/\/pomello.ee\/fi\/toode\/zola-btx-cure-15ml\/","title":{"rendered":"ZOLA BTX Cure 1,5ml"},"content":{"rendered":"<p><strong>K\u00e4ytt\u00f6ohjeet:<\/strong><\/p>\n<p><strong>Levitys:<\/strong><\/p>\n<ul>\n<li>Levit\u00e4 koostumus ripsiin mikroharjalla alkaen 2 mm et\u00e4isyydelt\u00e4 juurista tai koko kulmakarvoille.<\/li>\n<li>Anna vaikuttaa <strong>3-7 minuuttia<\/strong> imeytymist\u00e4 varten.<\/li>\n<li>Poista ylim\u00e4\u00e4r\u00e4inen tuote mikroharjalla tai vanulapulla.<\/li>\n<\/ul>\n<p><strong>Suositukset:<\/strong><\/p>\n<ul>\n<li><strong>BTX-seerumia suositellaan k\u00e4ytett\u00e4v\u00e4ksi<\/strong> <strong>laminointik\u00e4sittelyn j\u00e4lkeen<\/strong> ja <strong>ennen ripsien tai kulmakarvojen v\u00e4rj\u00e4yst\u00e4<\/strong>.<\/li>\n<\/ul>\n","protected":false},"excerpt":{"rendered":"<p><strong>ZOLA BTX Cure &#8211; Intensiivinen palauttava hoito kulmakarvoille ja ripsille<\/strong><\/p>\n<p><strong>ZOLA BTX<\/strong> on vallankumouksellinen hoitotuote, joka on suunniteltu erityisesti vaurioituneiden kulmakarvojen ja ripsien korjaamiseen sek\u00e4 kasvun stimuloimiseen. Sen ravitseva koostumus, joka sis\u00e4lt\u00e4\u00e4 <strong>hydrolysoitua serisiini\u00e4, fibroiinia, keratiinia ja kollageenia<\/strong>, tarjoaa syv\u00e4vaikutteista hoitoa ja vahvistaa karvoja tehokkaasti.<\/p>\n<h3><strong>Miksi valita ZOLA BTX?<\/strong><\/h3>\n<p>\u2714 <strong>Korjaava koostumus:<\/strong> Auttaa vaurioituneiden karvojen palautumisessa ja stimuloi niiden kasvua.<br \/>\n\u2714 <strong>Ravinnerikas aktiiviainekompleksi:<\/strong> Sis\u00e4lt\u00e4\u00e4 <strong>kollageenia, fytosteroideja ja bioflavonoideja<\/strong>, jotka suojaavat ja vahvistavat karvoja.<br \/>\n\u2714 <strong>Intensiivinen ravitseva vaikutus:<\/strong> <strong>Kameliansiemen\u00f6ljy, krambi\u00f6ljy ja pantenoli<\/strong> kosteuttavat ja pehment\u00e4v\u00e4t karvoja.<br \/>\n\u2714 <strong>Kiiltoa ja elinvoimaa:<\/strong> Antaa kulmakarvoille ja ripsille luonnollisen terveen kiillon.<br \/>\n\u2714 <strong>Kasvun stimulointi:<\/strong> Tukee karvojen luonnollista kasvua, tehden niist\u00e4 paksummat ja vahvemmat.<br \/>\n\u2714 <strong>Silottava vaikutus:<\/strong> Parantaa karvan rakennetta ja tekee niist\u00e4 joustavammat.<\/p>\n<p>Tuote on <strong>vaaleanpunaisen v\u00e4rinen<\/strong>.<\/p>\n","protected":false},"featured_media":31607,"comment_status":"open","ping_status":"closed","template":"","meta":{"_monsterinsights_skip_tracking":false,"_monsterinsights_sitenote_active":false,"_monsterinsights_sitenote_note":"","_monsterinsights_sitenote_category":0},"product_brand":[],"product_cat":[476,899,517,518,923,477,516,475],"product_tag":[],"class_list":{"0":"post-31615","1":"product","2":"type-product","3":"status-publish","4":"has-post-thumbnail","6":"product_cat-kulmakarvat","7":"product_cat-emulsiot-fi","8":"product_cat-emulsiot","9":"product_cat-jalkihoito","10":"product_cat-jalkihoito-ja-kosteuttaminen","11":"product_cat-kulmien-laminointi","12":"product_cat-lash-lift-fi","13":"product_cat-ripset","14":"pa_brand-zola-fi","15":"pa_suurus-15-ml-2-fi","17":"first","18":"outofstock","19":"taxable","20":"shipping-taxable","21":"purchasable","22":"product-type-simple"},"_links":{"self":[{"href":"https:\/\/pomello.ee\/fi\/wp-json\/wp\/v2\/product\/31615","targetHints":{"allow":["GET"]}}],"collection":[{"href":"https:\/\/pomello.ee\/fi\/wp-json\/wp\/v2\/product"}],"about":[{"href":"https:\/\/pomello.ee\/fi\/wp-json\/wp\/v2\/types\/product"}],"replies":[{"embeddable":true,"href":"https:\/\/pomello.ee\/fi\/wp-json\/wp\/v2\/comments?post=31615"}],"wp:featuredmedia":[{"embeddable":true,"href":"https:\/\/pomello.ee\/fi\/wp-json\/wp\/v2\/media\/31607"}],"wp:attachment":[{"href":"https:\/\/pomello.ee\/fi\/wp-json\/wp\/v2\/media?parent=31615"}],"wp:term":[{"taxonomy":"product_brand","embeddable":true,"href":"https:\/\/pomello.ee\/fi\/wp-json\/wp\/v2\/product_brand?post=31615"},{"taxonomy":"product_cat","embeddable":true,"href":"https:\/\/pomello.ee\/fi\/wp-json\/wp\/v2\/product_cat?post=31615"},{"taxonomy":"product_tag","embeddable":true,"href":"https:\/\/pomello.ee\/fi\/wp-json\/wp\/v2\/product_tag?post=31615"}],"curies":[{"name":"wp","href":"https:\/\/api.w.org\/{rel}","templated":true}]}}