{"id":31617,"date":"2025-03-05T13:49:18","date_gmt":"2025-03-05T11:49:18","guid":{"rendered":"https:\/\/pomello.ee\/toode\/zola-browlash-keratin-serum-10ml\/"},"modified":"2025-03-05T13:49:18","modified_gmt":"2025-03-05T11:49:18","slug":"zola-browlash-keratin-serum-10ml","status":"publish","type":"product","link":"https:\/\/pomello.ee\/fi\/toode\/zola-browlash-keratin-serum-10ml\/","title":{"rendered":"ZOLA Brow&#038;Lash Keratin Serum 10ml"},"content":{"rendered":"<p><strong>K\u00e4ytt\u00f6ohjeet:<\/strong><\/p>\n<p>Levit\u00e4 <strong>vaiheen 3 tuote (Keratin Serum)<\/strong> lopullisen k\u00e4sittelyn viimeistelemiseksi ja anna vaikuttaa <strong>2-3 minuuttia<\/strong>, kunnes se on t\u00e4ysin imeytynyt.<br \/>\nKeratiiniseerumin ainesosat kosteuttavat ja palauttavat karvan rakennetta maksimaalisesti sek\u00e4 vahvistavat saavutettua lopputulosta.<br \/>\n<strong>Tuotetta ei tarvitse huuhdella pois.<\/strong><\/p>\n<p><strong>P\u00e4\u00e4ominaisuudet:<\/strong><\/p>\n<p>\u2714 <strong>Hydrolysoitu keratiini<\/strong><br \/>\n\u2714 <strong>Glyseriini<\/strong><br \/>\n\u2714 <strong>Pantenoli<\/strong><br \/>\n\u2714 <strong>Maitohappo<\/strong><br \/>\n\u2714 <strong>pH-taso 5-6<\/strong><br \/>\n\u2714 <strong>Nopea imeytyminen<\/strong><br \/>\n\u2714 <strong>Ei j\u00e4t\u00e4 rasvaista tunnetta<\/strong><\/p>\n<p>ZOLA <strong>Keratin Serum<\/strong> on t\u00e4ydellinen valinta kaikille, jotka haluavat tarjota ripsille ja kulmille <strong>intensiivist\u00e4 hoitoa, vahvistusta ja kosteutusta<\/strong> laminointik\u00e4sittelyn j\u00e4lkeen.<\/p>\n","protected":false},"excerpt":{"rendered":"<p><strong>ZOLA Brow&amp;Lash Keratin Serum \u2013 Intensiivinen hoito ripsille ja kulmille<\/strong><\/p>\n<p>ZOLA <strong>Keratin Serum<\/strong> on ainutlaatuinen hoitotuote, joka on suunniteltu erityisesti <strong>kulmien ja ripsien ravitsemiseen ja kosteuttamiseen<\/strong>. Se sis\u00e4lt\u00e4\u00e4 <strong>hydrolysoitua keratiinia, glyseriini\u00e4, pantenolia ja maitohappoa<\/strong>, jotka tunkeutuvat syv\u00e4lle karvaan ja vahvistavat sit\u00e4 sis\u00e4lt\u00e4p\u00e4in.<\/p>\n<h3><strong>Miksi valita ZOLA Keratin Serum?<\/strong><\/h3>\n<p>\u2714 <strong>Syv\u00e4kosteutus ja ravitseva vaikutus<\/strong> \u2013 Hydrolysoitu keratiini, glyseriini ja pantenoli kosteuttavat ja hoitavat karvoja perusteellisesti.<br \/>\n\u2714 <strong>Vahvistava vaikutus<\/strong> \u2013 Maitohappo vahvistaa karvan rakennetta, tehden siit\u00e4 joustavamman ja kest\u00e4v\u00e4mm\u00e4n.<br \/>\n\u2714 <strong>Nopea imeytyminen<\/strong> \u2013 Aktiiviset ainesosat imeytyv\u00e4t muutamassa minuutissa j\u00e4tt\u00e4m\u00e4tt\u00e4 rasvaista tunnetta.<br \/>\n\u2714 <strong>Optimaalinen pH-taso<\/strong> \u2013 pH <strong>5-6<\/strong> takaa hell\u00e4varaisen mutta tehokkaan hoidon.<br \/>\n\u2714 <strong>Helppo k\u00e4ytt\u00f6<\/strong> \u2013 Levit\u00e4 seerumi laminointiprosessin viimeistelyvaiheessa.<\/p>\n<p>ZOLA Keratin Serum tarjoaa ripsille ja kulmille intensiivist\u00e4 hoitoa ja vahvistusta, j\u00e4tt\u00e4en ne terveiksi, kiilt\u00e4viksi ja hyvin kosteutetuiksi.<\/p>\n","protected":false},"featured_media":31611,"comment_status":"open","ping_status":"closed","template":"","meta":{"_monsterinsights_skip_tracking":false,"_monsterinsights_sitenote_active":false,"_monsterinsights_sitenote_note":"","_monsterinsights_sitenote_category":0},"product_brand":[],"product_cat":[899,517,518,923,477,516,475],"product_tag":[],"class_list":{"0":"post-31617","1":"product","2":"type-product","3":"status-publish","4":"has-post-thumbnail","6":"product_cat-emulsiot-fi","7":"product_cat-emulsiot","8":"product_cat-jalkihoito","9":"product_cat-jalkihoito-ja-kosteuttaminen","10":"product_cat-kulmien-laminointi","11":"product_cat-lash-lift-fi","12":"product_cat-ripset","13":"pa_brand-zola-fi","14":"pa_suurus-10-ml-fi","16":"first","17":"outofstock","18":"taxable","19":"shipping-taxable","20":"purchasable","21":"product-type-simple"},"_links":{"self":[{"href":"https:\/\/pomello.ee\/fi\/wp-json\/wp\/v2\/product\/31617","targetHints":{"allow":["GET"]}}],"collection":[{"href":"https:\/\/pomello.ee\/fi\/wp-json\/wp\/v2\/product"}],"about":[{"href":"https:\/\/pomello.ee\/fi\/wp-json\/wp\/v2\/types\/product"}],"replies":[{"embeddable":true,"href":"https:\/\/pomello.ee\/fi\/wp-json\/wp\/v2\/comments?post=31617"}],"wp:featuredmedia":[{"embeddable":true,"href":"https:\/\/pomello.ee\/fi\/wp-json\/wp\/v2\/media\/31611"}],"wp:attachment":[{"href":"https:\/\/pomello.ee\/fi\/wp-json\/wp\/v2\/media?parent=31617"}],"wp:term":[{"taxonomy":"product_brand","embeddable":true,"href":"https:\/\/pomello.ee\/fi\/wp-json\/wp\/v2\/product_brand?post=31617"},{"taxonomy":"product_cat","embeddable":true,"href":"https:\/\/pomello.ee\/fi\/wp-json\/wp\/v2\/product_cat?post=31617"},{"taxonomy":"product_tag","embeddable":true,"href":"https:\/\/pomello.ee\/fi\/wp-json\/wp\/v2\/product_tag?post=31617"}],"curies":[{"name":"wp","href":"https:\/\/api.w.org\/{rel}","templated":true}]}}