{"id":31657,"date":"2025-03-07T06:56:00","date_gmt":"2025-03-07T04:56:00","guid":{"rendered":"https:\/\/pomello.ee\/toode\/maxymova-developer-18-15-ml\/"},"modified":"2025-03-07T06:56:00","modified_gmt":"2025-03-07T04:56:00","slug":"maxymova-developer-18-15-ml","status":"publish","type":"product","link":"https:\/\/pomello.ee\/fi\/toode\/maxymova-developer-18-15-ml\/","title":{"rendered":"MAXYMOVA Developer 1,8% 15 ml"},"content":{"rendered":"<p><strong>T\u00e4rke\u00e4 Turvallisuustieto:<\/strong><\/p>\n<ul>\n<li>Vain <strong>ammattilaisk\u00e4ytt\u00f6\u00f6n<\/strong>.<\/li>\n<li><strong>Kosmeettinen tuote vain ulkoiseen k\u00e4ytt\u00f6\u00f6n<\/strong>.<\/li>\n<li>Noudata <strong>k\u00e4ytt\u00f6ohjeita<\/strong> tarkasti.<\/li>\n<\/ul>\n<p><strong>T\u00e4m\u00e4 tuote voi aiheuttaa allergisia reaktioita.<\/strong> <strong>\u00c4l\u00e4 k\u00e4yt\u00e4 tuotetta, jos:<\/strong><\/p>\n<ul>\n<li>Iholla on <strong>avohaavoja tai \u00e4rsytyst\u00e4<\/strong>.<\/li>\n<li>Olet aiemmin saanut <strong>allergisen reaktion<\/strong> tuotteelle.<\/li>\n<li>K\u00e4yt\u00f6n aikana ilmenee <strong>polttelua tai punoitusta<\/strong>, poista tuote <strong>v\u00e4litt\u00f6m\u00e4sti<\/strong> ja lopeta k\u00e4ytt\u00f6. N\u00e4m\u00e4 oireet voivat viitata <strong>vakavaan allergiseen reaktioon<\/strong>. On suositeltavaa <strong>konsultoida l\u00e4\u00e4k\u00e4ri\u00e4<\/strong> ja noudattaa h\u00e4nen ohjeitaan ennen uudelleenk\u00e4ytt\u00f6\u00e4.<\/li>\n<\/ul>\n<h3><strong>Lis\u00e4varotoimet:<\/strong><\/h3>\n<ul>\n<li>K\u00e4yt\u00e4 <strong>valmistettua seosta heti<\/strong> ja h\u00e4vit\u00e4 mahdolliset j\u00e4\u00e4m\u00e4t; <strong>v\u00e4ri ei ole uudelleenk\u00e4ytett\u00e4v\u00e4<\/strong>.<\/li>\n<li><strong>Huuhtele v\u00e4litt\u00f6m\u00e4sti<\/strong> kaikki iholle tai vaatteille joutuneet roiskeet vedell\u00e4.<\/li>\n<li><strong>\u00c4l\u00e4 ylit\u00e4<\/strong> suositeltua vaikutusaikaa.<\/li>\n<li><strong>Hapetin sis\u00e4lt\u00e4\u00e4 vetyperoksidia<\/strong>.<\/li>\n<li>Suorita <strong>ihotesti 48 tuntia ennen k\u00e4ytt\u00f6\u00e4<\/strong> allergisten reaktioiden tarkistamiseksi.<\/li>\n<li>Tuotetta <strong>saavat k\u00e4ytt\u00e4\u00e4 vain riitt\u00e4v\u00e4sti koulutetut ammattilaiset<\/strong>.<\/li>\n<li>K\u00e4yt\u00e4 <strong>suojak\u00e4sineit\u00e4<\/strong> levityksen aikana.<\/li>\n<li><strong>S\u00e4ilyt\u00e4 viile\u00e4ss\u00e4 ja kuivassa paikassa<\/strong>, poissa l\u00e4mm\u00f6nl\u00e4hteist\u00e4 ja suorasta valosta.<\/li>\n<\/ul>\n<h3><strong>K\u00e4ytt\u00f6ohjeet:<\/strong><\/h3>\n<ol>\n<li><strong>Puhdista kulmat<\/strong> MAXYMOVA-puhdistusvaahdolla.<\/li>\n<li><strong>Valmista seos:<\/strong> Sekoita huolellisesti <strong>1,5 tippaa MAXYMOVA-kermahapetinta<\/strong> ja <strong>1 tippa v\u00e4riainetta<\/strong>.<\/li>\n<\/ol>\n<p><strong>Huomio:<\/strong><\/p>\n<ul>\n<li>K\u00e4yt\u00e4 <strong>vain MAXYMOVA-hapetinta<\/strong> kulmav\u00e4rin sekoittamiseen.<\/li>\n<li><strong>V\u00e4lt\u00e4 metallity\u00f6kaluja<\/strong> v\u00e4rin valmistuksessa ja levityksess\u00e4. Suosi <strong>ei-metallista sivellint\u00e4 ja astiaa<\/strong> (esim. Nanopad tai muovikuppi) sekoittamiseen.<\/li>\n<li><strong>Levit\u00e4 v\u00e4ri kulmakarvojen kasvusuuntaan<\/strong>. Voit valita <strong>saman s\u00e4vyn kuin kulmat<\/strong> tai valita <strong>yhden tai kaksi s\u00e4vy\u00e4 vaaleamman<\/strong>, riippuen asiakkaan luonnollisesta hiusv\u00e4rist\u00e4.<\/li>\n<li><strong>Vaikutusaika:<\/strong> Minimi <strong>2 minuuttia<\/strong>, maksimi <strong>10 minuuttia<\/strong>, riippuen halutun v\u00e4rin voimakkuudesta. Muista: <strong>pidempi vaikutusaika antaa intensiivisemm\u00e4n lopputuloksen<\/strong>.<\/li>\n<li>Vaikutusajan p\u00e4\u00e4tytty\u00e4 <strong>poista v\u00e4ri hell\u00e4varaisesti vanulapulla tai vanupuikolla<\/strong>, huuhtele sitten <strong>huolellisesti vedell\u00e4<\/strong>.<\/li>\n<\/ul>\n","protected":false},"excerpt":{"rendered":"<p><strong>MAXYMOVA Kermaperoksidi 1,8% kulmille \u2013 Hell\u00e4varainen ja tehokas hapetin<\/strong><\/p>\n<p>MAXYMOVA Kermaperoksidi 1,8% on kehitetty erityisesti <strong>ammattilaisk\u00e4ytt\u00f6\u00f6n<\/strong> MAXYMOVA Liquid Hybrid Dye -nestem\u00e4isten v\u00e4rien kanssa, jotka on suunniteltu <strong>pitk\u00e4kestoiseen ripsien ja kulmien v\u00e4rj\u00e4ykseen<\/strong>.<\/p>\n<p>Matala <strong>vetyperoksidipitoisuus (1,8%)<\/strong> takaa <strong>hell\u00e4varaisen ja suojaavan vaikutuksen<\/strong>, s\u00e4ilytt\u00e4en karvan rakenteen ja minimoiden vaurioita laminoinnin ja v\u00e4rj\u00e4yksen aikana.<\/p>\n<p>Sen ainutlaatuinen koostumus takaa <strong>tasaisen sekoittuvuuden ja tarkan v\u00e4rj\u00e4ystuloksen<\/strong>, antaen <strong>syv\u00e4n ja pitk\u00e4kestoisen s\u00e4vyn<\/strong>.<\/p>\n<p>T\u00e4m\u00e4 hapetin on <strong>t\u00e4ydellinen valinta ammattilaisille<\/strong>, jotka etsiv\u00e4t <strong>turvallisia ja luotettavia tuloksia ripsien ja kulmien laminointiin sek\u00e4 v\u00e4rj\u00e4ykseen<\/strong>.<\/p>\n<h3><strong>T\u00e4rkeimm\u00e4t ominaisuudet ja edut:<\/strong><\/h3>\n<p>\u2714 <strong>T\u00e4ydellinen suorituskyky:<\/strong> 1,8 % hapetin toimii tehokkaasti ja hell\u00e4varaisesti, tarjoten <strong>tasaisen ja intensiivisen v\u00e4rin<\/strong>samalla suojaten karvan rakennetta.<\/p>\n<p>\u2714 <strong>Laadukas pakkaus:<\/strong> K\u00e4tev\u00e4 <strong>15 ml tuubi<\/strong>, joka takaa <strong>helpon ja tarkan annostelun<\/strong>, minimoi h\u00e4vikin ja varmistaa maksimaalisen hygienian.<\/p>\n<p>\u2714 <strong>Ammattimaiset tulokset:<\/strong> Tuo esiin <strong>syv\u00e4t ja pitk\u00e4kestoiset v\u00e4rit<\/strong>, t\u00e4ydellinen <strong>kulmien ja ripsien v\u00e4rj\u00e4ys- ja laminointimenetelmiin<\/strong>.<\/p>\n<p>\u2714 <strong>T\u00e4ydellinen emulsio:<\/strong> Takaa <strong>tasaisen sekoituksen<\/strong> v\u00e4riaineen kanssa, luoden <strong>virheett\u00f6m\u00e4n lopputuloksen<\/strong>.<\/p>\n<p>\u2714 <strong>Hell\u00e4varainen koostumus:<\/strong> Matala vetyperoksidipitoisuus <strong>minimoi vaurioita<\/strong>, suojaten kulmia ja ripsi\u00e4.<\/p>\n","protected":false},"featured_media":31636,"comment_status":"open","ping_status":"closed","template":"","meta":{"_monsterinsights_skip_tracking":false,"_monsterinsights_sitenote_active":false,"_monsterinsights_sitenote_note":"","_monsterinsights_sitenote_category":0},"product_brand":[],"product_cat":[476,901,479],"product_tag":[],"class_list":{"0":"post-31657","1":"product","2":"type-product","3":"status-publish","4":"has-post-thumbnail","6":"product_cat-kulmakarvat","7":"product_cat-developers","8":"product_cat-ripsien-ja-kulmakarvojen-varit-fi","9":"pa_brand-maxymova-fi","10":"pa_suurus-15-ml-fi","12":"first","13":"instock","14":"taxable","15":"shipping-taxable","16":"purchasable","17":"product-type-simple"},"_links":{"self":[{"href":"https:\/\/pomello.ee\/fi\/wp-json\/wp\/v2\/product\/31657","targetHints":{"allow":["GET"]}}],"collection":[{"href":"https:\/\/pomello.ee\/fi\/wp-json\/wp\/v2\/product"}],"about":[{"href":"https:\/\/pomello.ee\/fi\/wp-json\/wp\/v2\/types\/product"}],"replies":[{"embeddable":true,"href":"https:\/\/pomello.ee\/fi\/wp-json\/wp\/v2\/comments?post=31657"}],"wp:featuredmedia":[{"embeddable":true,"href":"https:\/\/pomello.ee\/fi\/wp-json\/wp\/v2\/media\/31636"}],"wp:attachment":[{"href":"https:\/\/pomello.ee\/fi\/wp-json\/wp\/v2\/media?parent=31657"}],"wp:term":[{"taxonomy":"product_brand","embeddable":true,"href":"https:\/\/pomello.ee\/fi\/wp-json\/wp\/v2\/product_brand?post=31657"},{"taxonomy":"product_cat","embeddable":true,"href":"https:\/\/pomello.ee\/fi\/wp-json\/wp\/v2\/product_cat?post=31657"},{"taxonomy":"product_tag","embeddable":true,"href":"https:\/\/pomello.ee\/fi\/wp-json\/wp\/v2\/product_tag?post=31657"}],"curies":[{"name":"wp","href":"https:\/\/api.w.org\/{rel}","templated":true}]}}