{"id":31659,"date":"2025-03-07T07:19:59","date_gmt":"2025-03-07T05:19:59","guid":{"rendered":"https:\/\/pomello.ee\/toode\/maxymova-lift-curl-silikonimuotit\/"},"modified":"2025-04-01T13:48:34","modified_gmt":"2025-04-01T11:48:34","slug":"maxymova-lift-curl-silikonimuotit","status":"publish","type":"product","link":"https:\/\/pomello.ee\/fi\/toode\/maxymova-lift-curl-silikonimuotit\/","title":{"rendered":"MAXYMOVA Lift &#038; Curl silikonimuotit"},"content":{"rendered":"","protected":false},"excerpt":{"rendered":"<p><strong>MAXYMOVA Lift &amp; Curl -silikonimuotit \u2013 T\u00e4ydellinen valinta ripsien kestotaivutukseen<\/strong><\/p>\n<p>MAXYMOVA Lift &amp; Curl -silikonimuottien <strong>universaali setti<\/strong> sis\u00e4lt\u00e4\u00e4 <strong>8 eri kokoa<\/strong>, mik\u00e4 takaa t\u00e4ydellisen istuvuuden kaikille silm\u00e4nmuodoille. <strong>Pehme\u00e4st\u00e4 silikonista<\/strong> valmistetut muotit tarjoavat asiakkaalle <strong>maksimaalisen mukavuuden<\/strong>k\u00e4sittelyn aikana.<\/p>\n<p>Lis\u00e4ksi muottien <strong>kevyesti hohtava pinta<\/strong> tuo <strong>ylellisen lis\u00e4n<\/strong> k\u00e4sittelyyn ja tekee lopputuloksesta t\u00e4ydellisen <strong>Instagram-kuviin<\/strong>.<\/p>\n<h3><strong>T\u00e4rkeimm\u00e4t ominaisuudet:<\/strong><\/h3>\n<p>\u2714 <strong>8 eri kokoa:<\/strong> Settiin kuuluvat koot <strong>S, M, L, XL, S1, M1, L1 ja XL1<\/strong>, mik\u00e4 mahdollistaa sopivan silikonimuotin valinnan kaikille silm\u00e4nmuodoille.<\/p>\n<p>\u2714 <strong>Eritt\u00e4in pehme\u00e4, hohtava silikoni:<\/strong> Valmistettu <strong>ultrapehme\u00e4st\u00e4 silikonista<\/strong>, joka on hell\u00e4varainen ja mukava silmille. <strong>Kevyt hohde<\/strong> antaa k\u00e4sittelylle ylellisen kosketuksen.<\/p>\n<p>\u2714 <strong>Kaksi eri muotoa:<\/strong><\/p>\n<ul>\n<li><strong>LIFT (Lila):<\/strong> Ihanteellinen <strong>suorille ja yl\u00f6sp\u00e4in kasvaville ripsille<\/strong>, luoden kauniisti nostetun ilmeen.\n<ul>\n<li><strong>Koot:<\/strong> S1, M1, L1, XL1<\/li>\n<\/ul>\n<\/li>\n<li><strong>CURL (Indigo):<\/strong> Sopii <strong>suorille ja alasp\u00e4in kasvaville ripsille<\/strong>, aasialaisille silm\u00e4nmuodoille sek\u00e4 raskaille luomille, antaen kauniisti taivutetun lopputuloksen.\n<ul>\n<li><strong>Koot:<\/strong> S, M, L, XL<\/li>\n<\/ul>\n<\/li>\n<\/ul>\n","protected":false},"featured_media":31643,"comment_status":"open","ping_status":"closed","template":"","meta":{"_monsterinsights_skip_tracking":false,"_monsterinsights_sitenote_active":false,"_monsterinsights_sitenote_note":"","_monsterinsights_sitenote_category":0},"product_brand":[],"product_cat":[475,1249,516,521],"product_tag":[],"class_list":{"0":"post-31659","1":"product","2":"type-product","3":"status-publish","4":"has-post-thumbnail","6":"product_cat-ripset","7":"product_cat-korean-lash-lift-fi","8":"product_cat-lash-lift-fi","9":"product_cat-silikonityynyt","10":"pa_brand-maxymova-fi","12":"first","13":"instock","14":"taxable","15":"shipping-taxable","16":"purchasable","17":"product-type-simple"},"_links":{"self":[{"href":"https:\/\/pomello.ee\/fi\/wp-json\/wp\/v2\/product\/31659","targetHints":{"allow":["GET"]}}],"collection":[{"href":"https:\/\/pomello.ee\/fi\/wp-json\/wp\/v2\/product"}],"about":[{"href":"https:\/\/pomello.ee\/fi\/wp-json\/wp\/v2\/types\/product"}],"replies":[{"embeddable":true,"href":"https:\/\/pomello.ee\/fi\/wp-json\/wp\/v2\/comments?post=31659"}],"wp:featuredmedia":[{"embeddable":true,"href":"https:\/\/pomello.ee\/fi\/wp-json\/wp\/v2\/media\/31643"}],"wp:attachment":[{"href":"https:\/\/pomello.ee\/fi\/wp-json\/wp\/v2\/media?parent=31659"}],"wp:term":[{"taxonomy":"product_brand","embeddable":true,"href":"https:\/\/pomello.ee\/fi\/wp-json\/wp\/v2\/product_brand?post=31659"},{"taxonomy":"product_cat","embeddable":true,"href":"https:\/\/pomello.ee\/fi\/wp-json\/wp\/v2\/product_cat?post=31659"},{"taxonomy":"product_tag","embeddable":true,"href":"https:\/\/pomello.ee\/fi\/wp-json\/wp\/v2\/product_tag?post=31659"}],"curies":[{"name":"wp","href":"https:\/\/api.w.org\/{rel}","templated":true}]}}