{"id":31841,"date":"2025-03-16T09:51:42","date_gmt":"2025-03-16T07:51:42","guid":{"rendered":"https:\/\/pomello.ee\/toode\/mia-pro-lash-lift-shields-pearl-set\/"},"modified":"2025-03-16T09:51:42","modified_gmt":"2025-03-16T07:51:42","slug":"mia-pro-lash-lift-shields-pearl-set","status":"publish","type":"product","link":"https:\/\/pomello.ee\/fi\/toode\/mia-pro-lash-lift-shields-pearl-set\/","title":{"rendered":"MIA PRO Lash Lift Shields Pearl SET"},"content":{"rendered":"<p>&nbsp;<\/p>\n<div id=\"attachment_31816\" style=\"width: 1930px\" class=\"wp-caption alignnone\"><img decoding=\"async\" aria-describedby=\"caption-attachment-31816\" class=\"wp-image-31816 size-full\" src=\"https:\/\/pomello.ee\/wp-content\/uploads\/2025\/03\/Milline-silikoonpadi-valida-1.png\" alt=\"Milline silikoonpadi valida\" width=\"1920\" height=\"1080\" srcset=\"https:\/\/pomello.ee\/wp-content\/uploads\/2025\/03\/Milline-silikoonpadi-valida-1.png 1920w, https:\/\/pomello.ee\/wp-content\/uploads\/2025\/03\/Milline-silikoonpadi-valida-1-300x169.png 300w, https:\/\/pomello.ee\/wp-content\/uploads\/2025\/03\/Milline-silikoonpadi-valida-1-1024x576.png 1024w, https:\/\/pomello.ee\/wp-content\/uploads\/2025\/03\/Milline-silikoonpadi-valida-1-768x432.png 768w, https:\/\/pomello.ee\/wp-content\/uploads\/2025\/03\/Milline-silikoonpadi-valida-1-1536x864.png 1536w, https:\/\/pomello.ee\/wp-content\/uploads\/2025\/03\/Milline-silikoonpadi-valida-1-1200x675.png 1200w, https:\/\/pomello.ee\/wp-content\/uploads\/2025\/03\/Milline-silikoonpadi-valida-1-100x56.png 100w\" sizes=\"(max-width: 1920px) 100vw, 1920px\" \/><p id=\"caption-attachment-31816\" class=\"wp-caption-text\">Milline silikoonpadi valida<\/p><\/div>\n<p><iframe loading=\"lazy\" title=\"MIA PRO LASHES LASH LIFT TOOLS \u261d\ufe0f follow us mia.prolashes, online store miaprolashes.com\" width=\"500\" height=\"281\" src=\"https:\/\/www.youtube.com\/embed\/73dyGen8E3g?feature=oembed\" frameborder=\"0\" allow=\"accelerometer; autoplay; clipboard-write; encrypted-media; gyroscope; picture-in-picture; web-share\" referrerpolicy=\"strict-origin-when-cross-origin\" allowfullscreen><\/iframe><\/p>\n","protected":false},"excerpt":{"rendered":"<p data-sourcepos=\"1:1-1:83\"><strong>MIA PRO LASHES Shields \u2013 T\u00e4ydelliset kaarevat ripset jokaiselle asiakkaalle!<\/strong><\/p>\n<p data-sourcepos=\"3:1-3:31\">Uusi ainutlaatuinen v\u00e4ri: Pearl<\/p>\n<p data-sourcepos=\"5:1-5:248\">MIA Round -tyyppiset silikonityynyt sopivat t\u00e4ydellisesti suorille ja alasp\u00e4in kasvaville ripsille, mutta my\u00f6s luonnollisesti kaareville ripsille. N\u00e4m\u00e4 tyynyt takaavat tasaisen ja tarkan asettelun, auttaen saavuttamaan kauniin ja kest\u00e4v\u00e4n tuloksen.<\/p>\n<p data-sourcepos=\"7:1-7:38\"><strong>Miksi valita MIA Ripsienkohotustyynyt?<\/strong><\/p>\n<p data-sourcepos=\"9:1-13:86\">\u2714 Luonnollinen siirtym\u00e4 \u2013 tasainen siirtym\u00e4alue takaa tarkan asettelun ja ihanteellisen kohotuksen.<\/p>\n<p data-sourcepos=\"9:1-13:86\">\u2714 Vahva, mutta pehme\u00e4 silikoni \u2013 tarjoaa t\u00e4ydellisen tuen ripsille ilman ep\u00e4mukavuutta.<\/p>\n<p data-sourcepos=\"9:1-13:86\">\u2714 Matta viimeistely \u2013 v\u00e4hent\u00e4\u00e4 valon heijastumista ja parantaa n\u00e4kyvyytt\u00e4 toimenpiteen aikana.<\/p>\n<p data-sourcepos=\"9:1-13:86\">\u2714 Maksimaalinen mukavuus \u2013 ei sis\u00e4ll\u00e4 ter\u00e4vi\u00e4 kulmia, tarjoten asiakkaalle miellytt\u00e4v\u00e4n kokemuksen.<\/p>\n<p data-sourcepos=\"9:1-13:86\">\u2714 Helppo k\u00e4ytt\u00f6 \u2013 ei vaadi liimaa kiinnitykseen, tyynyt pysyv\u00e4t luomella ilman liimaa.<\/p>\n<p data-sourcepos=\"15:1-15:39\">Setti sis\u00e4lt\u00e4\u00e4 4 eri kokoa XS, S, M, L.<\/p>\n<p data-sourcepos=\"17:1-17:49\">MIA PRO LASHES \u2013 \u00e4lykkyytt\u00e4 ripsien k\u00e4rkiin asti!<\/p>\n","protected":false},"featured_media":31809,"comment_status":"open","ping_status":"closed","template":"","meta":{"_monsterinsights_skip_tracking":false,"_monsterinsights_sitenote_active":false,"_monsterinsights_sitenote_note":"","_monsterinsights_sitenote_category":0},"product_brand":[],"product_cat":[475,516,521],"product_tag":[],"class_list":{"0":"post-31841","1":"product","2":"type-product","3":"status-publish","4":"has-post-thumbnail","6":"product_cat-ripset","7":"product_cat-lash-lift-fi","8":"product_cat-silikonityynyt","9":"pa_brand-mia-pro-fi","11":"first","12":"outofstock","13":"taxable","14":"shipping-taxable","15":"purchasable","16":"product-type-simple"},"_links":{"self":[{"href":"https:\/\/pomello.ee\/fi\/wp-json\/wp\/v2\/product\/31841","targetHints":{"allow":["GET"]}}],"collection":[{"href":"https:\/\/pomello.ee\/fi\/wp-json\/wp\/v2\/product"}],"about":[{"href":"https:\/\/pomello.ee\/fi\/wp-json\/wp\/v2\/types\/product"}],"replies":[{"embeddable":true,"href":"https:\/\/pomello.ee\/fi\/wp-json\/wp\/v2\/comments?post=31841"}],"wp:featuredmedia":[{"embeddable":true,"href":"https:\/\/pomello.ee\/fi\/wp-json\/wp\/v2\/media\/31809"}],"wp:attachment":[{"href":"https:\/\/pomello.ee\/fi\/wp-json\/wp\/v2\/media?parent=31841"}],"wp:term":[{"taxonomy":"product_brand","embeddable":true,"href":"https:\/\/pomello.ee\/fi\/wp-json\/wp\/v2\/product_brand?post=31841"},{"taxonomy":"product_cat","embeddable":true,"href":"https:\/\/pomello.ee\/fi\/wp-json\/wp\/v2\/product_cat?post=31841"},{"taxonomy":"product_tag","embeddable":true,"href":"https:\/\/pomello.ee\/fi\/wp-json\/wp\/v2\/product_tag?post=31841"}],"curies":[{"name":"wp","href":"https:\/\/api.w.org\/{rel}","templated":true}]}}